{"id":257,"date":"2026-02-26T09:33:56","date_gmt":"2026-02-26T08:33:56","guid":{"rendered":"https:\/\/gh.bs-kronach.de\/?page_id=257"},"modified":"2026-04-13T16:53:40","modified_gmt":"2026-04-13T14:53:40","slug":"team-daha","status":"publish","type":"page","link":"https:\/\/gh.bs-kronach.de\/en\/team-daha\/","title":{"rendered":"Comparison of Shelly Plus Addon with Shelly Plus Uni"},"content":{"rendered":"<h1 class=\"wp-block-heading has-accent-3-color has-text-color has-link-color wp-elements-bcc95d310ee88cf1cc524168083e74aa\">Comparison of Shelly Plus Addon with Shelly Plus Uni<\/h1>\n\n\n\n<p>The <strong>Shelly Plus Addon<\/strong> and the <strong>Shelly Plus Uni<\/strong> are both used to integrate external sensors into the Shelly system. A comparison of these solutions is always useful if the inputs of the primary host device are not sufficient for recording the sensor data. The functionality can either be extended directly via the plug-on Plus Addon or realised as a completely independent module using the Shelly Plus Uni.<\/p>\n\n\n\n<p>The <strong>Shelly Plus AddOn<\/strong> ist eine Erweiterungsplatine f\u00fcr bestimmte Shelly\u2011Modelle (z.\u202fB. Shelly Plus 1 oder 1PM). Sie erg\u00e4nzt diese um zus\u00e4tzliche Eing\u00e4nge wie analoge Sensoren, Temperatursensoren (DS18B20) oder Schalter. Das AddOn selbst funktioniert nicht eigenst\u00e4ndig, sondern erweitert die Funktionen des Hauptger\u00e4ts.<\/p>\n\n\n\n<p>The <strong>Shelly Plus Uni<\/strong> hingegen ist ein eigenst\u00e4ndiges, universelles Modul. Es kann direkt Sensoren oder Schalter einbinden, zwei Ausg\u00e4nge steuern und arbeitet komplett \u00fcber WLAN \u2013 ohne zus\u00e4tzliches Basisger\u00e4t. Damit eignet es sich f\u00fcr flexible Anwendungen, bei denen keine feste Installation oder Relais n\u00f6tig ist.<\/p>\n\n\n\n<div style=\"height:48px\" aria-hidden=\"true\" class=\"wp-block-spacer\"><\/div>\n\n\n\n<div class=\"wp-block-columns is-layout-flex wp-container-core-columns-is-layout-28f84493 wp-block-columns-is-layout-flex\">\n<div class=\"wp-block-column is-layout-flow wp-block-column-is-layout-flow\" style=\"flex-basis:100%\">\n<h2 class=\"wp-block-heading\">Comparison of technical data<\/h2>\n<\/div>\n<\/div>\n\n\n\n<figure class=\"wp-block-table\"><table class=\"has-fixed-layout\"><tbody><tr><td><\/td><td><a href=\"https:\/\/www.shelly.com\/de\/products\/shelly-plus-add-on\"><strong>Shelly Plus Addon<\/strong><\/a><\/td><td><a href=\"https:\/\/www.shelly.com\/de\/products\/shelly-plus-uni\"><strong>Shelly Plus Uni<\/strong><\/a><\/td><\/tr><tr><td><strong>Aussehen<\/strong><\/td><td><img decoding=\"async\" width=\"175\" height=\"175\" class=\"wp-image-593\" style=\"width: 175px;\" src=\"https:\/\/gh.bs-kronach.de\/wp-content\/uploads\/2026\/03\/Plus_Addon_1.png\" alt=\"\" srcset=\"https:\/\/gh.bs-kronach.de\/wp-content\/uploads\/2026\/03\/Plus_Addon_1.png 720w, https:\/\/gh.bs-kronach.de\/wp-content\/uploads\/2026\/03\/Plus_Addon_1-300x300.png 300w, https:\/\/gh.bs-kronach.de\/wp-content\/uploads\/2026\/03\/Plus_Addon_1-150x150.png 150w, https:\/\/gh.bs-kronach.de\/wp-content\/uploads\/2026\/03\/Plus_Addon_1-12x12.png 12w\" sizes=\"(max-width: 175px) 100vw, 175px\" \/><\/td><td><img decoding=\"async\" width=\"175\" height=\"143\" class=\"wp-image-602\" style=\"width: 175px;\" src=\"https:\/\/gh.bs-kronach.de\/wp-content\/uploads\/2026\/03\/UNI.png\" alt=\"\" srcset=\"https:\/\/gh.bs-kronach.de\/wp-content\/uploads\/2026\/03\/UNI.png 440w, https:\/\/gh.bs-kronach.de\/wp-content\/uploads\/2026\/03\/UNI-300x245.png 300w, https:\/\/gh.bs-kronach.de\/wp-content\/uploads\/2026\/03\/UNI-15x12.png 15w\" sizes=\"(max-width: 175px) 100vw, 175px\" \/><\/td><\/tr><tr><td><strong>Type<\/strong><\/td><td>Extension module (attachment)<\/td><td>Stand-alone device<\/td><\/tr><tr><td><strong>Requires host device<\/strong><\/td><td>Yes (compatible: Shelly Plus 1\/1PM, Shelly Plus 2PM, Shelly Plus i4\/i4DC)<\/td><td>No (works directly in WlLAN)<\/td><\/tr><tr><td><strong>Power supply<\/strong><\/td><td>About the host device<\/td><td>5V DC\/9-28V DC<\/td><\/tr><tr><td><strong>Digital inputs<\/strong><\/td><td>1 (potential-free or with voltage)<\/td><td>2<\/td><\/tr><tr><td><strong>Analogue inputs<\/strong><\/td><td>1 (0-10V)<\/td><td>1 (0-10V \/ 0-30V)<\/td><\/tr><tr><td><strong>Outputs<\/strong><\/td><td>None of your own (uses host relay)<\/td><td>2 potential-free outputs (up to 100mA)<\/td><\/tr><tr><td><strong>Sensors<\/strong><\/td><td>Up to 5x DS18B20 or 1x DHT22<\/td><td>Up to 5x DS18B20 or 1x DHT22<\/td><\/tr><tr><td><strong>Connection type<\/strong><\/td><td>Is plugged into the Shelly Plus relay<\/td><td>Loose cable ends (strands)<\/td><\/tr><tr><td><strong>Special feature<\/strong><\/td><td>Safest solution for 230V environments<\/td><td>Extremely small, ideal for DIY &amp; low voltage<\/td><\/tr><tr><td><strong>Documentation<\/strong><\/td><td><a href=\"https:\/\/www.shelly.com\/de\/blogs\/documentation\/shelly-plus-add-on\">Dokumentation Shelly Plus Add On<\/a><\/td><td><a href=\"https:\/\/www.shelly.com\/de\/blogs\/documentation\/shelly-plus-uni\">Dokumentation Shelly Plus Uni<\/a><\/td><\/tr><\/tbody><\/table><\/figure>\n\n\n\n<div class=\"wp-block-group alignfull has-global-padding is-layout-constrained wp-container-core-group-is-layout-d89aad35 wp-block-group-is-layout-constrained\" style=\"margin-top:0;margin-bottom:0;padding-top:var(--wp--preset--spacing--50);padding-right:var(--wp--preset--spacing--50);padding-bottom:var(--wp--preset--spacing--50);padding-left:var(--wp--preset--spacing--50)\">\n<div class=\"wp-block-columns are-vertically-aligned-center is-layout-flex wp-container-core-columns-is-layout-47c06fe3 wp-block-columns-is-layout-flex\">\n<div class=\"wp-block-column is-vertically-aligned-center is-layout-flow wp-block-column-is-layout-flow\" style=\"flex-basis:50%\">\n<h2 class=\"wp-block-heading\">Integration of a wide variety of sensors<\/h2>\n\n\n\n<ul style=\"line-height:1.75\" class=\"wp-block-list is-style-checkmark-list\">\n<li>Shelly temperature sensor<\/li>\n\n\n\n<li>Soil moisture sensor<\/li>\n\n\n\n<li>Motion detector<\/li>\n\n\n\n<li>Rain sensor<\/li>\n\n\n\n<li>photoresistor<\/li>\n<\/ul>\n\n\n\n<div class=\"wp-block-buttons is-layout-flex wp-block-buttons-is-layout-flex\">\n<div class=\"wp-block-button\"><a class=\"wp-block-button__link wp-element-button\" href=\"https:\/\/www.shelly.com\/de\/products\/shelly-temp-sensor-ds18b20-1m-cable?_pos=24&amp;_sid=bdbb09cee&amp;_ss=r\">Shelly Sensor<\/a><\/div>\n\n\n\n<div class=\"wp-block-button is-style-outline is-style-outline--1\"><a class=\"wp-block-button__link wp-element-button\" href=\"https:\/\/www.conrad.de\/de\/c\/sensoren-14741.html\">Manufacturer-independent sensors<\/a><\/div>\n<\/div>\n<\/div>\n\n\n\n<div class=\"wp-block-column is-vertically-aligned-center is-layout-flow wp-block-column-is-layout-flow\" style=\"flex-basis:50%\">\n<figure class=\"wp-block-image size-full\"><img fetchpriority=\"high\" decoding=\"async\" width=\"1138\" height=\"835\" src=\"https:\/\/gh.bs-kronach.de\/wp-content\/uploads\/2026\/03\/Plus_Addon_2.png\" alt=\"\" class=\"wp-image-570\" srcset=\"https:\/\/gh.bs-kronach.de\/wp-content\/uploads\/2026\/03\/Plus_Addon_2.png 1138w, https:\/\/gh.bs-kronach.de\/wp-content\/uploads\/2026\/03\/Plus_Addon_2-300x220.png 300w, https:\/\/gh.bs-kronach.de\/wp-content\/uploads\/2026\/03\/Plus_Addon_2-1024x751.png 1024w, https:\/\/gh.bs-kronach.de\/wp-content\/uploads\/2026\/03\/Plus_Addon_2-768x564.png 768w, https:\/\/gh.bs-kronach.de\/wp-content\/uploads\/2026\/03\/Plus_Addon_2-16x12.png 16w\" sizes=\"(max-width: 1138px) 100vw, 1138px\" \/><\/figure>\n<\/div>\n<\/div>\n<\/div>\n\n\n\n<h2 class=\"wp-block-heading\">Decision support<\/h2>\n\n\n\n<div class=\"wp-block-columns is-layout-flex wp-container-core-columns-is-layout-28f84493 wp-block-columns-is-layout-flex\">\n<div class=\"wp-block-column is-layout-flow wp-block-column-is-layout-flow\" style=\"flex-basis:66.66%\">\n<p><strong>Question<\/strong><\/p>\n\n\n\n<div style=\"height:10px\" aria-hidden=\"true\" class=\"wp-block-spacer\"><\/div>\n<\/div>\n\n\n\n<div class=\"wp-block-column is-layout-flow wp-block-column-is-layout-flow\" style=\"flex-basis:33.33%\">\n<p><strong>Recommendation<\/strong><\/p>\n<\/div>\n<\/div>\n\n\n\n<div class=\"wp-block-columns is-layout-flex wp-container-core-columns-is-layout-28f84493 wp-block-columns-is-layout-flex\">\n<div class=\"wp-block-column is-layout-flow wp-block-column-is-layout-flow\" style=\"flex-basis:66.66%\">\n<p>Do you already have a Shelly Plus relay on site?<\/p>\n<\/div>\n\n\n\n<div class=\"wp-block-column is-layout-flow wp-block-column-is-layout-flow\" style=\"flex-basis:33.33%\">\n<details class=\"wp-block-details is-layout-flow wp-block-details-is-layout-flow\"><summary><strong>Plus Addon<\/strong><\/summary>\n<p><strong>Explanation:<\/strong> Utilises the power and WLAN of the existing Shelly. Saves an extra power supply unit, space and an additional IP address in the network.<\/p>\n\n\n\n<p><\/p>\n<\/details>\n<\/div>\n<\/div>\n\n\n\n<div style=\"height:10px\" aria-hidden=\"true\" class=\"wp-block-spacer\"><\/div>\n\n\n\n<div class=\"wp-block-columns is-layout-flex wp-container-core-columns-is-layout-28f84493 wp-block-columns-is-layout-flex\">\n<div class=\"wp-block-column is-layout-flow wp-block-column-is-layout-flow\" style=\"flex-basis:66.66%\">\n<p>Do you need to switch a 230V load (e.g. radiant heater)?<\/p>\n\n\n\n<div style=\"height:10px\" aria-hidden=\"true\" class=\"wp-block-spacer\"><\/div>\n<\/div>\n\n\n\n<div class=\"wp-block-column is-layout-flow wp-block-column-is-layout-flow\" style=\"flex-basis:33.33%\">\n<details class=\"wp-block-details is-layout-flow wp-block-details-is-layout-flow\"><summary><strong>Plus Addon<\/strong><\/summary>\n<p><strong>Explanation:<\/strong> Only the add-on can safely switch large loads via the host relay. It also offers an electrically isolated sensor interface.<\/p>\n<\/details>\n<\/div>\n<\/div>\n\n\n\n<div class=\"wp-block-columns is-layout-flex wp-container-core-columns-is-layout-28f84493 wp-block-columns-is-layout-flex\">\n<div class=\"wp-block-column is-layout-flow wp-block-column-is-layout-flow\" style=\"flex-basis:66.66%\">\n<p>Do you work with 12V DC or 24V AC?<\/p>\n<\/div>\n\n\n\n<div class=\"wp-block-column is-layout-flow wp-block-column-is-layout-flow\" style=\"flex-basis:33.33%\">\n<details class=\"wp-block-details is-layout-flow wp-block-details-is-layout-flow\"><summary><strong>Plus Uni<\/strong><\/summary>\n<p><strong>Explanation:<\/strong> The Uni is designed for low voltage (e.g. bell transformer). It is extremely flexible and fault-tolerant thanks to its wide voltage range of 9-28V DC.<\/p>\n<\/details>\n<\/div>\n<\/div>\n\n\n\n<div style=\"height:10px\" aria-hidden=\"true\" class=\"wp-block-spacer\"><\/div>\n\n\n\n<div class=\"wp-block-columns is-layout-flex wp-container-core-columns-is-layout-28f84493 wp-block-columns-is-layout-flex\">\n<div class=\"wp-block-column is-layout-flow wp-block-column-is-layout-flow\" style=\"flex-basis:66.66%\">\n<p>Do you need to record two separate signals (e.g. 2 contacts)?<\/p>\n<\/div>\n\n\n\n<div class=\"wp-block-column is-layout-flow wp-block-column-is-layout-flow\" style=\"flex-basis:33.33%\">\n<details class=\"wp-block-details is-layout-flow wp-block-details-is-layout-flow\"><summary><strong>Plus Uni<\/strong><\/summary>\n<p><strong>Explanation:<\/strong> While the add-on only has one digital input, the Uni has two. Ideal for monitoring two contacts simultaneously with just one device.<\/p>\n<\/details>\n<\/div>\n<\/div>\n\n\n\n<div style=\"height:10px\" aria-hidden=\"true\" class=\"wp-block-spacer\"><\/div>\n\n\n\n<div class=\"wp-block-columns is-layout-flex wp-container-core-columns-is-layout-28f84493 wp-block-columns-is-layout-flex\">\n<div class=\"wp-block-column is-layout-flow wp-block-column-is-layout-flow\" style=\"flex-basis:66.66%\">\n<p>Do you have extremely little space (e.g. behind a circuit board)?<\/p>\n<\/div>\n\n\n\n<div class=\"wp-block-column is-layout-flow wp-block-column-is-layout-flow\" style=\"flex-basis:33.33%\">\n<details class=\"wp-block-details is-layout-flow wp-block-details-is-layout-flow\"><summary><strong>Plus Uni<\/strong><\/summary>\n<p><strong>Explanation:<\/strong> Kleiner als eine halbe Kreditkarte und ohne festes Geh\u00e4use. Er passt in kleine Geh\u00e4use, wo ein Shelly mit Addon zu tief w\u00e4re.<\/p>\n<\/details>\n<\/div>\n<\/div>\n\n\n\n<p><\/p>","protected":false},"excerpt":{"rendered":"<p>Vergleich Shelly Plus Addon mit Shelly Plus Uni Das Shelly Plus Addon und das Shelly Plus Uni dienen beide der Integration externer Sensoren in das Shelly-System. Ein Vergleich dieser L\u00f6sungen ist immer dann sinnvoll, wenn die Eing\u00e4nge des prim\u00e4ren Host-Ger\u00e4ts f\u00fcr die Erfassung der Sensordaten nicht ausreichen. Dabei l\u00e4sst sich die Funktionalit\u00e4t entweder direkt \u00fcber [&hellip;]<\/p>\n","protected":false},"author":12,"featured_media":0,"parent":0,"menu_order":0,"comment_status":"closed","ping_status":"closed","template":"","meta":{"footnotes":""},"categories":[11],"tags":[],"class_list":["post-257","page","type-page","status-publish","hentry","category-emh_projekt"],"_links":{"self":[{"href":"https:\/\/gh.bs-kronach.de\/en\/wp-json\/wp\/v2\/pages\/257","targetHints":{"allow":["GET"]}}],"collection":[{"href":"https:\/\/gh.bs-kronach.de\/en\/wp-json\/wp\/v2\/pages"}],"about":[{"href":"https:\/\/gh.bs-kronach.de\/en\/wp-json\/wp\/v2\/types\/page"}],"author":[{"embeddable":true,"href":"https:\/\/gh.bs-kronach.de\/en\/wp-json\/wp\/v2\/users\/12"}],"replies":[{"embeddable":true,"href":"https:\/\/gh.bs-kronach.de\/en\/wp-json\/wp\/v2\/comments?post=257"}],"version-history":[{"count":48,"href":"https:\/\/gh.bs-kronach.de\/en\/wp-json\/wp\/v2\/pages\/257\/revisions"}],"predecessor-version":[{"id":1203,"href":"https:\/\/gh.bs-kronach.de\/en\/wp-json\/wp\/v2\/pages\/257\/revisions\/1203"}],"wp:attachment":[{"href":"https:\/\/gh.bs-kronach.de\/en\/wp-json\/wp\/v2\/media?parent=257"}],"wp:term":[{"taxonomy":"category","embeddable":true,"href":"https:\/\/gh.bs-kronach.de\/en\/wp-json\/wp\/v2\/categories?post=257"},{"taxonomy":"post_tag","embeddable":true,"href":"https:\/\/gh.bs-kronach.de\/en\/wp-json\/wp\/v2\/tags?post=257"}],"curies":[{"name":"wp","href":"https:\/\/api.w.org\/{rel}","templated":true}]}}