{"id":30,"date":"2025-10-26T14:45:43","date_gmt":"2025-10-26T13:45:43","guid":{"rendered":"https:\/\/gh.bs-kronach.de\/?page_id=30"},"modified":"2026-04-13T13:11:54","modified_gmt":"2026-04-13T11:11:54","slug":"teacher","status":"publish","type":"page","link":"https:\/\/gh.bs-kronach.de\/en\/lehrer\/","title":{"rendered":"Teacher"},"content":{"rendered":"<div class=\"wp-block-group alignfull has-accent-background-color has-background has-global-padding is-layout-constrained wp-container-core-group-is-layout-669513ed wp-block-group-is-layout-constrained\" style=\"margin-top:0;margin-bottom:0;padding-top:var(--wp--preset--spacing--50);padding-right:var(--wp--preset--spacing--50);padding-bottom:var(--wp--preset--spacing--50);padding-left:var(--wp--preset--spacing--50)\">\n<h1 class=\"wp-block-heading has-accent-3-color has-text-color has-link-color wp-elements-72bcbf0101ec18fe2ba65d487cdfd00e\">F\u00fcr Lehrer<\/h1>\n\n\n\n<p class=\"has-text-align-left\">Seite f\u00fcr didaktische Konzepte, Lehrmaterial, Unterricht und Tests.<\/p>\n\n\n\n<p class=\"has-small-font-size\" style=\"line-height:0\"><em>( im Aufbau)<\/em><\/p>\n<\/div>\n\n\n\n<div class=\"wp-block-group alignfull has-global-padding is-layout-constrained wp-container-core-group-is-layout-d89aad35 wp-block-group-is-layout-constrained\" style=\"margin-top:0;margin-bottom:0;padding-top:var(--wp--preset--spacing--50);padding-right:var(--wp--preset--spacing--50);padding-bottom:var(--wp--preset--spacing--50);padding-left:var(--wp--preset--spacing--50)\">\n<div class=\"wp-block-group alignwide has-global-padding is-layout-constrained wp-container-core-group-is-layout-19e250f3 wp-block-group-is-layout-constrained\">\n<div class=\"wp-block-group alignwide is-vertical is-content-justification-center is-layout-flex wp-container-core-group-is-layout-6329a8f3 wp-block-group-is-layout-flex\">\n<h2 class=\"wp-block-heading has-text-align-center is-style-asterisk has-accent-3-color has-text-color has-link-color wp-elements-79237d4049036211611c428a84fe570d\">Tests zu Shelly Aktoren<\/h2>\n\n\n\n<p class=\"has-text-align-center\">Sammlung von Tests, die das Verst\u00e4ndnis von Shelly Produkte abfragen<\/p>\n<\/div>\n\n\n\n<div style=\"height:var(--wp--preset--spacing--40)\" aria-hidden=\"true\" class=\"wp-block-spacer\"><\/div>\n\n\n\n<div class=\"wp-block-columns alignwide is-layout-flex wp-container-core-columns-is-layout-d1c656ed wp-block-columns-is-layout-flex\">\n<div class=\"wp-block-column is-vertically-aligned-center is-layout-flow wp-block-column-is-layout-flow\" style=\"flex-basis:40%\">\n<h3 class=\"wp-block-heading is-style-asterisk\">\u00c9tudes Architekt-App<\/h3>\n\n\n\n<ul style=\"line-height:1.75\" class=\"wp-block-list is-style-checkmark-list\">\n<li>Work together with other architects.<\/li>\n\n\n\n<li>Present your projects.<\/li>\n\n\n\n<li>Experience the world of architecture.<\/li>\n<\/ul>\n<\/div>\n\n\n\n<div class=\"wp-block-column is-layout-flow wp-block-column-is-layout-flow\" style=\"flex-basis:50%\">\n<figure class=\"wp-block-image size-large is-style-rounded is-style-rounded--1\"><img decoding=\"async\" src=\"https:\/\/gh.bs-kronach.de\/wp-content\/themes\/twentytwentyfour\/assets\/images\/tourist-and-building.webp\" alt=\"Tourist beim Fotografieren eines Geb\u00e4udes\"\/><\/figure>\n<\/div>\n<\/div>\n\n\n\n<div style=\"height:var(--wp--preset--spacing--40)\" aria-hidden=\"true\" class=\"wp-block-spacer\"><\/div>\n\n\n\n<div class=\"wp-block-columns alignwide is-layout-flex wp-container-core-columns-is-layout-d1c656ed wp-block-columns-is-layout-flex\">\n<div class=\"wp-block-column is-layout-flow wp-block-column-is-layout-flow\" style=\"flex-basis:50%\">\n<figure class=\"wp-block-image size-large is-style-rounded is-style-rounded--2\"><img decoding=\"async\" src=\"https:\/\/gh.bs-kronach.de\/wp-content\/themes\/twentytwentyfour\/assets\/images\/windows.webp\" alt=\"Fenster eines Geb\u00e4udes in N\u00fcrnberg, Deutschland\"\/><\/figure>\n<\/div>\n\n\n\n<div class=\"wp-block-column is-vertically-aligned-center is-layout-flow wp-block-column-is-layout-flow\" style=\"flex-basis:40%\">\n<h3 class=\"wp-block-heading is-style-asterisk\">\u00c9tudes-Newsletter<\/h3>\n\n\n\n<ul style=\"line-height:1.75\" class=\"wp-block-list is-style-checkmark-list\">\n<li>Eine Welt voller zum Nachdenken anregender Artikel.<\/li>\n\n\n\n<li>Fallstudien, die die Architektur feiern.<\/li>\n\n\n\n<li>Exklusiver Zugang zu Design-Einblicken.<\/li>\n<\/ul>\n<\/div>\n<\/div>\n<\/div>\n<\/div>","protected":false},"excerpt":{"rendered":"<p>F\u00fcr Lehrer Seite f\u00fcr didaktische Konzepte, Lehrmaterial, Unterricht und Tests. ( im Aufbau) Tests zu Shelly Aktoren Sammlung von Tests, die das Verst\u00e4ndnis von Shelly Produkte abfragen \u00c9tudes Architekt-App \u00c9tudes-Newsletter<\/p>","protected":false},"author":2,"featured_media":0,"parent":0,"menu_order":0,"comment_status":"closed","ping_status":"closed","template":"","meta":{"footnotes":""},"categories":[4],"tags":[],"class_list":["post-30","page","type-page","status-publish","hentry","category-teachers"],"_links":{"self":[{"href":"https:\/\/gh.bs-kronach.de\/en\/wp-json\/wp\/v2\/pages\/30","targetHints":{"allow":["GET"]}}],"collection":[{"href":"https:\/\/gh.bs-kronach.de\/en\/wp-json\/wp\/v2\/pages"}],"about":[{"href":"https:\/\/gh.bs-kronach.de\/en\/wp-json\/wp\/v2\/types\/page"}],"author":[{"embeddable":true,"href":"https:\/\/gh.bs-kronach.de\/en\/wp-json\/wp\/v2\/users\/2"}],"replies":[{"embeddable":true,"href":"https:\/\/gh.bs-kronach.de\/en\/wp-json\/wp\/v2\/comments?post=30"}],"version-history":[{"count":5,"href":"https:\/\/gh.bs-kronach.de\/en\/wp-json\/wp\/v2\/pages\/30\/revisions"}],"predecessor-version":[{"id":1165,"href":"https:\/\/gh.bs-kronach.de\/en\/wp-json\/wp\/v2\/pages\/30\/revisions\/1165"}],"wp:attachment":[{"href":"https:\/\/gh.bs-kronach.de\/en\/wp-json\/wp\/v2\/media?parent=30"}],"wp:term":[{"taxonomy":"category","embeddable":true,"href":"https:\/\/gh.bs-kronach.de\/en\/wp-json\/wp\/v2\/categories?post=30"},{"taxonomy":"post_tag","embeddable":true,"href":"https:\/\/gh.bs-kronach.de\/en\/wp-json\/wp\/v2\/tags?post=30"}],"curies":[{"name":"wp","href":"https:\/\/api.w.org\/{rel}","templated":true}]}}