{"id":42,"date":"2025-10-26T14:49:05","date_gmt":"2025-10-26T13:49:05","guid":{"rendered":"https:\/\/gh.bs-kronach.de\/?page_id=42"},"modified":"2026-03-08T20:00:30","modified_gmt":"2026-03-08T19:00:30","slug":"timeline","status":"publish","type":"page","link":"https:\/\/gh.bs-kronach.de\/en\/zeitleiste\/","title":{"rendered":"Timeline"},"content":{"rendered":"<div data-elementor-type=\"wp-page\" data-elementor-id=\"42\" class=\"elementor elementor-42\">\n\t\t\t\t<div class=\"elementor-element elementor-element-3cec75b e-flex e-con-boxed e-con e-parent\" data-id=\"3cec75b\" data-element_type=\"container\" data-e-type=\"container\">\n\t\t\t\t\t<div class=\"e-con-inner\">\n\t\t\t\t<div class=\"elementor-element elementor-element-65389c2 elementor-widget__width-inherit elementor-widget elementor-widget-timeline-widget-addon\" data-id=\"65389c2\" data-element_type=\"widget\" data-e-type=\"widget\" data-widget_type=\"timeline-widget-addon.default\">\n\t\t\t\t<div class=\"elementor-widget-container\">\n\t\t\t\t\t<!-- ========= Timeline Widget Pro For Elementor 2.5.1 ========= --><div id=\"twae-wrapper-65389c2\" class=\"twae-vertical twae-wrapper twae-both-sided style-1 twae-bg-simple\" data-style=\"style-1\" data-enable-popup=\"no\">    <div class=\"twae-start\"><\/div>    <div class=\"twae-line twae-timeline\" ><div id=\"twae-0f7a049\" class=\"twae-story elementor-repeater-item-0f7a049 twae-repeater-item twae-story-right twae-story-icon\"><div class=\"twae-labels\" data-aos=\"fade\"><div class=\"twae-label-big\">from 2019<\/div><div class=\"twae-label-small\">School digitalisation<\/div><\/div><div class=\"twae-icon\"><svg aria-hidden=\"true\" class=\"e-font-icon-svg e-fas-arrow-alt-circle-right\" viewbox=\"0 0 512 512\" xmlns=\"http:\/\/www.w3.org\/2000\/svg\"><path d=\"M256 8c137 0 248 111 248 248S393 504 256 504 8 393 8 256 119 8 256 8zM140 300h116v70.9c0 10.7 13 16.1 20.5 8.5l114.3-114.9c4.7-4.7 4.7-12.2 0-16.9l-114.3-115c-7.6-7.6-20.5-2.2-20.5 8.5V212H140c-6.6 0-12 5.4-12 12v64c0 6.6 5.4 12 12 12z\"><\/path><\/svg><\/div><div class=\"twae-arrow\" ><\/div><div class=\"twae-content\"  data-aos=\"fade\"><div class=\"twae-title\"><a href=\"https:\/\/gh.bs-kronach.de\/en\/timeline2\/#Digitalisierung\"  >Promotion of digitalisation<\/a><\/div><div class=\"twae-media medium_large\"><a href=\"https:\/\/gh.bs-kronach.de\/en\/timeline2\/#Digitalisierung\"  ><img fetchpriority=\"high\" decoding=\"async\" width=\"768\" height=\"158\" src=\"https:\/\/gh.bs-kronach.de\/wp-content\/uploads\/2026\/03\/Digitalisierung-oben-768x158.webp\" class=\"attachment-medium_large size-medium_large\" alt=\"\" srcset=\"https:\/\/gh.bs-kronach.de\/wp-content\/uploads\/2026\/03\/Digitalisierung-oben-768x158.webp 768w, https:\/\/gh.bs-kronach.de\/wp-content\/uploads\/2026\/03\/Digitalisierung-oben-300x62.webp 300w, https:\/\/gh.bs-kronach.de\/wp-content\/uploads\/2026\/03\/Digitalisierung-oben-18x4.webp 18w, https:\/\/gh.bs-kronach.de\/wp-content\/uploads\/2026\/03\/Digitalisierung-oben.webp 1017w\" sizes=\"(max-width: 768px) 100vw, 768px\" \/><\/a><\/div><div class=\"twae-description\"><p>The DigitalPakt Schule is a federal funding programme to improve the digital infrastructure at schools in Germany. Since 2019, over 7 billion euros have been made available to equip schools with modern technology and enable digital learning<\/p><div class=\"twae-button\"><a class=\"elementor-button\" href=\"https:\/\/gh.bs-kronach.de\/en\/timeline2\/#Digitalisierung\"  >more...<\/a><\/div><\/div><\/div><\/div><div id=\"twae-5184177\" class=\"twae-story elementor-repeater-item-5184177 twae-repeater-item twae-story-left twae-story-icon\"><div class=\"twae-labels\" data-aos=\"fade\"><div class=\"twae-label-big\">2021<\/div><div class=\"twae-label-small\">New content framework curricula<\/div><\/div><div class=\"twae-icon\"><svg aria-hidden=\"true\" class=\"e-font-icon-svg e-far-clock\" viewbox=\"0 0 512 512\" xmlns=\"http:\/\/www.w3.org\/2000\/svg\"><path d=\"M256 8C119 8 8 119 8 256s111 248 248 248 248-111 248-248S393 8 256 8zm0 448c-110.5 0-200-89.5-200-200S145.5 56 256 56s200 89.5 200 200-89.5 200-200 200zm61.8-104.4l-84.9-61.7c-3.1-2.3-4.9-5.9-4.9-9.7V116c0-6.6 5.4-12 12-12h32c6.6 0 12 5.4 12 12v141.7l66.8 48.6c5.4 3.9 6.5 11.4 2.6 16.8L334.6 349c-3.9 5.3-11.4 6.5-16.8 2.6z\"><\/path><\/svg><\/div><div class=\"twae-arrow\" ><\/div><div class=\"twae-content\"  data-aos=\"fade\"><div class=\"twae-title\"><a href=\"https:\/\/gh.bs-kronach.de\/en\/timeline2\/#Neuordnung\"  >Reorganisation of ET professions<\/a><\/div><div class=\"twae-media full\"><a href=\"https:\/\/gh.bs-kronach.de\/en\/timeline2\/#Neuordnung\"  ><img decoding=\"async\" width=\"1010\" height=\"265\" src=\"https:\/\/gh.bs-kronach.de\/wp-content\/uploads\/2026\/03\/LehrPlanKI-oben.webp\" class=\"attachment-full size-full\" alt=\"\" srcset=\"https:\/\/gh.bs-kronach.de\/wp-content\/uploads\/2026\/03\/LehrPlanKI-oben.webp 1010w, https:\/\/gh.bs-kronach.de\/wp-content\/uploads\/2026\/03\/LehrPlanKI-oben-300x79.webp 300w, https:\/\/gh.bs-kronach.de\/wp-content\/uploads\/2026\/03\/LehrPlanKI-oben-768x202.webp 768w, https:\/\/gh.bs-kronach.de\/wp-content\/uploads\/2026\/03\/LehrPlanKI-oben-18x5.webp 18w\" sizes=\"(max-width: 1010px) 100vw, 1010px\" \/><\/a><\/div><div class=\"twae-description\"><p><span class=\"TextRun Highlight SCXO214197905 BCX8\" lang=\"DE-DE\" xml:lang=\"DE-DE\" data-contrast=\"none\"><span class=\"NormalTextRun SCXO214197905 BCX8\">The new profession of electronics technician for building systems integration focuses on sustainable, smart and networked buildings.<\/span><\/span><span class=\"EOP SCXO214197905 BCX8\">\u00a0<\/span><\/p><div class=\"twae-button\"><a class=\"elementor-button\" href=\"https:\/\/gh.bs-kronach.de\/en\/timeline2\/#Neuordnung\"  >more...<\/a><\/div><\/div><\/div><\/div><div id=\"twae-90977fd\" class=\"twae-story elementor-repeater-item-90977fd twae-repeater-item twae-story-right twae-story-icon\"><div class=\"twae-labels\" data-aos=\"fade\"><div class=\"twae-label-big\">ab 2023<\/div><div class=\"twae-label-small\">F\u00f6rderung und Lehrer-Schulung <\/div><\/div><div class=\"twae-icon\"><svg aria-hidden=\"true\" class=\"e-font-icon-svg e-far-clock\" viewbox=\"0 0 512 512\" xmlns=\"http:\/\/www.w3.org\/2000\/svg\"><path d=\"M256 8C119 8 8 119 8 256s111 248 248 248 248-111 248-248S393 8 256 8zm0 448c-110.5 0-200-89.5-200-200S145.5 56 256 56s200 89.5 200 200-89.5 200-200 200zm61.8-104.4l-84.9-61.7c-3.1-2.3-4.9-5.9-4.9-9.7V116c0-6.6 5.4-12 12-12h32c6.6 0 12 5.4 12 12v141.7l66.8 48.6c5.4 3.9 6.5 11.4 2.6 16.8L334.6 349c-3.9 5.3-11.4 6.5-16.8 2.6z\"><\/path><\/svg><\/div><div class=\"twae-arrow\" ><\/div><div class=\"twae-content\"  data-aos=\"fade\"><div class=\"twae-title\">Start Bayrischer F\u00f6rderprogramme<\/div><div class=\"twae-media medium\"><img decoding=\"async\" width=\"300\" height=\"200\" src=\"https:\/\/gh.bs-kronach.de\/wp-content\/uploads\/2026\/03\/FoerderprogrammeBayern-300x200.webp\" class=\"attachment-medium size-medium\" alt=\"\" srcset=\"https:\/\/gh.bs-kronach.de\/wp-content\/uploads\/2026\/03\/FoerderprogrammeBayern-300x200.webp 300w, https:\/\/gh.bs-kronach.de\/wp-content\/uploads\/2026\/03\/FoerderprogrammeBayern-1024x683.webp 1024w, https:\/\/gh.bs-kronach.de\/wp-content\/uploads\/2026\/03\/FoerderprogrammeBayern-768x512.webp 768w, https:\/\/gh.bs-kronach.de\/wp-content\/uploads\/2026\/03\/FoerderprogrammeBayern-18x12.webp 18w, https:\/\/gh.bs-kronach.de\/wp-content\/uploads\/2026\/03\/FoerderprogrammeBayern.webp 1536w\" sizes=\"(max-width: 300px) 100vw, 300px\" \/><\/div><div class=\"twae-description\"><p><span class=\"TextRun Highlight  BCX8 SCXO24529073\" lang=\"DE-DE\" xml:lang=\"DE-DE\" data-contrast=\"none\"><span class=\"NormalTextRun  BCX8 SCXO24529073\">Unterst\u00fctzung f\u00fcr die Schulen, beispielsweise durch Programme zur Etablierung digitaler Lerngemeinschaften und durch die F\u00f6rderung der Medienkompetenz<\/span><\/span><span class=\"TextRun Highlight  BCX8 SCXO24529073\" lang=\"DE-DE\" xml:lang=\"DE-DE\" data-contrast=\"none\"><span class=\"NormalTextRun  BCX8 SCXO24529073\">.<\/span><\/span><\/p><ul><li>Aus- und Weiterbildung Lehrkr\u00e4fte<\/li><li>F\u00f6rderung Equipment, Hard- und Software<\/li><\/ul><\/div><\/div><\/div><div id=\"twae-51f1bd4\" class=\"twae-story elementor-repeater-item-51f1bd4 twae-repeater-item twae-story-left twae-story-icon\"><div class=\"twae-labels\" data-aos=\"fade\"><div class=\"twae-label-big\">Herbst 2024<\/div><div class=\"twae-label-small\">Versuche &amp; Laboraufbau<\/div><\/div><div class=\"twae-icon\"><svg aria-hidden=\"true\" class=\"e-font-icon-svg e-far-clock\" viewbox=\"0 0 512 512\" xmlns=\"http:\/\/www.w3.org\/2000\/svg\"><path d=\"M256 8C119 8 8 119 8 256s111 248 248 248 248-111 248-248S393 8 256 8zm0 448c-110.5 0-200-89.5-200-200S145.5 56 256 56s200 89.5 200 200-89.5 200-200 200zm61.8-104.4l-84.9-61.7c-3.1-2.3-4.9-5.9-4.9-9.7V116c0-6.6 5.4-12 12-12h32c6.6 0 12 5.4 12 12v141.7l66.8 48.6c5.4 3.9 6.5 11.4 2.6 16.8L334.6 349c-3.9 5.3-11.4 6.5-16.8 2.6z\"><\/path><\/svg><\/div><div class=\"twae-arrow\" ><\/div><div class=\"twae-content\"  data-aos=\"fade\"><div class=\"twae-title\">Erste Tests mit Shelly<\/div><div class=\"twae-media medium\"><img loading=\"lazy\" decoding=\"async\" width=\"300\" height=\"225\" src=\"https:\/\/gh.bs-kronach.de\/wp-content\/uploads\/2026\/03\/shellymontage-300x225.jpg\" class=\"attachment-medium size-medium\" alt=\"\" srcset=\"https:\/\/gh.bs-kronach.de\/wp-content\/uploads\/2026\/03\/shellymontage-300x225.jpg 300w, https:\/\/gh.bs-kronach.de\/wp-content\/uploads\/2026\/03\/shellymontage-768x576.jpg 768w, https:\/\/gh.bs-kronach.de\/wp-content\/uploads\/2026\/03\/shellymontage-16x12.jpg 16w, https:\/\/gh.bs-kronach.de\/wp-content\/uploads\/2026\/03\/shellymontage.jpg 977w\" sizes=\"(max-width: 300px) 100vw, 300px\" \/><\/div><div class=\"twae-description\"><p>Vergleich, Auswahl von SmartHome Systeme; die Wahl fiel auf \"Shelly\" Produkte. Aufgrund<\/p><ul><li>Vielseitigkeit<\/li><li>Einfache Installation<\/li><li>Hohe Konektivit\u00e4t<\/li><li>Geringe Kosten<\/li><\/ul><\/div><\/div><\/div><div id=\"twae-6caa41d\" class=\"twae-story elementor-repeater-item-6caa41d twae-repeater-item twae-story-right twae-story-icon\"><div class=\"twae-labels\" data-aos=\"fade\"><div class=\"twae-label-big\">November 2020<\/div><div class=\"twae-label-small\">Unterrichtsbesuch Zypern<\/div><\/div><div class=\"twae-icon\"><svg aria-hidden=\"true\" class=\"e-font-icon-svg e-far-clock\" viewbox=\"0 0 512 512\" xmlns=\"http:\/\/www.w3.org\/2000\/svg\"><path d=\"M256 8C119 8 8 119 8 256s111 248 248 248 248-111 248-248S393 8 256 8zm0 448c-110.5 0-200-89.5-200-200S145.5 56 256 56s200 89.5 200 200-89.5 200-200 200zm61.8-104.4l-84.9-61.7c-3.1-2.3-4.9-5.9-4.9-9.7V116c0-6.6 5.4-12 12-12h32c6.6 0 12 5.4 12 12v141.7l66.8 48.6c5.4 3.9 6.5 11.4 2.6 16.8L334.6 349c-3.9 5.3-11.4 6.5-16.8 2.6z\"><\/path><\/svg><\/div><div class=\"twae-arrow\" ><\/div><div class=\"twae-content\"  data-aos=\"fade\"><div class=\"twae-title\">Vorstellung Vorversion an Partnerschule<\/div><div class=\"twae-media medium\"><img loading=\"lazy\" decoding=\"async\" width=\"300\" height=\"183\" src=\"https:\/\/gh.bs-kronach.de\/wp-content\/uploads\/2026\/02\/B-Tech-Limassol-Homepage-300x183.jpg\" class=\"attachment-medium size-medium\" alt=\"\" srcset=\"https:\/\/gh.bs-kronach.de\/wp-content\/uploads\/2026\/02\/B-Tech-Limassol-Homepage-300x183.jpg 300w, https:\/\/gh.bs-kronach.de\/wp-content\/uploads\/2026\/02\/B-Tech-Limassol-Homepage-1024x623.jpg 1024w, https:\/\/gh.bs-kronach.de\/wp-content\/uploads\/2026\/02\/B-Tech-Limassol-Homepage-768x467.jpg 768w, https:\/\/gh.bs-kronach.de\/wp-content\/uploads\/2026\/02\/B-Tech-Limassol-Homepage-18x12.jpg 18w, https:\/\/gh.bs-kronach.de\/wp-content\/uploads\/2026\/02\/B-Tech-Limassol-Homepage.jpg 1060w\" sizes=\"(max-width: 300px) 100vw, 300px\" \/><\/div><div class=\"twae-description\"><p>Eine erste Version eines BOARDs wird vorgestellt. Es hat noch kein Geh\u00e4use, die Komponenten sind weitgehend gesteckt. M\u00f6glichkeiten und Unterrichtsinhalte mit den Kollegen vor Ort diskutiert.\u00a0<\/p><\/div><\/div><\/div><div id=\"twae-4056b8c\" class=\"twae-story elementor-repeater-item-4056b8c twae-repeater-item twae-story-left twae-story-icon\"><div class=\"twae-labels\" data-aos=\"fade\"><div class=\"twae-label-big\">M\u00e4rz 2025<\/div><div class=\"twae-label-small\">Das erste Board ist fertig<\/div><\/div><div class=\"twae-icon\"><svg aria-hidden=\"true\" class=\"e-font-icon-svg e-far-clock\" viewbox=\"0 0 512 512\" xmlns=\"http:\/\/www.w3.org\/2000\/svg\"><path d=\"M256 8C119 8 8 119 8 256s111 248 248 248 248-111 248-248S393 8 256 8zm0 448c-110.5 0-200-89.5-200-200S145.5 56 256 56s200 89.5 200 200-89.5 200-200 200zm61.8-104.4l-84.9-61.7c-3.1-2.3-4.9-5.9-4.9-9.7V116c0-6.6 5.4-12 12-12h32c6.6 0 12 5.4 12 12v141.7l66.8 48.6c5.4 3.9 6.5 11.4 2.6 16.8L334.6 349c-3.9 5.3-11.4 6.5-16.8 2.6z\"><\/path><\/svg><\/div><div class=\"twae-arrow\" ><\/div><div class=\"twae-content\"  data-aos=\"fade\"><div class=\"twae-title\">SmartBOARD Prototyp<\/div><div class=\"twae-media medium_large\"><img loading=\"lazy\" decoding=\"async\" width=\"768\" height=\"345\" src=\"https:\/\/gh.bs-kronach.de\/wp-content\/uploads\/2026\/02\/IMG_20251024_113018-768x345.jpg\" class=\"attachment-medium_large size-medium_large\" alt=\"\" srcset=\"https:\/\/gh.bs-kronach.de\/wp-content\/uploads\/2026\/02\/IMG_20251024_113018-768x345.jpg 768w, https:\/\/gh.bs-kronach.de\/wp-content\/uploads\/2026\/02\/IMG_20251024_113018-300x135.jpg 300w, https:\/\/gh.bs-kronach.de\/wp-content\/uploads\/2026\/02\/IMG_20251024_113018-1024x460.jpg 1024w, https:\/\/gh.bs-kronach.de\/wp-content\/uploads\/2026\/02\/IMG_20251024_113018-1536x690.jpg 1536w, https:\/\/gh.bs-kronach.de\/wp-content\/uploads\/2026\/02\/IMG_20251024_113018-2048x920.jpg 2048w, https:\/\/gh.bs-kronach.de\/wp-content\/uploads\/2026\/02\/IMG_20251024_113018-18x8.jpg 18w\" sizes=\"(max-width: 768px) 100vw, 768px\" \/><\/div><div class=\"twae-description\"><p>Nun sind elektronische Bauteile sicher in einem Board untergebracht und verdrahtet. Die Sch\u00fcler k\u00f6nnen \u00fcber Steckverbindungen sicher mit dem System im Unterricht arbeiten.<\/p><\/div><\/div><\/div><div id=\"twae-21d5e1d\" class=\"twae-story elementor-repeater-item-21d5e1d twae-repeater-item twae-story-right twae-story-icon\"><div class=\"twae-labels\" data-aos=\"fade\"><div class=\"twae-label-big\">Juli 2025<\/div><div class=\"twae-label-small\">erste externe Vorstellung<\/div><\/div><div class=\"twae-icon\"><svg aria-hidden=\"true\" class=\"e-font-icon-svg e-far-clock\" viewbox=\"0 0 512 512\" xmlns=\"http:\/\/www.w3.org\/2000\/svg\"><path d=\"M256 8C119 8 8 119 8 256s111 248 248 248 248-111 248-248S393 8 256 8zm0 448c-110.5 0-200-89.5-200-200S145.5 56 256 56s200 89.5 200 200-89.5 200-200 200zm61.8-104.4l-84.9-61.7c-3.1-2.3-4.9-5.9-4.9-9.7V116c0-6.6 5.4-12 12-12h32c6.6 0 12 5.4 12 12v141.7l66.8 48.6c5.4 3.9 6.5 11.4 2.6 16.8L334.6 349c-3.9 5.3-11.4 6.5-16.8 2.6z\"><\/path><\/svg><\/div><div class=\"twae-arrow\" ><\/div><div class=\"twae-content\"  data-aos=\"fade\"><div class=\"twae-title\">Suche nach F\u00f6rderung<\/div><div class=\"twae-media medium\"><img decoding=\"async\" src=\"https:\/\/gh.bs-kronach.de\/wp-content\/plugins\/elementor\/assets\/images\/placeholder.png\"><\/img><\/div><div class=\"twae-description\"><ul><li data-aria-posinset=\"1\" data-aria-level=\"1\"><span data-contrast=\"auto\">Fa. WEBER Werkzeugmaschinen GmbH\u00a0<\/span><\/li><li data-aria-posinset=\"2\" data-aria-level=\"1\"><span data-contrast=\"auto\">Fa. MAI Sondermaschinenbau<\/span>\u00a0<\/li><li data-aria-posinset=\"3\" data-aria-level=\"1\"><span data-contrast=\"auto\">Fa. Hofmann Werkzeugbau und 3D Druckverfahren<\/span>\u00a0<\/li><\/ul><\/div><\/div><\/div><div id=\"twae-1f5d55e\" class=\"twae-story elementor-repeater-item-1f5d55e twae-repeater-item twae-story-left twae-story-icon\"><div class=\"twae-labels\" data-aos=\"fade\"><div class=\"twae-label-big\">September 2025<\/div><div class=\"twae-label-small\">Detaillierter  Aufbau<\/div><\/div><div class=\"twae-icon\"><svg aria-hidden=\"true\" class=\"e-font-icon-svg e-fas-angle-double-right\" viewbox=\"0 0 448 512\" xmlns=\"http:\/\/www.w3.org\/2000\/svg\"><path d=\"M224.3 273l-136 136c-9.4 9.4-24.6 9.4-33.9 0l-22.6-22.6c-9.4-9.4-9.4-24.6 0-33.9l96.4-96.4-96.4-96.4c-9.4-9.4-9.4-24.6 0-33.9L54.3 103c9.4-9.4 24.6-9.4 33.9 0l136 136c9.5 9.4 9.5 24.6.1 34zm192-34l-136-136c-9.4-9.4-24.6-9.4-33.9 0l-22.6 22.6c-9.4 9.4-9.4 24.6 0 33.9l96.4 96.4-96.4 96.4c-9.4 9.4-9.4 24.6 0 33.9l22.6 22.6c9.4 9.4 24.6 9.4 33.9 0l136-136c9.4-9.2 9.4-24.4 0-33.8z\"><\/path><\/svg><\/div><div class=\"twae-arrow\" ><\/div><div class=\"twae-content\"  data-aos=\"fade\"><div class=\"twae-title\"><a href=\"https:\/\/gh.bs-kronach.de\/en\/timeline2\/#SmartBOARD\"  >Erstes fertiges SmartBOARD<\/a><\/div><div class=\"twae-media medium\"><a href=\"https:\/\/gh.bs-kronach.de\/en\/timeline2\/#SmartBOARD\"  ><img loading=\"lazy\" decoding=\"async\" width=\"300\" height=\"167\" src=\"https:\/\/gh.bs-kronach.de\/wp-content\/uploads\/2025\/10\/SteckbrettHomepage-300x167.jpg\" class=\"attachment-medium size-medium\" alt=\"\" srcset=\"https:\/\/gh.bs-kronach.de\/wp-content\/uploads\/2025\/10\/SteckbrettHomepage-300x167.jpg 300w, https:\/\/gh.bs-kronach.de\/wp-content\/uploads\/2025\/10\/SteckbrettHomepage-1024x571.jpg 1024w, https:\/\/gh.bs-kronach.de\/wp-content\/uploads\/2025\/10\/SteckbrettHomepage-768x429.jpg 768w, https:\/\/gh.bs-kronach.de\/wp-content\/uploads\/2025\/10\/SteckbrettHomepage-18x10.jpg 18w, https:\/\/gh.bs-kronach.de\/wp-content\/uploads\/2025\/10\/SteckbrettHomepage.jpg 1507w\" sizes=\"(max-width: 300px) 100vw, 300px\" \/><\/a><\/div><div class=\"twae-description\"><p>Mit Unterst\u00fctzung der F\u00f6rderer (Fa. Weber &amp; Fa. MAI) und Sponsoring der Fa. Shelly ist das Bord nun fertig bedruckt und einsatzbereit.<\/p><div class=\"twae-button\"><a class=\"elementor-button\" href=\"https:\/\/gh.bs-kronach.de\/en\/timeline2\/#SmartBOARD\"  >mehr ...<\/a><\/div><\/div><\/div><\/div><div id=\"twae-c5cb8ea\" class=\"twae-story elementor-repeater-item-c5cb8ea twae-repeater-item twae-story-right twae-story-icon\"><div class=\"twae-labels\" data-aos=\"fade\"><div class=\"twae-label-big\">November 2025<\/div><div class=\"twae-label-small\">Besuch Partnerschulen Spanien<\/div><\/div><div class=\"twae-icon\"><svg aria-hidden=\"true\" class=\"e-font-icon-svg e-far-clock\" viewbox=\"0 0 512 512\" xmlns=\"http:\/\/www.w3.org\/2000\/svg\"><path d=\"M256 8C119 8 8 119 8 256s111 248 248 248 248-111 248-248S393 8 256 8zm0 448c-110.5 0-200-89.5-200-200S145.5 56 256 56s200 89.5 200 200-89.5 200-200 200zm61.8-104.4l-84.9-61.7c-3.1-2.3-4.9-5.9-4.9-9.7V116c0-6.6 5.4-12 12-12h32c6.6 0 12 5.4 12 12v141.7l66.8 48.6c5.4 3.9 6.5 11.4 2.6 16.8L334.6 349c-3.9 5.3-11.4 6.5-16.8 2.6z\"><\/path><\/svg><\/div><div class=\"twae-arrow\" ><\/div><div class=\"twae-content\"  data-aos=\"fade\"><div class=\"twae-title\">Projektpr\u00e4sentation in M\u00e1laga und Granada<\/div><div class=\"twae-media medium\"><img loading=\"lazy\" decoding=\"async\" width=\"300\" height=\"135\" src=\"https:\/\/gh.bs-kronach.de\/wp-content\/uploads\/2026\/03\/Malaga-TimeLine-300x135.webp\" class=\"attachment-medium size-medium\" alt=\"\" srcset=\"https:\/\/gh.bs-kronach.de\/wp-content\/uploads\/2026\/03\/Malaga-TimeLine-300x135.webp 300w, https:\/\/gh.bs-kronach.de\/wp-content\/uploads\/2026\/03\/Malaga-TimeLine-1024x460.webp 1024w, https:\/\/gh.bs-kronach.de\/wp-content\/uploads\/2026\/03\/Malaga-TimeLine-768x345.jpg 768w, https:\/\/gh.bs-kronach.de\/wp-content\/uploads\/2026\/03\/Malaga-TimeLine-1536x690.jpg 1536w, https:\/\/gh.bs-kronach.de\/wp-content\/uploads\/2026\/03\/Malaga-TimeLine-2048x920.jpg 2048w, https:\/\/gh.bs-kronach.de\/wp-content\/uploads\/2026\/03\/Malaga-TimeLine-18x8.jpg 18w, https:\/\/gh.bs-kronach.de\/wp-content\/uploads\/2026\/03\/Malaga-TimeLine-scaled.webp 1920w\" sizes=\"(max-width: 300px) 100vw, 300px\" \/><\/div><div class=\"twae-description\"><p>Das SmartBOARD wird an zwei Schulen vorgestellt und mit den Kollegen f\u00fcr die Verwendung in ihren Unterrichten diskutiert. M\u00f6glichkeiten des Sch\u00fcleraustausch zur Herstellung mehrer Board besprochen.<\/p><ul><li>Sch\u00fclertandem stellen gemeinsam Boards her.<\/li><li>Sie arbeiten interkulturell<\/li><\/ul><\/div><\/div><\/div><div id=\"twae-7abc718\" class=\"twae-story elementor-repeater-item-7abc718 twae-repeater-item twae-story-left twae-story-icon\"><div class=\"twae-labels\" data-aos=\"fade\"><div class=\"twae-label-big\">April 2026<\/div><div class=\"twae-label-small\">Erster Projekt Roll-Out<\/div><\/div><div class=\"twae-icon\"><svg aria-hidden=\"true\" class=\"e-font-icon-svg e-far-clock\" viewbox=\"0 0 512 512\" xmlns=\"http:\/\/www.w3.org\/2000\/svg\"><path d=\"M256 8C119 8 8 119 8 256s111 248 248 248 248-111 248-248S393 8 256 8zm0 448c-110.5 0-200-89.5-200-200S145.5 56 256 56s200 89.5 200 200-89.5 200-200 200zm61.8-104.4l-84.9-61.7c-3.1-2.3-4.9-5.9-4.9-9.7V116c0-6.6 5.4-12 12-12h32c6.6 0 12 5.4 12 12v141.7l66.8 48.6c5.4 3.9 6.5 11.4 2.6 16.8L334.6 349c-3.9 5.3-11.4 6.5-16.8 2.6z\"><\/path><\/svg><\/div><div class=\"twae-arrow\" ><\/div><div class=\"twae-content\"  data-aos=\"fade\"><div class=\"twae-title\">Auf Zypern bauen Sch\u00fcler die Boards<\/div><div class=\"twae-media medium\"><img loading=\"lazy\" decoding=\"async\" width=\"300\" height=\"206\" src=\"https:\/\/gh.bs-kronach.de\/wp-content\/uploads\/2026\/02\/3InternatStudenten-300x206.jpg\" class=\"attachment-medium size-medium\" alt=\"\" srcset=\"https:\/\/gh.bs-kronach.de\/wp-content\/uploads\/2026\/02\/3InternatStudenten-300x206.jpg 300w, https:\/\/gh.bs-kronach.de\/wp-content\/uploads\/2026\/02\/3InternatStudenten-18x12.jpg 18w, https:\/\/gh.bs-kronach.de\/wp-content\/uploads\/2026\/02\/3InternatStudenten.jpg 565w\" sizes=\"(max-width: 300px) 100vw, 300px\" \/><\/div><div class=\"twae-description\"><p>In gemischen Teams von deutschen und zypriotischen Sch\u00fclern bauen die Boards selbst.<\/p><\/div><\/div><\/div><\/div>\r\n<div class=\"twae-end\"><\/div>   \r\n<\/div><style type=\"text\/css\">@media (max-width: 1024px){ .twae-vertical.twae-wrapper{--tw-ybx-size: 80px !important;}}@media (max-width: 767px){ .twae-vertical.twae-wrapper{--tw-ybx-size: 80px !important}}<\/style>\t\t\t\t<\/div>\n\t\t\t\t<\/div>\n\t\t\t\t\t<\/div>\n\t\t\t\t<\/div>\n\t\t\t\t<\/div>","protected":false},"excerpt":{"rendered":"<p>ab 2019Digitalisierung SchuleF\u00f6rderung der Digitalisierung Der DigitalPakt Schule ist ein F\u00f6rderprogramm des Bundes zur Verbesserung der digitalen Infrastruktur an Schulen in Deutschland. Seit 2019 wurden \u00fcber 7 Milliarden Euro bereitgestellt, um Schulen mit moderner Technik auszustatten und digitales Lernen zu erm\u00f6glichen mehr&#8230;2021Neue Inhalte Rahmenlehrpl\u00e4neNeuordnung ET-Berufe Der neue Beruf Elektroniker f\u00fcr Geb\u00e4udesystemintegration setzt auf nachhaltige, smarte [&hellip;]<\/p>\n","protected":false},"author":2,"featured_media":0,"parent":0,"menu_order":0,"comment_status":"closed","ping_status":"closed","template":"elementor_canvas","meta":{"footnotes":""},"categories":[7],"tags":[],"class_list":["post-42","page","type-page","status-publish","hentry","category-project"],"_links":{"self":[{"href":"https:\/\/gh.bs-kronach.de\/en\/wp-json\/wp\/v2\/pages\/42","targetHints":{"allow":["GET"]}}],"collection":[{"href":"https:\/\/gh.bs-kronach.de\/en\/wp-json\/wp\/v2\/pages"}],"about":[{"href":"https:\/\/gh.bs-kronach.de\/en\/wp-json\/wp\/v2\/types\/page"}],"author":[{"embeddable":true,"href":"https:\/\/gh.bs-kronach.de\/en\/wp-json\/wp\/v2\/users\/2"}],"replies":[{"embeddable":true,"href":"https:\/\/gh.bs-kronach.de\/en\/wp-json\/wp\/v2\/comments?post=42"}],"version-history":[{"count":86,"href":"https:\/\/gh.bs-kronach.de\/en\/wp-json\/wp\/v2\/pages\/42\/revisions"}],"predecessor-version":[{"id":889,"href":"https:\/\/gh.bs-kronach.de\/en\/wp-json\/wp\/v2\/pages\/42\/revisions\/889"}],"wp:attachment":[{"href":"https:\/\/gh.bs-kronach.de\/en\/wp-json\/wp\/v2\/media?parent=42"}],"wp:term":[{"taxonomy":"category","embeddable":true,"href":"https:\/\/gh.bs-kronach.de\/en\/wp-json\/wp\/v2\/categories?post=42"},{"taxonomy":"post_tag","embeddable":true,"href":"https:\/\/gh.bs-kronach.de\/en\/wp-json\/wp\/v2\/tags?post=42"}],"curies":[{"name":"wp","href":"https:\/\/api.w.org\/{rel}","templated":true}]}}