{"id":761,"date":"2026-03-08T14:31:38","date_gmt":"2026-03-08T13:31:38","guid":{"rendered":"https:\/\/gh.bs-kronach.de\/?page_id=761"},"modified":"2026-03-08T19:11:39","modified_gmt":"2026-03-08T18:11:39","slug":"timeline2","status":"publish","type":"page","link":"https:\/\/gh.bs-kronach.de\/en\/zeitleiste2\/","title":{"rendered":"Zeitleiste2"},"content":{"rendered":"<div class=\"wp-block-group alignfull has-global-padding is-layout-constrained wp-container-core-group-is-layout-d89aad35 wp-block-group-is-layout-constrained\" style=\"margin-top:0;margin-bottom:0;padding-top:var(--wp--preset--spacing--50);padding-right:var(--wp--preset--spacing--50);padding-bottom:var(--wp--preset--spacing--50);padding-left:var(--wp--preset--spacing--50)\">\n<div class=\"wp-block-columns alignwide has-accent-background-color has-background is-layout-flex wp-container-core-columns-is-layout-47c06fe3 wp-block-columns-is-layout-flex\">\n<div class=\"wp-block-column is-vertically-aligned-center is-layout-flow wp-block-column-is-layout-flow\" style=\"flex-basis:30%\">\n<figure class=\"wp-block-image size-full is-style-rounded is-style-rounded--1\"><img fetchpriority=\"high\" decoding=\"async\" width=\"1007\" height=\"974\" src=\"https:\/\/gh.bs-kronach.de\/wp-content\/uploads\/2026\/03\/Digitalisierung-unten.webp\" alt=\"\" class=\"wp-image-796\" srcset=\"https:\/\/gh.bs-kronach.de\/wp-content\/uploads\/2026\/03\/Digitalisierung-unten.webp 1007w, https:\/\/gh.bs-kronach.de\/wp-content\/uploads\/2026\/03\/Digitalisierung-unten-300x290.webp 300w, https:\/\/gh.bs-kronach.de\/wp-content\/uploads\/2026\/03\/Digitalisierung-unten-768x743.webp 768w, https:\/\/gh.bs-kronach.de\/wp-content\/uploads\/2026\/03\/Digitalisierung-unten-12x12.webp 12w\" sizes=\"(max-width: 1007px) 100vw, 1007px\" \/><\/figure>\n<\/div>\n\n\n\n<div class=\"wp-block-column is-vertically-aligned-center is-layout-flow wp-block-column-is-layout-flow\" style=\"flex-basis:50%\">\n<h2 class=\"wp-block-heading has-accent-3-color has-text-color\" id=\"Digitalpakt\" style=\"font-size:clamp(20px, 1.25rem + ((1vw - 3.2px) * 1.25), 32px);\"><strong>Launch of \u201eDigital Pact for Schools\u201c<\/strong><\/h2>\n\n\n\n<p class=\"has-text-color\" style=\"color:#000000;font-size:clamp(14px, 0.875rem + ((1vw - 3.2px) * 0.313), 17px);\">The DigitalPakt Schule was launched to improve the digital infrastructure at German schools and promote digitalisation.<\/p>\n\n\n\n<p>Digitalisation is changing the work of electronics technicians for energy and building technology through the increased networking of building systems, the integration of renewable energies and new technologies such as e-mobility and smart home solutions.This requires new skills in the areas of IT, network technology and dealing with intelligent control systems, which is also reflected in new training occupations such as the<a href=\"https:\/\/www.google.com\/search?sca_esv=3bbeda8844e2ec09&amp;cs=0&amp;q=Elektroniker+f%C3%BCr+Geb%C3%A4udesystemintegration&amp;sa=X&amp;ved=2ahUKEwj6_q3F8KiQAxUASvEDHVwrMiUQxccNegQIBhAB&amp;mstk=AUtExfDQrMWUsKIe158wunJ__cpH1rLRLb5jDaDfRFci0xE1d5yMyM1JMF0rI2ofqGpDO9qmt9xkfFwIse1zQzz3AfSsRX4V6-g-sp_RgK8jvG2_wz2rPGYjDPGWZBXiBb21JYk&amp;csui=3\" target=\"_blank\" rel=\"noreferrer noopener\">Electronics technician for building systems integration<\/a>is reflected.&nbsp;<\/p>\n\n\n\n<div data-wp-context=\"{ &quot;autoclose&quot;: false, &quot;accordionItems&quot;: [] }\" data-wp-interactive=\"core\/accordion\" role=\"group\" class=\"wp-block-accordion is-layout-flow wp-block-accordion-is-layout-flow\">\n<div data-wp-class--is-open=\"state.isOpen\" data-wp-context=\"{ &quot;id&quot;: &quot;accordion-item-2&quot;, &quot;openByDefault&quot;: false }\" data-wp-init=\"callbacks.initAccordionItems\" data-wp-on-window--hashchange=\"callbacks.hashChange\" class=\"wp-block-accordion-item is-layout-flow wp-block-accordion-item-is-layout-flow\">\n<h3 class=\"wp-block-accordion-heading has-accent-3-color has-text-color has-link-color has-large-font-size wp-elements-de5689d12829795dec3edc1a9bfe1668\"><button aria-expanded=\"false\" aria-controls=\"accordion-item-2-panel\" data-wp-bind--aria-expanded=\"state.isOpen\" data-wp-on--click=\"actions.toggle\" data-wp-on--keydown=\"actions.handleKeyDown\" id=\"accordion-item-2\" type=\"button\" class=\"wp-block-accordion-heading__toggle\"><span class=\"wp-block-accordion-heading__toggle-title\">Important innovations<\/span><span class=\"wp-block-accordion-heading__toggle-icon\" aria-hidden=\"true\">+<\/span><\/button><\/h3>\n\n\n\n<div inert aria-labelledby=\"accordion-item-2\" data-wp-bind--inert=\"!state.isOpen\" id=\"accordion-item-2-panel\" role=\"region\" class=\"wp-block-accordion-panel is-layout-flow wp-block-accordion-panel-is-layout-flow\">\n<p>Important innovations&nbsp;<\/p>\n\n\n\n<ul class=\"wp-block-list has-small-font-size\">\n<li><strong>Networked building systems:<\/strong>\u202f&nbsp;<br>Digital control systems and networking via protocols such as KNXnet\/IP and Modbus\/TCP are becoming increasingly important for controlling lighting, heating and security.&nbsp;<\/li>\n\n\n\n<li><strong>Renewable energies and energy management:<\/strong>\u202f&nbsp;<br>The energy transition requires the integration of decentralised and renewable energy sources.Electronics engineers must now also install and maintain systems for energy management and the charging infrastructure for electromobility.&nbsp;<\/li>\n\n\n\n<li><strong>Safety standards:<\/strong>\u202f&nbsp;<br>Networking increases the demands on safety.Electronics engineers must fulfil safety-relevant aspects such as<a href=\"https:\/\/www.google.com\/search?sca_esv=3bbeda8844e2ec09&amp;cs=0&amp;q=KNX+Secure&amp;sa=X&amp;ved=2ahUKEwj6_q3F8KiQAxUASvEDHVwrMiUQxccNegQIIBAB&amp;mstk=AUtExfDQrMWUsKIe158wunJ__cpH1rLRLb5jDaDfRFci0xE1d5yMyM1JMF0rI2ofqGpDO9qmt9xkfFwIse1zQzz3AfSsRX4V6-g-sp_RgK8jvG2_wz2rPGYjDPGWZBXiBb21JYk&amp;csui=3\" target=\"_blank\" rel=\"noreferrer noopener\">KNX Secure<\/a>to ensure data protection and system security.&nbsp;<\/li>\n\n\n\n<li><strong>Smart home and comfort:<\/strong>\u202f&nbsp;<br>The integration of smart home systems for home comfort and security is becoming increasingly complex.This also includes applications that utilise artificial intelligence (AI), such as circadian light.&nbsp;<br>&nbsp;<\/li>\n\n\n\n<li><strong>New training occupations:<\/strong>\u202f&nbsp;<br>New professions have been created to meet the changing requirements, such as electronics technician for building systems integration, which focuses on networked and smart buildings.&nbsp;<br>&nbsp;<\/li>\n\n\n\n<li><strong>Digital learning methods:<\/strong>\u202f&nbsp;<br>Training itself is also becoming more digital.Trainees are learning more flexibly and independently of time with digital media and need to develop new skills in using these tools.&nbsp;<\/li>\n<\/ul>\n<\/div>\n<\/div>\n<\/div>\n\n\n\n<div class=\"wp-block-buttons\" style=\"justify-content: flex-end; display: flex;\">\n  \n  <!-- Zur\u00fcck-Button -->\n  <div class=\"wp-block-button\">\n    <button class=\"wp-block-button__link wp-element-button\"   onclick=\"history.back()\">Back<\/button>\n  <\/div>\n  <\/div>\n\n<\/div>\n<\/div>\n<\/div>\n\n\n\n<div class=\"wp-block-columns alignwide has-base-background-color has-background is-layout-flex wp-container-core-columns-is-layout-47c06fe3 wp-block-columns-is-layout-flex\">\n<div class=\"wp-block-column is-vertically-aligned-center is-layout-flow wp-block-column-is-layout-flow\" style=\"flex-basis:50%\">\n<h2 class=\"wp-block-heading has-accent-3-color has-text-color\" id=\"Neuordnung\" style=\"font-size:clamp(20px, 1.25rem + ((1vw - 3.2px) * 1.25), 32px);\"><strong>Reorganisation of electrical engineering apprenticeships<\/strong><\/h2>\n\n\n\n<p class=\"has-text-color\" style=\"color:#000000;font-size:clamp(14px, 0.875rem + ((1vw - 3.2px) * 0.313), 17px);\">Systems for setting up a smart home are becoming increasingly popular - and at the same time more sophisticated. The energy transition means that energy is increasingly being generated from renewable sources and in a decentralised manner. More and more buildings are equipped with photovoltaic systems, electricity storage or intelligent energy management systems.<\/p>\n\n\n\n<p>This opens up exciting prospects for young people at the start of their careers: training in one of the five restructured electrical trades.<\/p>\n\n\n\n<div data-wp-context=\"{ &quot;autoclose&quot;: false, &quot;accordionItems&quot;: [] }\" data-wp-interactive=\"core\/accordion\" role=\"group\" class=\"wp-block-accordion is-layout-flow wp-block-accordion-is-layout-flow\">\n<div data-wp-class--is-open=\"state.isOpen\" data-wp-context=\"{ &quot;id&quot;: &quot;accordion-item-3&quot;, &quot;openByDefault&quot;: false }\" data-wp-init=\"callbacks.initAccordionItems\" data-wp-on-window--hashchange=\"callbacks.hashChange\" class=\"wp-block-accordion-item is-layout-flow wp-block-accordion-item-is-layout-flow\">\n<h3 class=\"wp-block-accordion-heading has-accent-3-color has-text-color has-link-color has-large-font-size wp-elements-de5689d12829795dec3edc1a9bfe1668\"><button aria-expanded=\"false\" aria-controls=\"accordion-item-3-panel\" data-wp-bind--aria-expanded=\"state.isOpen\" data-wp-on--click=\"actions.toggle\" data-wp-on--keydown=\"actions.handleKeyDown\" id=\"accordion-item-3\" type=\"button\" class=\"wp-block-accordion-heading__toggle\"><span class=\"wp-block-accordion-heading__toggle-title\">Important innovations<\/span><span class=\"wp-block-accordion-heading__toggle-icon\" aria-hidden=\"true\">+<\/span><\/button><\/h3>\n\n\n\n<div inert aria-labelledby=\"accordion-item-3\" data-wp-bind--inert=\"!state.isOpen\" id=\"accordion-item-3-panel\" role=\"region\" class=\"wp-block-accordion-panel is-layout-flow wp-block-accordion-panel-is-layout-flow\">\n<p>Digitalisation, energy efficiency, renewable energy generation and smart home technologies are developments that are already playing a major role today and will have an even greater impact on our everyday lives in the future,\u201c explains Andreas Habermehl from the German Electrical and IT Trades Association (ZVEH). \u201eThe electrical trade will play a key role in dealing with these technologies. Anyone who decides to train in this field now is choosing a profession with a future.\u201c<\/p>\n\n\n\n<p>Habermehl recommends that anyone interested should find out more early on and contact training companies.<\/p>\n<\/div>\n<\/div>\n<\/div>\n\n\n\n<div class=\"wp-block-buttons\" >\n  \n  <!-- Zur\u00fcck-Button -->\n  <div class=\"wp-block-button\">\n    <button class=\"wp-block-button__link wp-element-button\"   onclick=\"history.back()\">Back<\/button>\n  <\/div>\n  <\/div>\n\n<\/div>\n<\/div>\n\n\n\n<div class=\"wp-block-column is-vertically-aligned-center is-layout-flow wp-block-column-is-layout-flow\" style=\"flex-basis:30%\">\n<figure class=\"wp-block-image size-full is-style-rounded is-style-rounded--4\"><img decoding=\"async\" width=\"1024\" height=\"1536\" src=\"https:\/\/gh.bs-kronach.de\/wp-content\/uploads\/2026\/03\/LehrPlanKI-ganz.webp\" alt=\"\" class=\"wp-image-775\" srcset=\"https:\/\/gh.bs-kronach.de\/wp-content\/uploads\/2026\/03\/LehrPlanKI-ganz.webp 1024w, https:\/\/gh.bs-kronach.de\/wp-content\/uploads\/2026\/03\/LehrPlanKI-ganz-200x300.webp 200w, https:\/\/gh.bs-kronach.de\/wp-content\/uploads\/2026\/03\/LehrPlanKI-ganz-683x1024.webp 683w, https:\/\/gh.bs-kronach.de\/wp-content\/uploads\/2026\/03\/LehrPlanKI-ganz-768x1152.webp 768w, https:\/\/gh.bs-kronach.de\/wp-content\/uploads\/2026\/03\/LehrPlanKI-ganz-8x12.webp 8w\" sizes=\"(max-width: 1024px) 100vw, 1024px\" \/><\/figure>\n<\/div>\n<\/div>\n\n\n\n<div class=\"wp-block-columns alignwide has-accent-background-color has-background is-layout-flex wp-container-core-columns-is-layout-47c06fe3 wp-block-columns-is-layout-flex\">\n<div class=\"wp-block-column is-vertically-aligned-center is-layout-flow wp-block-column-is-layout-flow\" style=\"flex-basis:30%\">\n<figure class=\"wp-block-image size-full is-style-rounded is-style-rounded--5\"><img decoding=\"async\" width=\"1200\" height=\"800\" src=\"https:\/\/gh.bs-kronach.de\/wp-content\/uploads\/2025\/10\/abstract-geometric-art.webp\" alt=\"\" class=\"wp-image-24\" srcset=\"https:\/\/gh.bs-kronach.de\/wp-content\/uploads\/2025\/10\/abstract-geometric-art.webp 1200w, https:\/\/gh.bs-kronach.de\/wp-content\/uploads\/2025\/10\/abstract-geometric-art-300x200.webp 300w, https:\/\/gh.bs-kronach.de\/wp-content\/uploads\/2025\/10\/abstract-geometric-art-1024x683.webp 1024w, https:\/\/gh.bs-kronach.de\/wp-content\/uploads\/2025\/10\/abstract-geometric-art-768x512.webp 768w, https:\/\/gh.bs-kronach.de\/wp-content\/uploads\/2025\/10\/abstract-geometric-art-18x12.webp 18w\" sizes=\"(max-width: 1200px) 100vw, 1200px\" \/><\/figure>\n<\/div>\n\n\n\n<div class=\"wp-block-column is-vertically-aligned-center is-layout-flow wp-block-column-is-layout-flow\" style=\"flex-basis:50%\">\n<h2 class=\"wp-block-heading has-accent-3-color has-text-color\" id=\"SmartBOAD\" style=\"font-size:clamp(20px, 1.25rem + ((1vw - 3.2px) * 1.25), 32px);\"><strong>Completion of SmartBOAD V1.0<\/strong><\/h2>\n\n\n\n<p class=\"has-text-color\" style=\"color:#000000;font-size:clamp(14px, 0.875rem + ((1vw - 3.2px) * 0.313), 17px);\">Text<\/p>\n\n\n\n<p>Text<\/p>\n\n\n\n<div data-wp-context=\"{ &quot;autoclose&quot;: false, &quot;accordionItems&quot;: [] }\" data-wp-interactive=\"core\/accordion\" role=\"group\" class=\"wp-block-accordion is-layout-flow wp-block-accordion-is-layout-flow\">\n<div data-wp-class--is-open=\"state.isOpen\" data-wp-context=\"{ &quot;id&quot;: &quot;accordion-item-6&quot;, &quot;openByDefault&quot;: false }\" data-wp-init=\"callbacks.initAccordionItems\" data-wp-on-window--hashchange=\"callbacks.hashChange\" class=\"wp-block-accordion-item is-layout-flow wp-block-accordion-item-is-layout-flow\">\n<h3 class=\"wp-block-accordion-heading has-accent-3-color has-text-color has-link-color has-large-font-size wp-elements-fe1c1ef5a90351181dbb1cdfcab3a882\"><button aria-expanded=\"false\" aria-controls=\"accordion-item-6-panel\" data-wp-bind--aria-expanded=\"state.isOpen\" data-wp-on--click=\"actions.toggle\" data-wp-on--keydown=\"actions.handleKeyDown\" id=\"accordion-item-6\" type=\"button\" class=\"wp-block-accordion-heading__toggle\"><span class=\"wp-block-accordion-heading__toggle-title\">Details ...<\/span><span class=\"wp-block-accordion-heading__toggle-icon\" aria-hidden=\"true\">+<\/span><\/button><\/h3>\n\n\n\n<div inert aria-labelledby=\"accordion-item-6\" data-wp-bind--inert=\"!state.isOpen\" id=\"accordion-item-6-panel\" role=\"region\" class=\"wp-block-accordion-panel is-layout-flow wp-block-accordion-panel-is-layout-flow\">\n<p>Important innovations&nbsp;<\/p>\n<\/div>\n<\/div>\n<\/div>\n\n\n\n<div class=\"wp-block-buttons\" style=\"justify-content: flex-end; display: flex;\">\n  \n  <!-- Zur\u00fcck-Button -->\n  <div class=\"wp-block-button\">\n    <button class=\"wp-block-button__link wp-element-button\"   onclick=\"history.back()\">Back<\/button>\n  <\/div>\n  <\/div>\n\n<\/div>\n<\/div>\n<\/div>\n\n\n\n<div class=\"wp-block-columns alignwide has-base-background-color has-background is-layout-flex wp-container-core-columns-is-layout-47c06fe3 wp-block-columns-is-layout-flex\">\n<div class=\"wp-block-column is-vertically-aligned-center is-layout-flow wp-block-column-is-layout-flow\" style=\"flex-basis:50%\">\n<h2 class=\"wp-block-heading has-accent-3-color has-text-color\" id=\"Neuordnung\" style=\"font-size:clamp(20px, 1.25rem + ((1vw - 3.2px) * 1.25), 32px);\"><strong>Reorganisation of electrical engineering apprenticeships<\/strong><\/h2>\n\n\n\n<p class=\"has-text-color\" style=\"color:#000000;font-size:clamp(14px, 0.875rem + ((1vw - 3.2px) * 0.313), 17px);\">Systems for setting up a smart home are becoming increasingly popular - and at the same time more sophisticated. The energy transition means that energy is increasingly being generated from renewable sources and in a decentralised manner. More and more buildings are equipped with photovoltaic systems, electricity storage or intelligent energy management systems.<\/p>\n\n\n\n<p>This opens up exciting prospects for young people at the start of their careers: training in one of the five restructured electrical trades.<\/p>\n\n\n\n<div data-wp-context=\"{ &quot;autoclose&quot;: false, &quot;accordionItems&quot;: [] }\" data-wp-interactive=\"core\/accordion\" role=\"group\" class=\"wp-block-accordion is-layout-flow wp-block-accordion-is-layout-flow\">\n<div data-wp-class--is-open=\"state.isOpen\" data-wp-context=\"{ &quot;id&quot;: &quot;accordion-item-7&quot;, &quot;openByDefault&quot;: false }\" data-wp-init=\"callbacks.initAccordionItems\" data-wp-on-window--hashchange=\"callbacks.hashChange\" class=\"wp-block-accordion-item is-layout-flow wp-block-accordion-item-is-layout-flow\">\n<h3 class=\"wp-block-accordion-heading has-accent-3-color has-text-color has-link-color has-large-font-size wp-elements-de5689d12829795dec3edc1a9bfe1668\"><button aria-expanded=\"false\" aria-controls=\"accordion-item-7-panel\" data-wp-bind--aria-expanded=\"state.isOpen\" data-wp-on--click=\"actions.toggle\" data-wp-on--keydown=\"actions.handleKeyDown\" id=\"accordion-item-7\" type=\"button\" class=\"wp-block-accordion-heading__toggle\"><span class=\"wp-block-accordion-heading__toggle-title\">Important innovations<\/span><span class=\"wp-block-accordion-heading__toggle-icon\" aria-hidden=\"true\">+<\/span><\/button><\/h3>\n\n\n\n<div inert aria-labelledby=\"accordion-item-7\" data-wp-bind--inert=\"!state.isOpen\" id=\"accordion-item-7-panel\" role=\"region\" class=\"wp-block-accordion-panel is-layout-flow wp-block-accordion-panel-is-layout-flow\">\n<p>Digitalisation, energy efficiency, renewable energy generation and smart home technologies are developments that are already playing a major role today and will have an even greater impact on our everyday lives in the future,\u201c explains Andreas Habermehl from the German Electrical and IT Trades Association (ZVEH). \u201eThe electrical trade will play a key role in dealing with these technologies. Anyone who decides to train in this field now is choosing a profession with a future.\u201c<\/p>\n\n\n\n<p>Habermehl recommends that anyone interested should find out more early on and contact training companies.<\/p>\n<\/div>\n<\/div>\n<\/div>\n\n\n\n<div class=\"wp-block-buttons\" >\n  \n  <!-- Zur\u00fcck-Button -->\n  <div class=\"wp-block-button\">\n    <button class=\"wp-block-button__link wp-element-button\"   onclick=\"history.back()\">Back<\/button>\n  <\/div>\n  <\/div>\n\n<\/div>\n<\/div>\n\n\n\n<div class=\"wp-block-column is-vertically-aligned-center is-layout-flow wp-block-column-is-layout-flow\" style=\"flex-basis:30%\">\n<figure class=\"wp-block-image size-full is-style-rounded is-style-rounded--8\"><img decoding=\"async\" width=\"1024\" height=\"1536\" src=\"https:\/\/gh.bs-kronach.de\/wp-content\/uploads\/2026\/03\/LehrPlanKI-ganz.webp\" alt=\"\" class=\"wp-image-775\" srcset=\"https:\/\/gh.bs-kronach.de\/wp-content\/uploads\/2026\/03\/LehrPlanKI-ganz.webp 1024w, https:\/\/gh.bs-kronach.de\/wp-content\/uploads\/2026\/03\/LehrPlanKI-ganz-200x300.webp 200w, https:\/\/gh.bs-kronach.de\/wp-content\/uploads\/2026\/03\/LehrPlanKI-ganz-683x1024.webp 683w, https:\/\/gh.bs-kronach.de\/wp-content\/uploads\/2026\/03\/LehrPlanKI-ganz-768x1152.webp 768w, https:\/\/gh.bs-kronach.de\/wp-content\/uploads\/2026\/03\/LehrPlanKI-ganz-8x12.webp 8w\" sizes=\"(max-width: 1024px) 100vw, 1024px\" \/><\/figure>\n<\/div>\n<\/div>\n<\/div>\n\n\n\n<p><\/p>","protected":false},"excerpt":{"rendered":"<p>Start &#8222;Digital-Pakt Schule&#8220; Der DigitalPakt Schule wurde gestartet, um die digitale Infrastruktur an deutschen Schulen zu verbessern und die Digitalisierung zu f\u00f6rdern.\u202f Die Digitalisierung ver\u00e4ndert die Arbeit von Elektronikern f\u00fcr Energie- und Geb\u00e4udetechnik durch die verst\u00e4rkte Vernetzung von Geb\u00e4udesystemen, die Integration erneuerbarer Energien und neuer Technologien wie E-Mobilit\u00e4t und Smart-Home-L\u00f6sungen.\u202fDies erfordert neue Kompetenzen in den [&hellip;]<\/p>\n","protected":false},"author":2,"featured_media":0,"parent":0,"menu_order":0,"comment_status":"closed","ping_status":"closed","template":"","meta":{"footnotes":""},"categories":[],"tags":[],"class_list":["post-761","page","type-page","status-publish","hentry"],"_links":{"self":[{"href":"https:\/\/gh.bs-kronach.de\/en\/wp-json\/wp\/v2\/pages\/761","targetHints":{"allow":["GET"]}}],"collection":[{"href":"https:\/\/gh.bs-kronach.de\/en\/wp-json\/wp\/v2\/pages"}],"about":[{"href":"https:\/\/gh.bs-kronach.de\/en\/wp-json\/wp\/v2\/types\/page"}],"author":[{"embeddable":true,"href":"https:\/\/gh.bs-kronach.de\/en\/wp-json\/wp\/v2\/users\/2"}],"replies":[{"embeddable":true,"href":"https:\/\/gh.bs-kronach.de\/en\/wp-json\/wp\/v2\/comments?post=761"}],"version-history":[{"count":31,"href":"https:\/\/gh.bs-kronach.de\/en\/wp-json\/wp\/v2\/pages\/761\/revisions"}],"predecessor-version":[{"id":860,"href":"https:\/\/gh.bs-kronach.de\/en\/wp-json\/wp\/v2\/pages\/761\/revisions\/860"}],"wp:attachment":[{"href":"https:\/\/gh.bs-kronach.de\/en\/wp-json\/wp\/v2\/media?parent=761"}],"wp:term":[{"taxonomy":"category","embeddable":true,"href":"https:\/\/gh.bs-kronach.de\/en\/wp-json\/wp\/v2\/categories?post=761"},{"taxonomy":"post_tag","embeddable":true,"href":"https:\/\/gh.bs-kronach.de\/en\/wp-json\/wp\/v2\/tags?post=761"}],"curies":[{"name":"wp","href":"https:\/\/api.w.org\/{rel}","templated":true}]}}