{"id":22,"date":"2025-10-26T14:41:09","date_gmt":"2025-10-26T13:41:09","guid":{"rendered":"https:\/\/gh.bs-kronach.de\/?page_id=22"},"modified":"2026-04-08T20:29:20","modified_gmt":"2026-04-08T18:29:20","slug":"estudiantes","status":"publish","type":"page","link":"https:\/\/gh.bs-kronach.de\/es\/students\/","title":{"rendered":"Students"},"content":{"rendered":"<div class=\"wp-block-group alignwide has-accent-background-color has-background has-global-padding is-layout-constrained wp-container-core-group-is-layout-669513ed wp-block-group-is-layout-constrained\" style=\"margin-top:0;margin-bottom:0;padding-top:var(--wp--preset--spacing--50);padding-right:var(--wp--preset--spacing--50);padding-bottom:var(--wp--preset--spacing--50);padding-left:var(--wp--preset--spacing--50)\">\n<figure class=\"wp-block-image alignwide size-large\"><img fetchpriority=\"high\" decoding=\"async\" width=\"1024\" height=\"279\" src=\"https:\/\/gh.bs-kronach.de\/wp-content\/uploads\/2026\/04\/SmartBOARD-Header-1024x279.jpg\" alt=\"\" class=\"wp-image-1118\" srcset=\"https:\/\/gh.bs-kronach.de\/wp-content\/uploads\/2026\/04\/SmartBOARD-Header-1024x279.jpg 1024w, https:\/\/gh.bs-kronach.de\/wp-content\/uploads\/2026\/04\/SmartBOARD-Header-300x82.jpg 300w, https:\/\/gh.bs-kronach.de\/wp-content\/uploads\/2026\/04\/SmartBOARD-Header-768x210.jpg 768w, https:\/\/gh.bs-kronach.de\/wp-content\/uploads\/2026\/04\/SmartBOARD-Header-1536x419.jpg 1536w, https:\/\/gh.bs-kronach.de\/wp-content\/uploads\/2026\/04\/SmartBOARD-Header-2048x559.jpg 2048w, https:\/\/gh.bs-kronach.de\/wp-content\/uploads\/2026\/04\/SmartBOARD-Header-18x5.jpg 18w\" sizes=\"(max-width: 1024px) 100vw, 1024px\" \/><\/figure>\n\n\n\n<div class=\"wp-block-columns alignwide is-layout-flex wp-container-core-columns-is-layout-1da03c2a wp-block-columns-is-layout-flex\">\n<div class=\"wp-block-column is-vertically-aligned-stretch is-layout-flow wp-block-column-is-layout-flow\" style=\"flex-basis:50%\">\n<div class=\"wp-block-group has-global-padding is-layout-constrained wp-block-group-is-layout-constrained\" style=\"min-height:100%\">\n<p class=\"has-heading-font-family has-large-font-size\" style=\"line-height:1.2\">Ein Schl\u00fcsselthema f\u00fcr die Elektro\u2011Ausbildung:<\/p>\n\n\n\n<p class=\"has-accent-3-color has-text-color has-link-color has-heading-font-family has-x-large-font-size wp-elements-602ea874bf3363cf2822928d4288e958\" style=\"line-height:1.2\">SmartHome<\/p>\n<\/div>\n<\/div>\n\n\n\n<div class=\"wp-block-column is-vertically-aligned-center is-layout-flow wp-block-column-is-layout-flow\" style=\"flex-basis:80%\">\n<div class=\"wp-block-columns is-layout-flex wp-container-core-columns-is-layout-87beb0d0 wp-block-columns-is-layout-flex\">\n<div class=\"wp-block-column is-layout-flow wp-block-column-is-layout-flow\">\n<p class=\"has-small-font-size wp-container-content-9cfa9a5a\">Smart Home\u2011Technologien geh\u00f6ren heute zu den wichtigsten Entwicklungen in der Elektrotechnik. Vernetzte Beleuchtung, intelligente Heizungssteuerungen, Sicherheitssysteme oder Energiemanagement \u2013 all das wird in modernen Haushalten zunehmend selbstverst\u00e4ndlich. F\u00fcr Elektro\u2011Lehrlinge bedeutet das: Wer in Zukunft erfolgreich arbeiten will, muss diese Systeme nicht nur kennen, sondern auch verstehen und sicher installieren k\u00f6nnen.<\/p>\n<\/div>\n\n\n\n<div class=\"wp-block-column is-layout-flow wp-block-column-is-layout-flow\">\n<p class=\"has-small-font-size\">Gerade weil Smart Home verschiedene Bereiche wie Elektrik, IT\u2011Netzwerke und Automatisierung verbindet, sammeln Auszubildende dabei wertvolle Erfahrungen. Sie lernen, wie Ger\u00e4te miteinander kommunizieren, wie man Systeme konfiguriert und wie man Kunden kompetent ber\u00e4t. Smart Home ist damit nicht nur ein Trend, sondern ein zentraler Bestandteil des Berufsbildes \u2013 und eine gro\u00dfe Chance, sich fr\u00fchzeitig Fachwissen f\u00fcr die Zukunft aufzubauen.<\/p>\n<\/div>\n<\/div>\n<\/div>\n<\/div>\n<\/div>\n\n\n\n<div class=\"wp-block-group alignwide has-base-background-color has-background has-global-padding is-layout-constrained wp-container-core-group-is-layout-d89aad35 wp-block-group-is-layout-constrained\" style=\"margin-top:0;margin-bottom:0;padding-top:var(--wp--preset--spacing--50);padding-right:var(--wp--preset--spacing--50);padding-bottom:var(--wp--preset--spacing--50);padding-left:var(--wp--preset--spacing--50)\">\n<div class=\"wp-block-columns alignwide is-layout-flex wp-container-core-columns-is-layout-1da03c2a wp-block-columns-is-layout-flex\">\n<div class=\"wp-block-column is-vertically-aligned-center is-layout-flow wp-block-column-is-layout-flow\" style=\"flex-basis:60%\"><div class=\"h5p-iframe-wrapper\"><iframe id=\"h5p-iframe-1\" class=\"h5p-iframe\" data-content-id=\"1\" style=\"height:1px\" src=\"about:blank\" frameborder=\"0\" scrolling=\"no\" title=\"SmartBOARD-Panel\"><\/iframe><\/div>\n<\/div>\n\n\n\n<div class=\"wp-block-column is-layout-flow wp-block-column-is-layout-flow\" style=\"flex-basis:40%\">\n<h2 class=\"wp-block-heading alignwide has-accent-3-color has-text-color has-link-color wp-elements-278d0082ca73066523bc25d300740c38\">Das SMART-Board<\/h2>\n\n\n\n<p>Entdecke die vielf\u00e4ltigen Funktionen des Boards:<\/p>\n\n\n\n<ul class=\"wp-block-list has-small-font-size\">\n<li>Steckdosen und Beleuchtung<\/li>\n\n\n\n<li>Markisen oder Garagentore<\/li>\n\n\n\n<li>Wetterdaten verarbeiten<\/li>\n\n\n\n<li>Temperaturen messen<\/li>\n\n\n\n<li>Feuchtigkeit, Wasserschaden<\/li>\n\n\n\n<li>Bewegungsmelder, Heizungsthermostate, u.v.m.<\/li>\n<\/ul>\n\n\n\n<div class=\"wp-block-buttons is-layout-flex wp-block-buttons-is-layout-flex\">\n<div class=\"wp-block-button\"><a class=\"wp-block-button__link wp-element-button\">mehr dazu &#8230;<\/a><\/div>\n<\/div>\n<\/div>\n<\/div>\n<\/div>\n\n\n\n<div class=\"wp-block-group alignwide has-accent-background-color has-background has-global-padding is-layout-constrained wp-container-core-group-is-layout-d89aad35 wp-block-group-is-layout-constrained\" style=\"margin-top:0;margin-bottom:0;padding-top:var(--wp--preset--spacing--50);padding-right:var(--wp--preset--spacing--50);padding-bottom:var(--wp--preset--spacing--50);padding-left:var(--wp--preset--spacing--50)\">\n<div class=\"wp-block-columns alignwide is-layout-flex wp-container-core-columns-is-layout-1da03c2a wp-block-columns-is-layout-flex\">\n<div class=\"wp-block-column is-layout-flow wp-block-column-is-layout-flow\" style=\"flex-basis:40%\">\n<h2 class=\"wp-block-heading alignwide has-accent-3-color has-text-color has-link-color wp-elements-d3b8a1990b2b1fa25daa10dc4dee5f53\">Ein Blick hinein<\/h2>\n\n\n\n<p>Entdecke die vielf\u00e4ltigen Funktionen des Boards:<\/p>\n\n\n\n<ul class=\"wp-block-list has-small-font-size\">\n<li>Steckdosen und Beleuchtung<\/li>\n\n\n\n<li>Markisen oder Garagentore<\/li>\n\n\n\n<li>Wetterdaten verarbeiten<\/li>\n\n\n\n<li>Temperaturen messen<\/li>\n\n\n\n<li>Feuchtigkeit, Wasserschaden<\/li>\n\n\n\n<li>Bewegungsmelder, Heizungsthermostate, u.v.m.<\/li>\n<\/ul>\n\n\n\n<div class=\"wp-block-buttons is-layout-flex wp-block-buttons-is-layout-flex\">\n<div class=\"wp-block-button\"><a class=\"wp-block-button__link wp-element-button\">mehr dazu &#8230;<\/a><\/div>\n<\/div>\n<\/div>\n\n\n\n<div class=\"wp-block-column is-vertically-aligned-center is-layout-flow wp-block-column-is-layout-flow\" style=\"flex-basis:60%\"><div class=\"h5p-iframe-wrapper\"><iframe id=\"h5p-iframe-2\" class=\"h5p-iframe\" data-content-id=\"2\" style=\"height:1px\" src=\"about:blank\" frameborder=\"0\" scrolling=\"no\" title=\"SMARTBoard inside\"><\/iframe><\/div>\n<\/div>\n<\/div>\n<\/div>","protected":false},"excerpt":{"rendered":"<p>Ein Schl\u00fcsselthema f\u00fcr die Elektro\u2011Ausbildung: SmartHome Smart Home\u2011Technologien geh\u00f6ren heute zu den wichtigsten Entwicklungen in der Elektrotechnik. Vernetzte Beleuchtung, intelligente Heizungssteuerungen, Sicherheitssysteme oder Energiemanagement \u2013 all das wird in modernen Haushalten zunehmend selbstverst\u00e4ndlich. F\u00fcr Elektro\u2011Lehrlinge bedeutet das: Wer in Zukunft erfolgreich arbeiten will, muss diese Systeme nicht nur kennen, sondern auch verstehen und sicher installieren [&hellip;]<\/p>\n","protected":false},"author":2,"featured_media":0,"parent":0,"menu_order":0,"comment_status":"closed","ping_status":"closed","template":"","meta":{"footnotes":""},"categories":[5],"tags":[],"class_list":["post-22","page","type-page","status-publish","hentry","category-students"],"_links":{"self":[{"href":"https:\/\/gh.bs-kronach.de\/es\/wp-json\/wp\/v2\/pages\/22","targetHints":{"allow":["GET"]}}],"collection":[{"href":"https:\/\/gh.bs-kronach.de\/es\/wp-json\/wp\/v2\/pages"}],"about":[{"href":"https:\/\/gh.bs-kronach.de\/es\/wp-json\/wp\/v2\/types\/page"}],"author":[{"embeddable":true,"href":"https:\/\/gh.bs-kronach.de\/es\/wp-json\/wp\/v2\/users\/2"}],"replies":[{"embeddable":true,"href":"https:\/\/gh.bs-kronach.de\/es\/wp-json\/wp\/v2\/comments?post=22"}],"version-history":[{"count":13,"href":"https:\/\/gh.bs-kronach.de\/es\/wp-json\/wp\/v2\/pages\/22\/revisions"}],"predecessor-version":[{"id":1138,"href":"https:\/\/gh.bs-kronach.de\/es\/wp-json\/wp\/v2\/pages\/22\/revisions\/1138"}],"wp:attachment":[{"href":"https:\/\/gh.bs-kronach.de\/es\/wp-json\/wp\/v2\/media?parent=22"}],"wp:term":[{"taxonomy":"category","embeddable":true,"href":"https:\/\/gh.bs-kronach.de\/es\/wp-json\/wp\/v2\/categories?post=22"},{"taxonomy":"post_tag","embeddable":true,"href":"https:\/\/gh.bs-kronach.de\/es\/wp-json\/wp\/v2\/tags?post=22"}],"curies":[{"name":"wp","href":"https:\/\/api.w.org\/{rel}","templated":true}]}}