{"id":257,"date":"2026-02-26T09:33:56","date_gmt":"2026-02-26T08:33:56","guid":{"rendered":"https:\/\/gh.bs-kronach.de\/?page_id=257"},"modified":"2026-04-13T16:53:40","modified_gmt":"2026-04-13T14:53:40","slug":"equipo-daha","status":"publish","type":"page","link":"https:\/\/gh.bs-kronach.de\/es\/team-daha\/","title":{"rendered":"Comparaci\u00f3n de Shelly Plus Addon con Shelly Plus Uni"},"content":{"rendered":"<h1 class=\"wp-block-heading has-accent-3-color has-text-color has-link-color wp-elements-bcc95d310ee88cf1cc524168083e74aa\">Comparaci\u00f3n de Shelly Plus Addon con Shelly Plus Uni<\/h1>\n\n\n\n<p>En <strong>Complemento Shelly Plus<\/strong> y el <strong>Shelly Plus Uni<\/strong> dienen beide der Integration externer Sensoren in das Shelly-System. Ein Vergleich dieser L\u00f6sungen ist immer dann sinnvoll, wenn die Eing\u00e4nge des prim\u00e4ren Host-Ger\u00e4ts f\u00fcr die Erfassung der Sensordaten nicht ausreichen. Dabei l\u00e4sst sich die Funktionalit\u00e4t entweder direkt \u00fcber das aufsteckbare Plus Addon erweitern oder durch das Shelly Plus Uni als komplett eigenst\u00e4ndiges Modul realisieren.<\/p>\n\n\n\n<p>En <strong>Shelly Plus AddOn<\/strong> ist eine Erweiterungsplatine f\u00fcr bestimmte Shelly\u2011Modelle (z.\u202fB. Shelly Plus 1 oder 1PM). Sie erg\u00e4nzt diese um zus\u00e4tzliche Eing\u00e4nge wie analoge Sensoren, Temperatursensoren (DS18B20) oder Schalter. Das AddOn selbst funktioniert nicht eigenst\u00e4ndig, sondern erweitert die Funktionen des Hauptger\u00e4ts.<\/p>\n\n\n\n<p>En <strong>Shelly Plus Uni<\/strong> hingegen ist ein eigenst\u00e4ndiges, universelles Modul. Es kann direkt Sensoren oder Schalter einbinden, zwei Ausg\u00e4nge steuern und arbeitet komplett \u00fcber WLAN \u2013 ohne zus\u00e4tzliches Basisger\u00e4t. Damit eignet es sich f\u00fcr flexible Anwendungen, bei denen keine feste Installation oder Relais n\u00f6tig ist.<\/p>\n\n\n\n<div style=\"height:48px\" aria-hidden=\"true\" class=\"wp-block-spacer\"><\/div>\n\n\n\n<div class=\"wp-block-columns is-layout-flex wp-container-core-columns-is-layout-28f84493 wp-block-columns-is-layout-flex\">\n<div class=\"wp-block-column is-layout-flow wp-block-column-is-layout-flow\" style=\"flex-basis:100%\">\n<h2 class=\"wp-block-heading\">Comparaci\u00f3n de datos t\u00e9cnicos<\/h2>\n<\/div>\n<\/div>\n\n\n\n<figure class=\"wp-block-table\"><table class=\"has-fixed-layout\"><tbody><tr><td><\/td><td><a href=\"https:\/\/www.shelly.com\/de\/products\/shelly-plus-add-on\"><strong>Complemento Shelly Plus<\/strong><\/a><\/td><td><a href=\"https:\/\/www.shelly.com\/de\/products\/shelly-plus-uni\"><strong>Shelly Plus Uni<\/strong><\/a><\/td><\/tr><tr><td><strong>Aussehen<\/strong><\/td><td><img decoding=\"async\" width=\"175\" height=\"175\" class=\"wp-image-593\" style=\"width: 175px;\" src=\"https:\/\/gh.bs-kronach.de\/wp-content\/uploads\/2026\/03\/Plus_Addon_1.png\" alt=\"\" srcset=\"https:\/\/gh.bs-kronach.de\/wp-content\/uploads\/2026\/03\/Plus_Addon_1.png 720w, https:\/\/gh.bs-kronach.de\/wp-content\/uploads\/2026\/03\/Plus_Addon_1-300x300.png 300w, https:\/\/gh.bs-kronach.de\/wp-content\/uploads\/2026\/03\/Plus_Addon_1-150x150.png 150w, https:\/\/gh.bs-kronach.de\/wp-content\/uploads\/2026\/03\/Plus_Addon_1-12x12.png 12w\" sizes=\"(max-width: 175px) 100vw, 175px\" \/><\/td><td><img decoding=\"async\" width=\"175\" height=\"143\" class=\"wp-image-602\" style=\"width: 175px;\" src=\"https:\/\/gh.bs-kronach.de\/wp-content\/uploads\/2026\/03\/UNI.png\" alt=\"\" srcset=\"https:\/\/gh.bs-kronach.de\/wp-content\/uploads\/2026\/03\/UNI.png 440w, https:\/\/gh.bs-kronach.de\/wp-content\/uploads\/2026\/03\/UNI-300x245.png 300w, https:\/\/gh.bs-kronach.de\/wp-content\/uploads\/2026\/03\/UNI-15x12.png 15w\" sizes=\"(max-width: 175px) 100vw, 175px\" \/><\/td><\/tr><tr><td><strong>Tipo<\/strong><\/td><td>M\u00f3dulo de ampliaci\u00f3n (accesorio)<\/td><td>Dispositivo aut\u00f3nomo<\/td><\/tr><tr><td><strong>Requiere dispositivo host<\/strong><\/td><td>S\u00ed (compatible: Shelly Plus 1\/1PM, Shelly Plus 2PM, Shelly Plus i4\/i4DC)<\/td><td>No (funciona directamente en WLAN)<\/td><\/tr><tr><td><strong>Alimentaci\u00f3n<\/strong><\/td><td>Acerca del dispositivo host<\/td><td>5 V CC\/9-28 V CC<\/td><\/tr><tr><td><strong>Entradas digitales<\/strong><\/td><td>1 (sin potencial o con tensi\u00f3n)<\/td><td>2<\/td><\/tr><tr><td><strong>Entradas anal\u00f3gicas<\/strong><\/td><td>1 (0-10V)<\/td><td>1 (0-10V \/ 0-30V)<\/td><\/tr><tr><td><strong>Salidas<\/strong><\/td><td>Ninguno propio (utiliza el rel\u00e9 del host)<\/td><td>2 salidas libres de potencial (hasta 100 mA)<\/td><\/tr><tr><td><strong>Sensores<\/strong><\/td><td>Hasta 5x DS18B20 o 1x DHT22<\/td><td>Hasta 5x DS18B20 o 1x DHT22<\/td><\/tr><tr><td><strong>Tipo de conexi\u00f3n<\/strong><\/td><td>Se conecta al rel\u00e9 Shelly Plus<\/td><td>Extremos sueltos del cable (hilos)<\/td><\/tr><tr><td><strong>Reportaje especial<\/strong><\/td><td>La soluci\u00f3n m\u00e1s segura para entornos de 230 V<\/td><td>Extremadamente peque\u00f1o, ideal para bricolaje y bajo voltaje<\/td><\/tr><tr><td><strong>Documentaci\u00f3n<\/strong><\/td><td><a href=\"https:\/\/www.shelly.com\/de\/blogs\/documentation\/shelly-plus-add-on\">Dokumentation Shelly Plus Add On<\/a><\/td><td><a href=\"https:\/\/www.shelly.com\/de\/blogs\/documentation\/shelly-plus-uni\">Dokumentation Shelly Plus Uni<\/a><\/td><\/tr><\/tbody><\/table><\/figure>\n\n\n\n<div class=\"wp-block-group alignfull has-global-padding is-layout-constrained wp-container-core-group-is-layout-d89aad35 wp-block-group-is-layout-constrained\" style=\"margin-top:0;margin-bottom:0;padding-top:var(--wp--preset--spacing--50);padding-right:var(--wp--preset--spacing--50);padding-bottom:var(--wp--preset--spacing--50);padding-left:var(--wp--preset--spacing--50)\">\n<div class=\"wp-block-columns are-vertically-aligned-center is-layout-flex wp-container-core-columns-is-layout-47c06fe3 wp-block-columns-is-layout-flex\">\n<div class=\"wp-block-column is-vertically-aligned-center is-layout-flow wp-block-column-is-layout-flow\" style=\"flex-basis:50%\">\n<h2 class=\"wp-block-heading\">Integraci\u00f3n de una amplia variedad de sensores<\/h2>\n\n\n\n<ul style=\"line-height:1.75\" class=\"wp-block-list is-style-checkmark-list\">\n<li>Sensor de temperatura Shelly<\/li>\n\n\n\n<li>Sensor de humedad del suelo<\/li>\n\n\n\n<li>Detector de movimiento<\/li>\n\n\n\n<li>Sensor de lluvia<\/li>\n\n\n\n<li>fotorresistencia<\/li>\n<\/ul>\n\n\n\n<div class=\"wp-block-buttons is-layout-flex wp-block-buttons-is-layout-flex\">\n<div class=\"wp-block-button\"><a class=\"wp-block-button__link wp-element-button\" href=\"https:\/\/www.shelly.com\/de\/products\/shelly-temp-sensor-ds18b20-1m-cable?_pos=24&amp;_sid=bdbb09cee&amp;_ss=r\">Sensor Shelly<\/a><\/div>\n\n\n\n<div class=\"wp-block-button is-style-outline is-style-outline--1\"><a class=\"wp-block-button__link wp-element-button\" href=\"https:\/\/www.conrad.de\/de\/c\/sensoren-14741.html\">Sensores independientes del fabricante<\/a><\/div>\n<\/div>\n<\/div>\n\n\n\n<div class=\"wp-block-column is-vertically-aligned-center is-layout-flow wp-block-column-is-layout-flow\" style=\"flex-basis:50%\">\n<figure class=\"wp-block-image size-full\"><img fetchpriority=\"high\" decoding=\"async\" width=\"1138\" height=\"835\" src=\"https:\/\/gh.bs-kronach.de\/wp-content\/uploads\/2026\/03\/Plus_Addon_2.png\" alt=\"\" class=\"wp-image-570\" srcset=\"https:\/\/gh.bs-kronach.de\/wp-content\/uploads\/2026\/03\/Plus_Addon_2.png 1138w, https:\/\/gh.bs-kronach.de\/wp-content\/uploads\/2026\/03\/Plus_Addon_2-300x220.png 300w, https:\/\/gh.bs-kronach.de\/wp-content\/uploads\/2026\/03\/Plus_Addon_2-1024x751.png 1024w, https:\/\/gh.bs-kronach.de\/wp-content\/uploads\/2026\/03\/Plus_Addon_2-768x564.png 768w, https:\/\/gh.bs-kronach.de\/wp-content\/uploads\/2026\/03\/Plus_Addon_2-16x12.png 16w\" sizes=\"(max-width: 1138px) 100vw, 1138px\" \/><\/figure>\n<\/div>\n<\/div>\n<\/div>\n\n\n\n<h2 class=\"wp-block-heading\">Apoyo a la toma de decisiones<\/h2>\n\n\n\n<div class=\"wp-block-columns is-layout-flex wp-container-core-columns-is-layout-28f84493 wp-block-columns-is-layout-flex\">\n<div class=\"wp-block-column is-layout-flow wp-block-column-is-layout-flow\" style=\"flex-basis:66.66%\">\n<p><strong>Pregunta<\/strong><\/p>\n\n\n\n<div style=\"height:10px\" aria-hidden=\"true\" class=\"wp-block-spacer\"><\/div>\n<\/div>\n\n\n\n<div class=\"wp-block-column is-layout-flow wp-block-column-is-layout-flow\" style=\"flex-basis:33.33%\">\n<p><strong>Recomendaci\u00f3n<\/strong><\/p>\n<\/div>\n<\/div>\n\n\n\n<div class=\"wp-block-columns is-layout-flex wp-container-core-columns-is-layout-28f84493 wp-block-columns-is-layout-flex\">\n<div class=\"wp-block-column is-layout-flow wp-block-column-is-layout-flow\" style=\"flex-basis:66.66%\">\n<p>\u00bfDispone ya de un repetidor Shelly Plus in situ?<\/p>\n<\/div>\n\n\n\n<div class=\"wp-block-column is-layout-flow wp-block-column-is-layout-flow\" style=\"flex-basis:33.33%\">\n<details class=\"wp-block-details is-layout-flow wp-block-details-is-layout-flow\"><summary><strong>Complemento Plus<\/strong><\/summary>\n<p><strong>Explicaci\u00f3n:<\/strong> Utiliza la alimentaci\u00f3n y la WLAN del Shelly existente. Ahorra una fuente de alimentaci\u00f3n adicional, espacio y una direcci\u00f3n IP adicional en la red.<\/p>\n\n\n\n<p><\/p>\n<\/details>\n<\/div>\n<\/div>\n\n\n\n<div style=\"height:10px\" aria-hidden=\"true\" class=\"wp-block-spacer\"><\/div>\n\n\n\n<div class=\"wp-block-columns is-layout-flex wp-container-core-columns-is-layout-28f84493 wp-block-columns-is-layout-flex\">\n<div class=\"wp-block-column is-layout-flow wp-block-column-is-layout-flow\" style=\"flex-basis:66.66%\">\n<p>\u00bfNecesitas conmutar una carga de 230 V (por ejemplo, un calefactor radiante)?<\/p>\n\n\n\n<div style=\"height:10px\" aria-hidden=\"true\" class=\"wp-block-spacer\"><\/div>\n<\/div>\n\n\n\n<div class=\"wp-block-column is-layout-flow wp-block-column-is-layout-flow\" style=\"flex-basis:33.33%\">\n<details class=\"wp-block-details is-layout-flow wp-block-details-is-layout-flow\"><summary><strong>Complemento Plus<\/strong><\/summary>\n<p><strong>Explicaci\u00f3n:<\/strong> S\u00f3lo el complemento puede conmutar con seguridad grandes cargas a trav\u00e9s del rel\u00e9 anfitri\u00f3n. Tambi\u00e9n ofrece una interfaz de sensor aislada el\u00e9ctricamente.<\/p>\n<\/details>\n<\/div>\n<\/div>\n\n\n\n<div class=\"wp-block-columns is-layout-flex wp-container-core-columns-is-layout-28f84493 wp-block-columns-is-layout-flex\">\n<div class=\"wp-block-column is-layout-flow wp-block-column-is-layout-flow\" style=\"flex-basis:66.66%\">\n<p>\u00bfTrabaja con 12 V CC o 24 V CA?<\/p>\n<\/div>\n\n\n\n<div class=\"wp-block-column is-layout-flow wp-block-column-is-layout-flow\" style=\"flex-basis:33.33%\">\n<details class=\"wp-block-details is-layout-flow wp-block-details-is-layout-flow\"><summary><strong>Plus Uni<\/strong><\/summary>\n<p><strong>Explicaci\u00f3n:<\/strong> El Uni est\u00e1 dise\u00f1ado para baja tensi\u00f3n (por ejemplo, transformador de timbre). Es extremadamente flexible y tolerante a fallos gracias a su amplio rango de tensi\u00f3n de 9-28 V CC.<\/p>\n<\/details>\n<\/div>\n<\/div>\n\n\n\n<div style=\"height:10px\" aria-hidden=\"true\" class=\"wp-block-spacer\"><\/div>\n\n\n\n<div class=\"wp-block-columns is-layout-flex wp-container-core-columns-is-layout-28f84493 wp-block-columns-is-layout-flex\">\n<div class=\"wp-block-column is-layout-flow wp-block-column-is-layout-flow\" style=\"flex-basis:66.66%\">\n<p>\u00bfNecesitas grabar dos se\u00f1ales distintas (por ejemplo, 2 contactos)?<\/p>\n<\/div>\n\n\n\n<div class=\"wp-block-column is-layout-flow wp-block-column-is-layout-flow\" style=\"flex-basis:33.33%\">\n<details class=\"wp-block-details is-layout-flow wp-block-details-is-layout-flow\"><summary><strong>Plus Uni<\/strong><\/summary>\n<p><strong>Explicaci\u00f3n:<\/strong> Mientras que el complemento s\u00f3lo tiene una entrada digital, el Uni tiene dos. Ideal para supervisar dos contactos simult\u00e1neamente con un solo dispositivo.<\/p>\n<\/details>\n<\/div>\n<\/div>\n\n\n\n<div style=\"height:10px\" aria-hidden=\"true\" class=\"wp-block-spacer\"><\/div>\n\n\n\n<div class=\"wp-block-columns is-layout-flex wp-container-core-columns-is-layout-28f84493 wp-block-columns-is-layout-flex\">\n<div class=\"wp-block-column is-layout-flow wp-block-column-is-layout-flow\" style=\"flex-basis:66.66%\">\n<p>\u00bfDispone de muy poco espacio (por ejemplo, detr\u00e1s de una placa de circuitos)?<\/p>\n<\/div>\n\n\n\n<div class=\"wp-block-column is-layout-flow wp-block-column-is-layout-flow\" style=\"flex-basis:33.33%\">\n<details class=\"wp-block-details is-layout-flow wp-block-details-is-layout-flow\"><summary><strong>Plus Uni<\/strong><\/summary>\n<p><strong>Explicaci\u00f3n:<\/strong> Kleiner als eine halbe Kreditkarte und ohne festes Geh\u00e4use. Er passt in kleine Geh\u00e4use, wo ein Shelly mit Addon zu tief w\u00e4re.<\/p>\n<\/details>\n<\/div>\n<\/div>\n\n\n\n<p><\/p>","protected":false},"excerpt":{"rendered":"<p>Vergleich Shelly Plus Addon mit Shelly Plus Uni Das Shelly Plus Addon und das Shelly Plus Uni dienen beide der Integration externer Sensoren in das Shelly-System. Ein Vergleich dieser L\u00f6sungen ist immer dann sinnvoll, wenn die Eing\u00e4nge des prim\u00e4ren Host-Ger\u00e4ts f\u00fcr die Erfassung der Sensordaten nicht ausreichen. Dabei l\u00e4sst sich die Funktionalit\u00e4t entweder direkt \u00fcber [&hellip;]<\/p>\n","protected":false},"author":12,"featured_media":0,"parent":0,"menu_order":0,"comment_status":"closed","ping_status":"closed","template":"","meta":{"footnotes":""},"categories":[11],"tags":[],"class_list":["post-257","page","type-page","status-publish","hentry","category-emh_projekt"],"_links":{"self":[{"href":"https:\/\/gh.bs-kronach.de\/es\/wp-json\/wp\/v2\/pages\/257","targetHints":{"allow":["GET"]}}],"collection":[{"href":"https:\/\/gh.bs-kronach.de\/es\/wp-json\/wp\/v2\/pages"}],"about":[{"href":"https:\/\/gh.bs-kronach.de\/es\/wp-json\/wp\/v2\/types\/page"}],"author":[{"embeddable":true,"href":"https:\/\/gh.bs-kronach.de\/es\/wp-json\/wp\/v2\/users\/12"}],"replies":[{"embeddable":true,"href":"https:\/\/gh.bs-kronach.de\/es\/wp-json\/wp\/v2\/comments?post=257"}],"version-history":[{"count":48,"href":"https:\/\/gh.bs-kronach.de\/es\/wp-json\/wp\/v2\/pages\/257\/revisions"}],"predecessor-version":[{"id":1203,"href":"https:\/\/gh.bs-kronach.de\/es\/wp-json\/wp\/v2\/pages\/257\/revisions\/1203"}],"wp:attachment":[{"href":"https:\/\/gh.bs-kronach.de\/es\/wp-json\/wp\/v2\/media?parent=257"}],"wp:term":[{"taxonomy":"category","embeddable":true,"href":"https:\/\/gh.bs-kronach.de\/es\/wp-json\/wp\/v2\/categories?post=257"},{"taxonomy":"post_tag","embeddable":true,"href":"https:\/\/gh.bs-kronach.de\/es\/wp-json\/wp\/v2\/tags?post=257"}],"curies":[{"name":"wp","href":"https:\/\/api.w.org\/{rel}","templated":true}]}}