{"id":36,"date":"2025-10-26T14:47:33","date_gmt":"2025-10-26T13:47:33","guid":{"rendered":"https:\/\/gh.bs-kronach.de\/?page_id=36"},"modified":"2026-03-08T22:23:34","modified_gmt":"2026-03-08T21:23:34","slug":"smartboard","status":"publish","type":"page","link":"https:\/\/gh.bs-kronach.de\/es\/smartboard\/","title":{"rendered":"SmartBOARD"},"content":{"rendered":"<div class=\"wp-block-group alignwide has-base-background-color has-background has-global-padding is-layout-constrained wp-container-core-group-is-layout-669513ed wp-block-group-is-layout-constrained\" style=\"margin-top:0;margin-bottom:0;padding-top:var(--wp--preset--spacing--50);padding-right:var(--wp--preset--spacing--50);padding-bottom:var(--wp--preset--spacing--50);padding-left:var(--wp--preset--spacing--50)\">\n<figure class=\"wp-block-image alignfull size-large is-style-rounded is-style-rounded--1\"><img decoding=\"async\" src=\"https:\/\/gh.bs-kronach.de\/wp-content\/uploads\/2026\/03\/SmartBOARD-Header-1024x279.jpg\" alt=\"\" class=\"wp-image-892\"\/><\/figure>\n\n\n\n<div class=\"wp-block-columns alignwide is-layout-flex wp-container-core-columns-is-layout-28f84493 wp-block-columns-is-layout-flex\">\n<div class=\"wp-block-column is-layout-flow wp-block-column-is-layout-flow\" style=\"flex-basis:60%\">\n<p class=\"has-accent-3-color has-text-color has-link-color has-heading-font-family has-xx-large-font-size wp-elements-33b58262d0b9da4eb2832b9c566be169\" style=\"line-height:1.2\">Das SmartBOARD<\/p>\n<\/div>\n\n\n\n<div class=\"wp-block-column is-layout-flow wp-block-column-is-layout-flow\" style=\"flex-basis:40%\">\n<p class=\"has-contrast-2-color has-text-color has-link-color wp-elements-22571d6f9e0819b5e87e4a63f6ed86cb wp-container-content-0733e5d0\">Inhaltsverzeichnis<\/p>\n\n\n\n<ul class=\"wp-block-list\">\n<li>\u00dcbersicht<\/li>\n\n\n\n<li>Oberseite &#8211; Platte Steckfeld<\/li>\n\n\n\n<li>Shelly Components<\/li>\n\n\n\n<li>Verdrahtung<\/li>\n\n\n\n<li>Markiesen Steuerung<\/li>\n\n\n\n<li>Steckbare Anschl\u00fcsse<\/li>\n\n\n\n<li>Alimentaci\u00f3n<\/li>\n<\/ul>\n<\/div>\n<\/div>\n<\/div>\n\n\n\n<div class=\"wp-block-group alignwide has-accent-background-color has-background has-global-padding is-layout-constrained wp-container-core-group-is-layout-669513ed wp-block-group-is-layout-constrained\" style=\"margin-top:0;margin-bottom:0;padding-top:var(--wp--preset--spacing--50);padding-right:var(--wp--preset--spacing--50);padding-bottom:var(--wp--preset--spacing--50);padding-left:var(--wp--preset--spacing--50)\">\n<h2 class=\"wp-block-heading alignwide has-accent-3-color has-text-color has-link-color wp-elements-50e1ae2c5b412169022803e1715ac619\">Oberseite<\/h2>\n\n\n\n<figure class=\"wp-block-image alignwide size-large is-style-rounded is-style-rounded--2\"><img decoding=\"async\" src=\"https:\/\/gh.bs-kronach.de\/wp-content\/uploads\/2026\/03\/Oberseite_SmartBOARD-1024x568.jpg\" alt=\"\" class=\"wp-image-897\"\/><\/figure>\n\n\n\n<div class=\"wp-block-columns alignwide is-layout-flex wp-container-core-columns-is-layout-28f84493 wp-block-columns-is-layout-flex\">\n<div class=\"wp-block-column is-layout-flow wp-block-column-is-layout-flow\" style=\"flex-basis:40%\">\n<p class=\"wp-container-content-0733e5d0\">\u00dcbersicht &#8211; Text<\/p>\n<\/div>\n\n\n\n<div class=\"wp-block-column is-layout-flow wp-block-column-is-layout-flow\" style=\"flex-basis:60%\"><\/div>\n<\/div>\n<\/div>\n\n\n\n<div class=\"wp-block-group alignfull has-global-padding is-layout-constrained wp-container-core-group-is-layout-9918d064 wp-block-group-is-layout-constrained\" style=\"margin-top:0;margin-bottom:0;padding-top:var(--wp--preset--spacing--50);padding-right:var(--wp--preset--spacing--60);padding-bottom:var(--wp--preset--spacing--50);padding-left:var(--wp--preset--spacing--60)\">\n<div class=\"wp-block-group alignwide has-global-padding is-layout-constrained wp-block-group-is-layout-constrained\">\n<div class=\"wp-block-columns alignwide are-vertically-aligned-center has-base-2-background-color has-background is-layout-flex wp-container-core-columns-is-layout-47c06fe3 wp-block-columns-is-layout-flex\">\n<div class=\"wp-block-column is-vertically-aligned-center is-layout-flow wp-block-column-is-layout-flow\" style=\"flex-basis:50%\">\n<figure class=\"wp-block-image size-full is-resized is-style-rounded is-style-rounded--3\"><img decoding=\"async\" src=\"https:\/\/gh.bs-kronach.de\/wp-content\/uploads\/2026\/03\/ShellyProdukte-SmartBoard.jpg\" alt=\"\" class=\"wp-image-907\" style=\"aspect-ratio:1.3333333333333333;object-fit:cover;width:527px;height:auto\"\/><\/figure>\n<\/div>\n\n\n\n<div class=\"wp-block-column is-vertically-aligned-center is-layout-flow wp-block-column-is-layout-flow\" style=\"flex-basis:50%\">\n<h2 class=\"wp-block-heading has-accent-3-color has-text-color has-link-color wp-elements-43e529008f026bf867d04661913772c0\" id=\"Shelly\">Shelly Components<\/h2>\n\n\n\n<ul style=\"line-height:1.75\" class=\"wp-block-list is-style-checkmark-list\">\n<li>Beschreibung<\/li>\n\n\n\n<li>Verwendung im Projekt<\/li>\n\n\n\n<li>Lernhilfen<\/li>\n<\/ul>\n\n\n\n<div class=\"wp-block-buttons is-layout-flex wp-block-buttons-is-layout-flex\">\n<div class=\"wp-block-button\"><a class=\"wp-block-button__link wp-element-button\">Descargar aplicaci\u00f3n<\/a><\/div>\n\n\n\n<div class=\"wp-block-button is-style-outline is-style-outline--4\"><a class=\"wp-block-button__link wp-element-button\">C\u00f3mo funciona<\/a><\/div>\n<\/div>\n<\/div>\n<\/div>\n<\/div>\n\n\n\n<div class=\"wp-block-cover alignwide is-light\" style=\"min-height:496px;aspect-ratio:unset;\"><span aria-hidden=\"true\" class=\"wp-block-cover__background has-background-dim-100 has-background-dim\" style=\"background-color:#ffffff\"><\/span><div class=\"wp-block-cover__inner-container is-layout-flow wp-block-cover-is-layout-flow\">\n<div class=\"wp-block-columns alignwide are-vertically-aligned-center is-layout-flex wp-container-core-columns-is-layout-28f84493 wp-block-columns-is-layout-flex\">\n<div class=\"wp-block-column is-layout-flow wp-block-column-is-layout-flow\" style=\"flex-basis:24.16%\">\n<figure class=\"wp-block-image size-full is-resized has-custom-border\"><img decoding=\"async\" src=\"https:\/\/gh.bs-kronach.de\/wp-content\/uploads\/2026\/03\/Shelly1Gen3-SmartBOARD.jpg\" alt=\"\" class=\"wp-image-903\" style=\"border-top-left-radius:30px;border-top-right-radius:30px;border-bottom-left-radius:30px;border-bottom-right-radius:30px;aspect-ratio:1;object-fit:cover;width:300px\"\/><\/figure>\n<\/div>\n\n\n\n<div class=\"wp-block-column is-layout-flow wp-block-column-is-layout-flow\" style=\"flex-basis:42.51%\">\n<h2 class=\"wp-block-heading has-accent-2-color has-text-color\" style=\"font-size:clamp(20px, 1.25rem + ((1vw - 3.2px) * 1.25), 32px);\"><strong>Shelly 1 Gen3 <\/strong><\/h2>\n\n\n\n<div data-wp-context=\"{ &quot;autoclose&quot;: false, &quot;accordionItems&quot;: [] }\" data-wp-interactive=\"core\/accordion\" role=\"group\" class=\"wp-block-accordion is-layout-flow wp-block-accordion-is-layout-flow\">\n<div data-wp-class--is-open=\"state.isOpen\" data-wp-context=\"{ &quot;id&quot;: &quot;accordion-item-5&quot;, &quot;openByDefault&quot;: false }\" data-wp-init=\"callbacks.initAccordionItems\" data-wp-on-window--hashchange=\"callbacks.hashChange\" class=\"wp-block-accordion-item is-layout-flow wp-block-accordion-item-is-layout-flow\">\n<h3 class=\"wp-block-accordion-heading has-medium-font-size\"><button aria-expanded=\"false\" aria-controls=\"accordion-item-5-panel\" data-wp-bind--aria-expanded=\"state.isOpen\" data-wp-on--click=\"actions.toggle\" data-wp-on--keydown=\"actions.handleKeyDown\" id=\"accordion-item-5\" type=\"button\" class=\"wp-block-accordion-heading__toggle\"><span class=\"wp-block-accordion-heading__toggle-icon\" aria-hidden=\"true\">+<\/span><span class=\"wp-block-accordion-heading__toggle-title\"><strong><strong>WiFi-gesteuerter Relaisschalter, 1 Kanal 16A. Potentialfrei<\/strong><\/strong><\/span><\/button><\/h3>\n\n\n\n<div inert aria-labelledby=\"accordion-item-5\" data-wp-bind--inert=\"!state.isOpen\" id=\"accordion-item-5-panel\" role=\"region\" class=\"wp-block-accordion-panel is-layout-flow wp-block-accordion-panel-is-layout-flow\">\n<p>Der Shelly 1 Gen3 ist ein Smart-Schalter der neuesten Generation mit potentialfreien Kontakten. Du kannst eine Vielzahl von Haushalts- und B\u00fcroger\u00e4ten von \u00fcberall aus fernsteuern. Modernisiere Deine Standard-Schaltk\u00e4sten, Steckdosen und Lichtschalter oder jede andere Vorrichtung mit begrenztem Platz.<\/p>\n\n\n\n<p>Wi-Fi-Betrieb &#8211; Verbindet sich mit Ihrem Wi-Fi-Netzwerk. Kein HUB erforderlich!<br>Bluetooth &#8211; F\u00fcge Ger\u00e4te schnell und einfach \u00fcber eine Bluetooth-Verbindung mit der Shelly Cloud App hinzu<\/p>\n\n\n\n<p>Potentialfreie Kontakte &#8211; Option zur Sch\u00fctzsteuerung<br>Verbesserte Leistung &#8211; ESP Shelly-C38F mit erh\u00f6htem 8-MB-Speicher<br>L\u00e4ngere Haltbarkeit der Klemmen (jetzt bis zu 2,5mm\u00b2)<br>Hohe Sicherheit<br>WLAN-Reichweitenverl\u00e4ngerer und Bluetooth-Gateway<br>Unterst\u00fctzt, Skripting, Webhooks, MQTT, WebSocket, HTTPS, UDP, TLS und benutzerdefinierte Zertifikate<br>Kein HUB erforderlich! Einfache Steuerung \u00fcber die Shelly Smart Control App, verschiedene Hausautomatisierungsprotokolle, Plattformen und Sprachassistenten.<\/p>\n\n\n\n<p><\/p>\n<\/div>\n<\/div>\n<\/div>\n\n\n\n<div class=\"wp-block-buttons is-layout-flex wp-block-buttons-is-layout-flex\">\n<div class=\"wp-block-button is-style-fill\"><a class=\"wp-block-button__link wp-element-button\" href=\"https:\/\/shellyparts.de\/products\/shelly-1-gen3\" target=\"_blank\" rel=\"noreferrer noopener\">Mehr erfahren<\/a><\/div>\n<\/div>\n<\/div>\n\n\n\n<div class=\"wp-block-column is-layout-flow wp-block-column-is-layout-flow\" style=\"padding-top:0;padding-right:var(--wp--preset--spacing--30);padding-bottom:0;padding-left:var(--wp--preset--spacing--30);flex-basis:33.33%\">\n<p class=\"has-contrast-2-color has-text-color has-link-color has-small-font-size wp-elements-f5c599754a94f907dd5382d9d4798d94\">Instalationsvideo<\/p>\n\n\n\n<figure class=\"wp-block-embed alignleft is-type-video is-provider-youtube wp-block-embed-youtube wp-embed-aspect-16-9 wp-has-aspect-ratio\" style=\"margin-right:0;margin-left:0\"><div class=\"wp-block-embed__wrapper\">\n<iframe title=\"Shelly 1 GEN3 - Installationsvideo (DE)\" width=\"500\" height=\"281\" src=\"https:\/\/www.youtube.com\/embed\/ZvuFvgW8qZc?feature=oembed\" frameborder=\"0\" allow=\"accelerometer; autoplay; clipboard-write; encrypted-media; gyroscope; picture-in-picture; web-share\" referrerpolicy=\"strict-origin-when-cross-origin\" allowfullscreen><\/iframe>\n<\/div><\/figure>\n<\/div>\n<\/div>\n\n\n\n<div class=\"wp-block-columns alignwide is-layout-flex wp-container-core-columns-is-layout-28f84493 wp-block-columns-is-layout-flex\">\n<div class=\"wp-block-column is-layout-flow wp-block-column-is-layout-flow\" style=\"flex-basis:24.16%\">\n<figure class=\"wp-block-image size-full is-resized has-custom-border\"><img decoding=\"async\" src=\"https:\/\/gh.bs-kronach.de\/wp-content\/uploads\/2026\/03\/Shelly2PMGen3-SmartBOARD.jpg\" alt=\"\" class=\"wp-image-904\" style=\"border-top-left-radius:30px;border-top-right-radius:30px;border-bottom-left-radius:30px;border-bottom-right-radius:30px;aspect-ratio:1;object-fit:cover;width:300px\"\/><\/figure>\n<\/div>\n\n\n\n<div class=\"wp-block-column is-layout-flow wp-block-column-is-layout-flow\" style=\"flex-basis:42.51%\">\n<h2 class=\"wp-block-heading has-accent-2-color has-text-color\" style=\"font-size:clamp(20px, 1.25rem + ((1vw - 3.2px) * 1.25), 32px);\"><strong>Shelly 2PM Gen3 <\/strong><\/h2>\n\n\n\n<div data-wp-context=\"{ &quot;autoclose&quot;: false, &quot;accordionItems&quot;: [] }\" data-wp-interactive=\"core\/accordion\" role=\"group\" class=\"wp-block-accordion is-layout-flow wp-block-accordion-is-layout-flow\">\n<div data-wp-class--is-open=\"state.isOpen\" data-wp-context=\"{ &quot;id&quot;: &quot;accordion-item-6&quot;, &quot;openByDefault&quot;: false }\" data-wp-init=\"callbacks.initAccordionItems\" data-wp-on-window--hashchange=\"callbacks.hashChange\" class=\"wp-block-accordion-item is-layout-flow wp-block-accordion-item-is-layout-flow\">\n<h3 class=\"wp-block-accordion-heading has-medium-font-size\"><button aria-expanded=\"false\" aria-controls=\"accordion-item-6-panel\" data-wp-bind--aria-expanded=\"state.isOpen\" data-wp-on--click=\"actions.toggle\" data-wp-on--keydown=\"actions.handleKeyDown\" id=\"accordion-item-6\" type=\"button\" class=\"wp-block-accordion-heading__toggle\"><span class=\"wp-block-accordion-heading__toggle-icon\" aria-hidden=\"true\">+<\/span><span class=\"wp-block-accordion-heading__toggle-title\"><strong><strong>2-Kanal-Wi-Fi-Relais mit Leistungsmessung, Rollladen- und Jalousiensteuerung<\/strong><\/strong><\/span><\/button><\/h3>\n\n\n\n<div inert aria-labelledby=\"accordion-item-6\" data-wp-bind--inert=\"!state.isOpen\" id=\"accordion-item-6-panel\" role=\"region\" class=\"wp-block-accordion-panel is-layout-flow wp-block-accordion-panel-is-layout-flow\">\n<p>Shelly Plus 2PM ist ein einphasiges, zweikanaliges intelligentes Relais der neuesten Generation, das bis zu 10A pro Kanal und 16A Gesamtstrom (18A Spitze) unterst\u00fctzt. Es ist mit zwei Leistungsmessern f\u00fcr jeden Kanal und einer \u00dcberleistungsschutzfunktion ausgestattet, um Ihren Energieverbrauch zu begrenzen. Die Rollladensteuerung erm\u00f6glicht die Steuerung und \u00dcberwachung von Rolll\u00e4den, Jalousien, Vorh\u00e4ngen, Toren oder anderen bidirektionalen Wechselstrommotoren.<\/p>\n\n\n\n<p>Wi-Fi-Betrieb &#8211; Verbindet sich mit Ihrem Wi-Fi-Netzwerk. Kein HUB erforderlich!<br>Bluetooth &#8211; F\u00fcgen Sie Ger\u00e4te schnell und einfach \u00fcber eine Bluetooth-Verbindung mit der Shelly Cloud App hinzu<\/p>\n\n\n\n<p>Zwei Kan\u00e4le auf derselben Phase<br>Leistungsmessung auf jedem Kanal<br>Rollladensteuerung \u2013 Automatisiere und passe die Position von Rolll\u00e4den, Jalousien, Toren, Vorh\u00e4ngen, Markisen, Schiebet\u00fcren und anderen bidirektionalen Motoren an<br>Lamellenwinkelsteuerung \u2013 Nutze den Schalter f\u00fcr Deine Jalousien und steuere die Neigungsposition (Winkel) der Lamellen, um einzustellen, wie viel Licht in ein Zimmer hineinscheint.<\/p>\n<\/div>\n<\/div>\n<\/div>\n\n\n\n<div class=\"wp-block-buttons is-layout-flex wp-block-buttons-is-layout-flex\">\n<div class=\"wp-block-button is-style-fill\"><a class=\"wp-block-button__link wp-element-button\" href=\"https:\/\/shellyparts.de\/products\/shelly-2pm-gen3\" target=\"_blank\" rel=\"noreferrer noopener\">Mehr erfahren<\/a><\/div>\n<\/div>\n<\/div>\n\n\n\n<div class=\"wp-block-column is-layout-flow wp-block-column-is-layout-flow\" style=\"padding-top:0;padding-right:var(--wp--preset--spacing--30);padding-bottom:0;padding-left:var(--wp--preset--spacing--30);flex-basis:33.33%\">\n<p class=\"has-contrast-2-color has-text-color has-link-color has-small-font-size wp-elements-f5c599754a94f907dd5382d9d4798d94\">Instalationsvideo<\/p>\n\n\n\n<figure class=\"wp-block-embed alignleft is-type-video is-provider-youtube wp-block-embed-youtube wp-embed-aspect-16-9 wp-has-aspect-ratio\" style=\"margin-right:0;margin-left:0\"><div class=\"wp-block-embed__wrapper\">\n<iframe title=\"Shelly 2PM GEN3 - Installationsvideo - Anwendungsfall f\u00fcr Rolll\u00e4den\/Jalousien (DE)\" width=\"500\" height=\"281\" src=\"https:\/\/www.youtube.com\/embed\/iqdY0nvicgU?feature=oembed\" frameborder=\"0\" allow=\"accelerometer; autoplay; clipboard-write; encrypted-media; gyroscope; picture-in-picture; web-share\" referrerpolicy=\"strict-origin-when-cross-origin\" allowfullscreen><\/iframe>\n<\/div><\/figure>\n<\/div>\n<\/div>\n\n\n\n<div class=\"wp-block-columns alignwide are-vertically-aligned-center is-layout-flex wp-container-core-columns-is-layout-28f84493 wp-block-columns-is-layout-flex\">\n<div class=\"wp-block-column is-layout-flow wp-block-column-is-layout-flow\" style=\"flex-basis:24.16%\">\n<figure class=\"wp-block-image size-full is-resized has-custom-border\"><img decoding=\"async\" src=\"https:\/\/gh.bs-kronach.de\/wp-content\/uploads\/2026\/03\/ShellyPlusAddon.jpg\" alt=\"\" class=\"wp-image-905\" style=\"border-top-left-radius:30px;border-top-right-radius:30px;border-bottom-left-radius:30px;border-bottom-right-radius:30px;aspect-ratio:1;object-fit:cover;width:300px\"\/><\/figure>\n<\/div>\n\n\n\n<div class=\"wp-block-column is-layout-flow wp-block-column-is-layout-flow\" style=\"flex-basis:42.51%\">\n<h2 class=\"wp-block-heading has-accent-2-color has-text-color\" style=\"font-size:clamp(20px, 1.25rem + ((1vw - 3.2px) * 1.25), 32px);\"><strong>Complemento Shelly Plus <\/strong><\/h2>\n\n\n\n<div data-wp-context=\"{ &quot;autoclose&quot;: false, &quot;accordionItems&quot;: [] }\" data-wp-interactive=\"core\/accordion\" role=\"group\" class=\"wp-block-accordion is-layout-flow wp-block-accordion-is-layout-flow\">\n<div data-wp-class--is-open=\"state.isOpen\" data-wp-context=\"{ &quot;id&quot;: &quot;accordion-item-7&quot;, &quot;openByDefault&quot;: false }\" data-wp-init=\"callbacks.initAccordionItems\" data-wp-on-window--hashchange=\"callbacks.hashChange\" class=\"wp-block-accordion-item is-layout-flow wp-block-accordion-item-is-layout-flow\">\n<h3 class=\"wp-block-accordion-heading has-medium-font-size\"><button aria-expanded=\"false\" aria-controls=\"accordion-item-7-panel\" data-wp-bind--aria-expanded=\"state.isOpen\" data-wp-on--click=\"actions.toggle\" data-wp-on--keydown=\"actions.handleKeyDown\" id=\"accordion-item-7\" type=\"button\" class=\"wp-block-accordion-heading__toggle\"><span class=\"wp-block-accordion-heading__toggle-icon\" aria-hidden=\"true\">+<\/span><span class=\"wp-block-accordion-heading__toggle-title\"><strong>Addon zum Aufstecken auf Shellys der PLUS- und GEN3\/4 Serie.<\/strong><\/span><\/button><\/h3>\n\n\n\n<div inert aria-labelledby=\"accordion-item-7\" data-wp-bind--inert=\"!state.isOpen\" id=\"accordion-item-7-panel\" role=\"region\" class=\"wp-block-accordion-panel is-layout-flow wp-block-accordion-panel-is-layout-flow\">\n<p>Der Funktionsumfang deines Shelly wird durch das neue Plus-Addon nochmals enorm erweitert und es er\u00f6ffnen sich viele neue M\u00f6glichkeiten (z.B. die \u00dcberwachung und Steuerung der Heizungstemperaturen, die Zustandsanzeige von Garagentoren u.v.m.).<\/p>\n<\/div>\n<\/div>\n<\/div>\n\n\n\n<div class=\"wp-block-buttons is-layout-flex wp-block-buttons-is-layout-flex\">\n<div class=\"wp-block-button is-style-fill\"><a class=\"wp-block-button__link wp-element-button\" href=\"https:\/\/shellyparts.de\/products\/shelly-plus-addon\" target=\"_blank\" rel=\"noreferrer noopener\">Mehr erfahren<\/a><\/div>\n<\/div>\n<\/div>\n\n\n\n<div class=\"wp-block-column is-layout-flow wp-block-column-is-layout-flow\" style=\"padding-top:0;padding-right:var(--wp--preset--spacing--30);padding-bottom:0;padding-left:var(--wp--preset--spacing--30);flex-basis:33.33%\">\n<p class=\"has-contrast-2-color has-text-color has-link-color has-small-font-size wp-elements-f5c599754a94f907dd5382d9d4798d94\">Instalationsvideo<\/p>\n\n\n\n<figure class=\"wp-block-embed alignleft is-type-video is-provider-youtube wp-block-embed-youtube wp-embed-aspect-16-9 wp-has-aspect-ratio\" style=\"margin-right:0;margin-left:0\"><div class=\"wp-block-embed__wrapper\">\n<iframe title=\"Shelly Plus Add-on - Installationsvideo (DE) - Mit Temperatursensor DS18B20\" width=\"500\" height=\"281\" src=\"https:\/\/www.youtube.com\/embed\/XRiF6dmrKhQ?feature=oembed\" frameborder=\"0\" allow=\"accelerometer; autoplay; clipboard-write; encrypted-media; gyroscope; picture-in-picture; web-share\" referrerpolicy=\"strict-origin-when-cross-origin\" allowfullscreen><\/iframe>\n<\/div><\/figure>\n<\/div>\n<\/div>\n<\/div><\/div>\n\n\n\n<div class=\"wp-block-group alignwide has-accent-background-color has-background has-global-padding is-layout-constrained wp-container-core-group-is-layout-669513ed wp-block-group-is-layout-constrained\" style=\"margin-top:0;margin-bottom:0;padding-top:var(--wp--preset--spacing--50);padding-right:var(--wp--preset--spacing--50);padding-bottom:var(--wp--preset--spacing--50);padding-left:var(--wp--preset--spacing--50)\">\n<h2 class=\"wp-block-heading alignwide has-accent-3-color has-text-color has-link-color wp-elements-3f4de3f90c9b9e759d457cca16fb2b41\">Verdrahtung<\/h2>\n\n\n\n<figure class=\"wp-block-image alignwide size-large is-style-rounded is-style-rounded--8\"><img decoding=\"async\" src=\"https:\/\/gh.bs-kronach.de\/wp-content\/uploads\/2026\/03\/Oberseite_SmartBOARD-1024x568.jpg\" alt=\"\" class=\"wp-image-897\"\/><\/figure>\n\n\n\n<div class=\"wp-block-columns alignwide is-layout-flex wp-container-core-columns-is-layout-28f84493 wp-block-columns-is-layout-flex\">\n<div class=\"wp-block-column is-layout-flow wp-block-column-is-layout-flow\" style=\"flex-basis:40%\">\n<p class=\"wp-container-content-0733e5d0\">\u00dcbersicht &#8211; Text<\/p>\n<\/div>\n\n\n\n<div class=\"wp-block-column is-layout-flow wp-block-column-is-layout-flow\" style=\"flex-basis:60%\"><\/div>\n<\/div>\n<\/div>\n\n\n\n<p><\/p>\n<\/div>","protected":false},"excerpt":{"rendered":"<p>Das SmartBOARD Inhaltsverzeichnis Oberseite \u00dcbersicht &#8211; Text Shelly Components Verdrahtung \u00dcbersicht &#8211; Text<\/p>","protected":false},"author":2,"featured_media":0,"parent":0,"menu_order":0,"comment_status":"closed","ping_status":"closed","template":"","meta":{"footnotes":""},"categories":[7],"tags":[],"class_list":["post-36","page","type-page","status-publish","hentry","category-project"],"_links":{"self":[{"href":"https:\/\/gh.bs-kronach.de\/es\/wp-json\/wp\/v2\/pages\/36","targetHints":{"allow":["GET"]}}],"collection":[{"href":"https:\/\/gh.bs-kronach.de\/es\/wp-json\/wp\/v2\/pages"}],"about":[{"href":"https:\/\/gh.bs-kronach.de\/es\/wp-json\/wp\/v2\/types\/page"}],"author":[{"embeddable":true,"href":"https:\/\/gh.bs-kronach.de\/es\/wp-json\/wp\/v2\/users\/2"}],"replies":[{"embeddable":true,"href":"https:\/\/gh.bs-kronach.de\/es\/wp-json\/wp\/v2\/comments?post=36"}],"version-history":[{"count":15,"href":"https:\/\/gh.bs-kronach.de\/es\/wp-json\/wp\/v2\/pages\/36\/revisions"}],"predecessor-version":[{"id":923,"href":"https:\/\/gh.bs-kronach.de\/es\/wp-json\/wp\/v2\/pages\/36\/revisions\/923"}],"wp:attachment":[{"href":"https:\/\/gh.bs-kronach.de\/es\/wp-json\/wp\/v2\/media?parent=36"}],"wp:term":[{"taxonomy":"category","embeddable":true,"href":"https:\/\/gh.bs-kronach.de\/es\/wp-json\/wp\/v2\/categories?post=36"},{"taxonomy":"post_tag","embeddable":true,"href":"https:\/\/gh.bs-kronach.de\/es\/wp-json\/wp\/v2\/tags?post=36"}],"curies":[{"name":"wp","href":"https:\/\/api.w.org\/{rel}","templated":true}]}}