{"id":460,"date":"2026-04-13T16:06:27","date_gmt":"2026-04-13T14:06:27","guid":{"rendered":"https:\/\/gh.bs-kronach.de\/?page_id=460"},"modified":"2026-04-13T16:06:28","modified_gmt":"2026-04-13T14:06:28","slug":"e-technik1b","status":"publish","type":"page","link":"https:\/\/gh.bs-kronach.de\/es\/e-technik1b\/","title":{"rendered":"E-Technik1b"},"content":{"rendered":"<!DOCTYPE html>\n<html lang=\"de\">\n<head>\n    <meta charset=\"UTF-8\">\n    <meta name=\"viewport\" content=\"width=device-width, initial-scale=1.0\">\n    <title>Control LED Shelly en comparaci\u00f3n<\/title>\n    <style>\n        \/* Apple-like Clean Design *\/\n        :root {\n            --bg-color: #f5f5f7;\n            --card-bg: #ffffff;\n            --text-main: #1d1d1f;\n            --text-muted: #86868b;\n            --accent: #0066cc;\n            --accent-hover: #0055aa;\n            --border-radius: 20px;\n            --shadow: 0 4px 24px rgba(0, 0, 0, 0.04);\n            --shadow-hover: 0 8px 32px rgba(0, 0, 0, 0.08);\n        }\n\n        * {\n            box-sizing: border-box;\n            margin: 0;\n            padding: 0;\n        }\n\n        body {\n            font-family: -apple-system, BlinkMacSystemFont, \"SF Pro Text\", \"Segoe UI\", Roboto, Helvetica, Arial, sans-serif;\n            background-color: var(--bg-color);\n            color: var(--text-main);\n            line-height: 1.6;\n            -webkit-font-smoothing: antialiased;\n        }\n\n        header {\n            text-align: center;\n            padding: 80px 20px 60px;\n        }\n\n        header h1 {\n            font-size: 3rem;\n            font-weight: 700;\n            letter-spacing: -0.015em;\n            margin-bottom: 15px;\n        }\n\n        header p {\n            font-size: 1.25rem;\n            color: var(--text-muted);\n            max-width: 600px;\n            margin: 0 auto;\n        }\n\n        .container {\n            max-width: 1000px;\n            margin: 0 auto;\n            padding: 0 20px 80px;\n            display: flex;\n            flex-direction: column;\n            gap: 40px;\n        }\n\n        section {\n            background-color: var(--card-bg);\n            border-radius: var(--border-radius);\n            box-shadow: var(--shadow);\n            padding: 50px;\n            transition: box-shadow 0.3s ease;\n        }\n\n        section:hover {\n            box-shadow: var(--shadow-hover);\n        }\n\n        h2 {\n            font-size: 2rem;\n            font-weight: 600;\n            margin-bottom: 25px;\n            letter-spacing: -0.01em;\n            color: var(--text-main);\n        }\n\n        h3 {\n            font-size: 1.35rem;\n            font-weight: 600;\n            margin-bottom: 15px;\n            margin-top: 30px;\n            color: var(--text-main);\n        }\n        \n        h4 {\n            font-size: 1.15rem;\n            font-weight: 600;\n            margin-bottom: 10px;\n            color: var(--text-main);\n        }\n\n        p {\n            margin-bottom: 20px;\n            font-size: 1.05rem;\n        }\n\n        ul, ol {\n            margin-bottom: 20px;\n            padding-left: 25px;\n            font-size: 1.05rem;\n        }\n\n        li {\n            margin-bottom: 10px;\n        }\n\n        .highlight-box {\n            background-color: #f0f8ff;\n            border-left: 4px solid var(--accent);\n            padding: 20px;\n            border-radius: 12px;\n            margin: 20px 0;\n        }\n\n        \/* Grids *\/\n        .grid-2 {\n            display: grid;\n            grid-template-columns: 1fr 1fr;\n            gap: 40px;\n            margin-top: 30px;\n        }\n\n        .grid-3 {\n            display: grid;\n            grid-template-columns: repeat(3, 1fr);\n            gap: 20px;\n            margin-top: 30px;\n        }\n\n        .product-card, .use-case-card {\n            background: #fbfbfd;\n            border-radius: 16px;\n            padding: 30px;\n            border: 1px solid #e5e5ea;\n            display: flex;\n            flex-direction: column;\n        }\n\n        .product-card h3 {\n            margin-top: 0;\n            color: var(--accent);\n            font-size: 1.5rem;\n        }\n\n        \/* GE\u00c4NDERTES IMAGE STYLING: Mehr Platz, kein Beschneiden *\/\n        .product-image {\n            width: 100%;\n            height: auto; \/* Erlaubt nat\u00fcrliche Skalierung *\/\n            aspect-ratio: 3 \/ 4; \/* Sch\u00f6ner, hochformatiger Rahmen *\/\n            object-fit: contain; \/* Bild wird nie beschnitten, sondern eingepasst *\/\n            border-radius: 12px;\n            margin-bottom: 25px;\n            border: 1px solid #e5e5ea;\n            background-color: #fff;\n            padding: 10px; \/* Zus\u00e4tzliches Padding f\u00fcr mehr \"Platz\" *\/\n        }\n\n        .diagram-image {\n            width: 100%;\n            height: auto;\n            border-radius: 12px;\n            border: 1px solid #e5e5ea;\n            margin-top: 15px;\n        }\n\n        \/* Video Embed Styling - Responsive 16:9 *\/\n        .video-wrapper {\n            position: relative;\n            padding-bottom: 56.25%;\n            height: 0;\n            overflow: hidden;\n            border-radius: 16px;\n            margin: 15px 0 30px 0;\n            box-shadow: var(--shadow);\n            border: 1px solid #e5e5ea;\n        }\n\n        .video-wrapper iframe {\n            position: absolute;\n            top: 0;\n            left: 0;\n            width: 100%;\n            height: 100%;\n            border: none;\n        }\n\n        \/* Tabelle im Clean Look *\/\n        .table-wrapper {\n            overflow-x: auto;\n        }\n\n        table {\n            width: 100%;\n            border-collapse: collapse;\n            margin-top: 20px;\n        }\n\n        th, td {\n            padding: 16px 20px;\n            text-align: left;\n            border-bottom: 1px solid #d2d2d7;\n        }\n\n        th {\n            font-weight: 600;\n            color: var(--text-muted);\n            font-size: 0.9rem;\n            text-transform: uppercase;\n            letter-spacing: 0.05em;\n        }\n\n        td {\n            font-size: 1.05rem;\n        }\n\n        .badge {\n            display: inline-block;\n            background-color: #e8f2fc;\n            color: var(--accent);\n            padding: 4px 10px;\n            border-radius: 20px;\n            font-size: 0.85rem;\n            font-weight: 600;\n            margin-right: 5px;\n            margin-bottom: 5px;\n        }\n\n        @media (max-width: 768px) {\n            header { padding: 60px 20px 40px; }\n            header h1 { font-size: 2.2rem; }\n            section { padding: 30px 20px; }\n            .grid-2, .grid-3 { grid-template-columns: 1fr; }\n        }\n    <\/style>\n<\/head>\n<body>\n\n    <header>\n        <h1>Brillantez inteligente.<\/h1>\n        <p>Controladores Shelly RGBW en comparaci\u00f3n. Encuentra la soluci\u00f3n perfecta para la configuraci\u00f3n de tu iluminaci\u00f3n.<\/p>\n    <\/header>\n\n    <div class=\"container\">\n        \n        <section>\n            <h2>Dos factores de forma. Sin concesiones.<\/h2>\n            <p>Ya sea que desees ocultar tu luz de manera elegante en el techo o crear un cableado profesional en la caja de fusibles, Shelly ofrece el hardware adecuado para tiras de LED de 12 V y 24 V CC. Ambos dispositivos funcionan completamente de forma local si se desea, no requieren obligatoriamente la nube y miden de forma fiable el consumo de energ\u00eda.<\/p>\n            \n            <div class=\"grid-2\">\n                <div class=\"product-card\">\n                    <img decoding=\"async\" src=\"https:\/\/gh.bs-kronach.de\/wp-content\/uploads\/2026\/03\/shelly-plus.webp\" alt=\"Shelly Plus RGBW PM\" class=\"product-image\">\n                    \n                    <h3>Shelly Plus RGBW PM<\/h3>\n                    <p>El ayudante invisible. Es tan compacto que cabe directamente en cajas de empotrar profundas, detr\u00e1s de interruptores o en techos registrables.<\/p>\n                    <ul>\n                        <li><strong>4 canales<\/strong> para tiras RGBW o 4 LED individuales.<\/li>\n                        <li>Factor de forma extremadamente peque\u00f1o para montaje oculto.<\/li>\n                        <li>Hasta <strong>Potencia total de 10 A<\/strong> (aprox. 240W a 24V).<\/li>\n                        <li>Ideal para la adaptaci\u00f3n r\u00e1pida en habitaciones existentes.<\/li>\n                    <\/ul>\n                <\/div>\n                \n                <div class=\"product-card\">\n                    <img decoding=\"async\" src=\"https:\/\/gh.bs-kronach.de\/wp-content\/uploads\/2026\/03\/shelly-pro.webp\" alt=\"Shelly Pro RGBWW PM\" class=\"product-image\">\n\n                    <h3>Shelly Pro RGBWW PM<\/h3>\n                    <p>La soluci\u00f3n de perfil para la caja de distribuci\u00f3n. Dise\u00f1ado para un montaje limpio en el riel DIN en obra nueva o en renovaciones integrales.<\/p>\n                    <ul>\n                        <li><strong>5 canales<\/strong> (soporta adem\u00e1s CCT para blanco c\u00e1lido\/fr\u00edo variable).<\/li>\n                        <li>Montaje en carril DIN (Hutschienen) seg\u00fan est\u00e1ndar industrial.<\/li>\n                        <li>Hasta <strong>16A Potencia total<\/strong> (aprox. 384W a 24V).<\/li>\n                        <li>Conexi\u00f3n LAN (Ethernet) para m\u00e1xima estabilidad.<\/li>\n                    <\/ul>\n                <\/div>\n            <\/div>\n        <\/section>\n\n        <section>\n            <h2>Las especificaciones en detalle<\/h2>\n            <p>Una mirada directa a las especificaciones t\u00e9cnicas muestra que la versi\u00f3n Pro destaca principalmente en rendimiento, conectividad y seguridad para grandes instalaciones.<\/p>\n            <div class=\"table-wrapper\">\n                <table>\n                    <thead>\n                        <tr>\n                            <th>Funci\u00f3n<\/th>\n                            <th>M\u00e1s RGBW PM<\/th>\n                            <th>Pro RGBWW PM<\/th>\n                        <\/tr>\n                    <\/thead>\n                    <tbody>\n                        <tr>\n                            <td><strong>Arte de montaje<\/strong><\/td>\n                            <td>Empotrable \/ Techo<\/td>\n                            <td>Caja de fusibles (riel DIN)<\/td>\n                        <\/tr>\n                        <tr>\n                            <td><strong>Tensi\u00f3n de operaci\u00f3n (CC)<\/strong><\/td>\n                            <td>12V o 24V<\/td>\n                            <td>12V, 24V (hasta 48V seg\u00fan el modelo)<\/td>\n                        <\/tr>\n                        <tr>\n                            <td><strong>Canales de salida<\/strong><\/td>\n                            <td>4 (RGBCW)<\/td>\n                            <td>5 (RGBWW \/ CCT \/ 5x Blanco)<\/td>\n                        <\/tr>\n                        <tr>\n                            <td><strong>Potencia m\u00e1xima (total)<\/strong><\/td>\n                            <td>10 A<\/td>\n                            <td>16 A<\/td>\n                        <\/tr>\n                        <tr>\n                            <td><strong>Red<\/strong><\/td>\n                            <td>WLAN y Bluetooth<\/td>\n                            <td>LAN (Ethernet), WLAN y Bluetooth<\/td>\n                        <\/tr>\n                        <tr>\n                            <td><strong>Medici\u00f3n de corriente (PM)<\/strong><\/td>\n                            <td>S\u00ed<\/td>\n                            <td>S\u00ed<\/td>\n                        <\/tr>\n                        <tr>\n                            <td><strong>Skripting (mJS)<\/strong><\/td>\n                            <td>S\u00ed<\/td>\n                            <td>S\u00ed<\/td>\n                        <\/tr>\n                    <\/tbody>\n                <\/table>\n            <\/div>\n        <\/section>\n\n        <section>\n            <h2>Instalaci\u00f3n y cableado<\/h2>\n            <p>El concepto de los controladores LED Shelly se basa en la conmutaci\u00f3n de la masa (GND). Esto significa que los LED est\u00e1n permanentemente conectados al polo positivo de la fuente de alimentaci\u00f3n y el Shelly regula el polo negativo para mezclar brillo y colores mediante PWM (modulaci\u00f3n por ancho de pulsos).<\/p>\n            \n            <div class=\"highlight-box\">\n                <strong>Informaci\u00f3n importante sobre la frecuencia PWM:<\/strong> Ambas Shellys funcionan con una alta frecuencia PWM. Esto asegura que la luz no parpadee al atenuarla, una gran ventaja si a menudo filmas o tomas fotograf\u00edas en la habitaci\u00f3n.\n            <\/div>\n\n            <h3 style=\"margin-top: 40px;\">Gu\u00edas de instalaci\u00f3n paso a paso<\/h3>\n            <p>Mira c\u00f3mo se ve la conexi\u00f3n en la pr\u00e1ctica y qu\u00e9 debes tener en cuenta especialmente al cablear ambos modelos:<\/p>\n            \n            <div class=\"grid-2\">\n                <div>\n                    <h4>Instalaci\u00f3n: Plus RGBW PM<\/h4>\n                    <div class=\"video-wrapper\">\n                        <iframe src=\"https:\/\/www.youtube.com\/embed\/nBXQI4yJVYA\" title=\"Video de instalaci\u00f3n de Shelly Plus RGBW\" allow=\"accelerometer; autoplay; clipboard-write; encrypted-media; gyroscope; picture-in-picture\" allowfullscreen><\/iframe>\n                    <\/div>\n                <\/div>\n                <div>\n                    <h4>Instalaci\u00f3n: Pro RGBWW PM<\/h4>\n                    <div class=\"video-wrapper\">\n                        <iframe src=\"https:\/\/www.youtube.com\/embed\/km5CHBXGCjE\" title=\"Video de Instalaci\u00f3n Shelly Pro RGBWW\" allow=\"accelerometer; autoplay; clipboard-write; encrypted-media; gyroscope; picture-in-picture\" allowfullscreen><\/iframe>\n                    <\/div>\n                <\/div>\n            <\/div>\n\n            <h3 style=\"margin-top: 30px;\">Planos de conexi\u00f3n oficiales<\/h3>\n            <p>Aqu\u00ed se muestra el cableado exacto de los dos modelos seg\u00fan las especificaciones del foro oficial de Shelly. <em>Precauci\u00f3n: Trabaje solo en instalaciones el\u00e9ctricas si posee los conocimientos t\u00e9cnicos adecuados.<\/em><\/p>\n            \n            <div class=\"grid-2\">\n                <div>\n                    <h4>Plan de conexi\u00f3n: M\u00e1s RGBW PM<\/h4>\n                    <img decoding=\"async\" src=\"https:\/\/gh.bs-kronach.de\/wp-content\/uploads\/2026\/03\/anschlussplan-plus.webp\" alt=\"Diagrama de cableado Shelly Plus RGBW PM\" class=\"diagram-image\">\n                <\/div>\n                <div>\n                    <h4>Plan de conexi\u00f3n: Pro RGBWW PM<\/h4>\n                    <img decoding=\"async\" src=\"https:\/\/gh.bs-kronach.de\/wp-content\/uploads\/2026\/03\/anschlussplan-pro.webp\" alt=\"Diagrama esquem\u00e1tico Shelly Pro RGBWW PM\" class=\"diagram-image\">\n                <\/div>\n            <\/div>\n\n        <\/section>\n\n        <section>\n            <h2>Integraci\u00f3n inteligente ilimitada para el hogar<\/h2>\n            <p>Shelly es conocido por su arquitectura abierta. No est\u00e1s atado a una \u00fanica aplicaci\u00f3n de fabricante. Los dispositivos se integran perfectamente en sistemas profesionales y de c\u00f3digo abierto.<\/p>\n\n            <div style=\"margin-top: 20px;\">\n                <span class=\"badge\">Asistente del Hogar<\/span>\n                <span class=\"badge\">ioBroker<\/span>\n                <span class=\"badge\">openHAB<\/span>\n                <span class=\"badge\">MQTT<\/span>\n                <span class=\"badge\">API REST<\/span>\n                <span class=\"badge\">Webhooks<\/span>\n            <\/div>\n\n            <div class=\"grid-2\">\n                <div>\n                    <h2>Control local con MQTT<\/h2>\n                    <p>Tanto el controlador Plus como el Pro admiten el protocolo MQTT de f\u00e1brica. Una vez activado, el Shelly se comunica en tiempo real con tu servidor local (por ejemplo, Home Assistant), completamente sin pasar por Internet. Esto garantiza tiempos de respuesta en el rango de milisegundos.<\/p>\n                <\/div>\n                <div>\n                    <h2>Skripting en el Dispositivo<\/h2>\n                    <p>Gracias a los chips ESP32 integrados, puedes ejecutar peque\u00f1os programas (scripts de mJS) directamente en el Shelly. Haz que la tira LED parpadee en rojo cuando tu alarma se active, o simula un amanecer din\u00e1mico por la ma\u00f1ana, todo de forma aut\u00f3noma en el dispositivo.<\/p>\n                <\/div>\n            <\/div>\n        <\/section>\n\n        <section>\n            <h2>Casos de uso t\u00edpicos<\/h2>\n            <p>\u00bfQu\u00e9 Shelly es el adecuado para tu proyecto? Aqu\u00ed hay tres escenarios t\u00edpicos:<\/p>\n\n            <div class=\"grid-3\">\n                <div class=\"use-case-card\">\n                    <h3>La luz de fondo del televisor<\/h3>\n                    <p><strong>Wahl: Plus RGBW PM<\/strong><\/p>\n                    <p>Quieres instalar una tira de LED de 3 metros detr\u00e1s del televisor o del sof\u00e1. El Shelly Plus compacto desaparece f\u00e1cilmente detr\u00e1s del mueble o en la caja de conexiones. La potencia de 10 A es suficiente para ello.<\/p>\n                <\/div>\n                <div class=\"use-case-card\">\n                    <h3>La encimera de la cocina<\/h3>\n                    <p><strong>Wahl: Pro RGBWW PM<\/strong><\/p>\n                    <p>Para una luz de trabajo brillante, usas LEDs CCT (blanco fr\u00edo para trabajar, blanco c\u00e1lido para comer). El Shelly Pro est\u00e1 seguro en el cuadro de distribuci\u00f3n y tienes un control perfecto sobre la temperatura de color a trav\u00e9s de los 5 canales.<\/p>\n                <\/div>\n                <div class=\"use-case-card\">\n                    <h3>Luz arquitect\u00f3nica<\/h3>\n                    <p><strong>Wahl: Pro RGBWW PM<\/strong><\/p>\n                    <p>Una iluminaci\u00f3n indirecta de techo de 15 metros en la nueva construcci\u00f3n. Aqu\u00ed fluyen corrientes m\u00e1s altas. El Pro-Shelly ofrece 16A, una conexi\u00f3n LAN para 100% de redundancia contra fallos y se monta profesionalmente en el ra\u00edl DIN.<\/p>\n                <\/div>\n            <\/div>\n        <\/section>\n\n    <\/div>\n\n<\/body>\n<\/html>","protected":false},"excerpt":{"rendered":"<p>Caja empotrada<\/p>","protected":false},"author":8,"featured_media":0,"parent":0,"menu_order":0,"comment_status":"closed","ping_status":"closed","template":"","meta":{"footnotes":""},"categories":[11],"tags":[],"class_list":["post-460","page","type-page","status-publish","hentry","category-emh_projekt"],"_links":{"self":[{"href":"https:\/\/gh.bs-kronach.de\/es\/wp-json\/wp\/v2\/pages\/460","targetHints":{"allow":["GET"]}}],"collection":[{"href":"https:\/\/gh.bs-kronach.de\/es\/wp-json\/wp\/v2\/pages"}],"about":[{"href":"https:\/\/gh.bs-kronach.de\/es\/wp-json\/wp\/v2\/types\/page"}],"author":[{"embeddable":true,"href":"https:\/\/gh.bs-kronach.de\/es\/wp-json\/wp\/v2\/users\/8"}],"replies":[{"embeddable":true,"href":"https:\/\/gh.bs-kronach.de\/es\/wp-json\/wp\/v2\/comments?post=460"}],"version-history":[{"count":4,"href":"https:\/\/gh.bs-kronach.de\/es\/wp-json\/wp\/v2\/pages\/460\/revisions"}],"predecessor-version":[{"id":1106,"href":"https:\/\/gh.bs-kronach.de\/es\/wp-json\/wp\/v2\/pages\/460\/revisions\/1106"}],"wp:attachment":[{"href":"https:\/\/gh.bs-kronach.de\/es\/wp-json\/wp\/v2\/media?parent=460"}],"wp:term":[{"taxonomy":"category","embeddable":true,"href":"https:\/\/gh.bs-kronach.de\/es\/wp-json\/wp\/v2\/categories?post=460"},{"taxonomy":"post_tag","embeddable":true,"href":"https:\/\/gh.bs-kronach.de\/es\/wp-json\/wp\/v2\/tags?post=460"}],"curies":[{"name":"wp","href":"https:\/\/api.w.org\/{rel}","templated":true}]}}