{"id":761,"date":"2026-03-08T14:31:38","date_gmt":"2026-03-08T13:31:38","guid":{"rendered":"https:\/\/gh.bs-kronach.de\/?page_id=761"},"modified":"2026-03-08T19:11:39","modified_gmt":"2026-03-08T18:11:39","slug":"zeitleiste2","status":"publish","type":"page","link":"https:\/\/gh.bs-kronach.de\/es\/zeitleiste2\/","title":{"rendered":"Zeitleiste2"},"content":{"rendered":"<div class=\"wp-block-group alignfull has-global-padding is-layout-constrained wp-container-core-group-is-layout-d89aad35 wp-block-group-is-layout-constrained\" style=\"margin-top:0;margin-bottom:0;padding-top:var(--wp--preset--spacing--50);padding-right:var(--wp--preset--spacing--50);padding-bottom:var(--wp--preset--spacing--50);padding-left:var(--wp--preset--spacing--50)\">\n<div class=\"wp-block-columns alignwide has-accent-background-color has-background is-layout-flex wp-container-core-columns-is-layout-47c06fe3 wp-block-columns-is-layout-flex\">\n<div class=\"wp-block-column is-vertically-aligned-center is-layout-flow wp-block-column-is-layout-flow\" style=\"flex-basis:30%\">\n<figure class=\"wp-block-image size-full is-style-rounded is-style-rounded--1\"><img fetchpriority=\"high\" decoding=\"async\" width=\"1007\" height=\"974\" src=\"https:\/\/gh.bs-kronach.de\/wp-content\/uploads\/2026\/03\/Digitalisierung-unten.webp\" alt=\"\" class=\"wp-image-796\" srcset=\"https:\/\/gh.bs-kronach.de\/wp-content\/uploads\/2026\/03\/Digitalisierung-unten.webp 1007w, https:\/\/gh.bs-kronach.de\/wp-content\/uploads\/2026\/03\/Digitalisierung-unten-300x290.webp 300w, https:\/\/gh.bs-kronach.de\/wp-content\/uploads\/2026\/03\/Digitalisierung-unten-768x743.webp 768w, https:\/\/gh.bs-kronach.de\/wp-content\/uploads\/2026\/03\/Digitalisierung-unten-12x12.webp 12w\" sizes=\"(max-width: 1007px) 100vw, 1007px\" \/><\/figure>\n<\/div>\n\n\n\n<div class=\"wp-block-column is-vertically-aligned-center is-layout-flow wp-block-column-is-layout-flow\" style=\"flex-basis:50%\">\n<h2 class=\"wp-block-heading has-accent-3-color has-text-color\" id=\"Digitalpakt\" style=\"font-size:clamp(20px, 1.25rem + ((1vw - 3.2px) * 1.25), 32px);\"><strong>Start &#8222;Digital-Pakt Schule&#8220;<\/strong><\/h2>\n\n\n\n<p class=\"has-text-color\" style=\"color:#000000;font-size:clamp(14px, 0.875rem + ((1vw - 3.2px) * 0.313), 17px);\">Der DigitalPakt Schule wurde gestartet, um die digitale Infrastruktur an deutschen Schulen zu verbessern und die Digitalisierung zu f\u00f6rdern.\u202f<\/p>\n\n\n\n<p>Die Digitalisierung ver\u00e4ndert die Arbeit von Elektronikern f\u00fcr Energie- und Geb\u00e4udetechnik durch die verst\u00e4rkte Vernetzung von Geb\u00e4udesystemen, die Integration erneuerbarer Energien und neuer Technologien wie E-Mobilit\u00e4t und Smart-Home-L\u00f6sungen.\u202fDies erfordert neue Kompetenzen in den Bereichen IT, Netzwerktechnik und den Umgang mit intelligenten Steuerungssystemen, was sich auch in neuen Ausbildungsberufen wie dem\u202f<a href=\"https:\/\/www.google.com\/search?sca_esv=3bbeda8844e2ec09&amp;cs=0&amp;q=Elektroniker+f%C3%BCr+Geb%C3%A4udesystemintegration&amp;sa=X&amp;ved=2ahUKEwj6_q3F8KiQAxUASvEDHVwrMiUQxccNegQIBhAB&amp;mstk=AUtExfDQrMWUsKIe158wunJ__cpH1rLRLb5jDaDfRFci0xE1d5yMyM1JMF0rI2ofqGpDO9qmt9xkfFwIse1zQzz3AfSsRX4V6-g-sp_RgK8jvG2_wz2rPGYjDPGWZBXiBb21JYk&amp;csui=3\" target=\"_blank\" rel=\"noreferrer noopener\">Elektroniker f\u00fcr Geb\u00e4udesystemintegration<\/a>\u202fniederschl\u00e4gt.\u202f&nbsp;<\/p>\n\n\n\n<div data-wp-context=\"{ &quot;autoclose&quot;: false, &quot;accordionItems&quot;: [] }\" data-wp-interactive=\"core\/accordion\" role=\"group\" class=\"wp-block-accordion is-layout-flow wp-block-accordion-is-layout-flow\">\n<div data-wp-class--is-open=\"state.isOpen\" data-wp-context=\"{ &quot;id&quot;: &quot;accordion-item-2&quot;, &quot;openByDefault&quot;: false }\" data-wp-init=\"callbacks.initAccordionItems\" data-wp-on-window--hashchange=\"callbacks.hashChange\" class=\"wp-block-accordion-item is-layout-flow wp-block-accordion-item-is-layout-flow\">\n<h3 class=\"wp-block-accordion-heading has-accent-3-color has-text-color has-link-color has-large-font-size wp-elements-de5689d12829795dec3edc1a9bfe1668\"><button aria-expanded=\"false\" aria-controls=\"accordion-item-2-panel\" data-wp-bind--aria-expanded=\"state.isOpen\" data-wp-on--click=\"actions.toggle\" data-wp-on--keydown=\"actions.handleKeyDown\" id=\"accordion-item-2\" type=\"button\" class=\"wp-block-accordion-heading__toggle\"><span class=\"wp-block-accordion-heading__toggle-title\">Wichtige Neuerungen<\/span><span class=\"wp-block-accordion-heading__toggle-icon\" aria-hidden=\"true\">+<\/span><\/button><\/h3>\n\n\n\n<div inert aria-labelledby=\"accordion-item-2\" data-wp-bind--inert=\"!state.isOpen\" id=\"accordion-item-2-panel\" role=\"region\" class=\"wp-block-accordion-panel is-layout-flow wp-block-accordion-panel-is-layout-flow\">\n<p>Wichtige Neuerungen&nbsp;<\/p>\n\n\n\n<ul class=\"wp-block-list has-small-font-size\">\n<li><strong>Vernetzte Geb\u00e4udesysteme:<\/strong>\u202f&nbsp;<br>Digitale Steuerungen und die Vernetzung \u00fcber Protokolle wie KNXnet\/IP und Modbus\/TCP werden immer wichtiger f\u00fcr die Steuerung von Licht, Heizung und Sicherheit.\u202f&nbsp;<\/li>\n\n\n\n<li><strong>Erneuerbare Energien und Energiemanagement:<\/strong>\u202f&nbsp;<br>Die Energiewende erfordert die Integration dezentraler und regenerativer Energiequellen.\u202fElektroniker m\u00fcssen jetzt auch Systeme f\u00fcr das Energiemanagement und die Ladeinfrastruktur f\u00fcr die Elektromobilit\u00e4t installieren und warten.\u202f&nbsp;<\/li>\n\n\n\n<li><strong>Sicherheitsstandards:<\/strong>\u202f&nbsp;<br>Mit der Vernetzung steigen die Anforderungen an die Sicherheit.\u202fElektroniker m\u00fcssen sicherheitsrelevante Aspekte wie\u202f<a href=\"https:\/\/www.google.com\/search?sca_esv=3bbeda8844e2ec09&amp;cs=0&amp;q=KNX+Secure&amp;sa=X&amp;ved=2ahUKEwj6_q3F8KiQAxUASvEDHVwrMiUQxccNegQIIBAB&amp;mstk=AUtExfDQrMWUsKIe158wunJ__cpH1rLRLb5jDaDfRFci0xE1d5yMyM1JMF0rI2ofqGpDO9qmt9xkfFwIse1zQzz3AfSsRX4V6-g-sp_RgK8jvG2_wz2rPGYjDPGWZBXiBb21JYk&amp;csui=3\" target=\"_blank\" rel=\"noreferrer noopener\">KNX Secure<\/a>\u202fbeherrschen, um Datenschutz und Systemsicherheit zu gew\u00e4hrleisten.\u202f&nbsp;<\/li>\n\n\n\n<li><strong>Smart Home und Komfort:<\/strong>\u202f&nbsp;<br>Die Integration von Smart-Home-Systemen f\u00fcr Wohnkomfort und Sicherheit wird immer komplexer.\u202fDazu geh\u00f6ren auch Anwendungen, die auf k\u00fcnstliche Intelligenz (KI) zur\u00fcckgreifen, wie beispielsweise zirkadianes Licht.\u202f&nbsp;<br>&nbsp;<\/li>\n\n\n\n<li><strong>Neue Ausbildungsberufe:<\/strong>\u202f&nbsp;<br>Um den ge\u00e4nderten Anforderungen gerecht zu werden, wurden neue Berufe geschaffen, wie zum Beispiel der Elektroniker f\u00fcr Geb\u00e4udesystemintegration, der sich auf vernetzte und smarte Geb\u00e4ude konzentriert.\u202f&nbsp;<br>&nbsp;<\/li>\n\n\n\n<li><strong>Digitale Lernmethoden:<\/strong>\u202f&nbsp;<br>Auch die Ausbildung selbst wird digitaler.\u202fAuszubildende lernen flexibler und zeitunabh\u00e4ngiger mit digitalen Medien und m\u00fcssen neue Kompetenzen im Umgang mit diesen Tools entwickeln.\u202f&nbsp;<\/li>\n<\/ul>\n<\/div>\n<\/div>\n<\/div>\n\n\n\n<div class=\"wp-block-buttons\" style=\"justify-content: flex-end; display: flex;\">\n  \n  <!-- Zur\u00fcck-Button -->\n  <div class=\"wp-block-button\">\n    <button class=\"wp-block-button__link wp-element-button\"   onclick=\"history.back()\">Zur\u00fcck<\/button>\n  <\/div>\n  <\/div>\n\n<\/div>\n<\/div>\n<\/div>\n\n\n\n<div class=\"wp-block-columns alignwide has-base-background-color has-background is-layout-flex wp-container-core-columns-is-layout-47c06fe3 wp-block-columns-is-layout-flex\">\n<div class=\"wp-block-column is-vertically-aligned-center is-layout-flow wp-block-column-is-layout-flow\" style=\"flex-basis:50%\">\n<h2 class=\"wp-block-heading has-accent-3-color has-text-color\" id=\"Neuordnung\" style=\"font-size:clamp(20px, 1.25rem + ((1vw - 3.2px) * 1.25), 32px);\"><strong>Neuordnung Lehrberufe Elektrotechnik<\/strong><\/h2>\n\n\n\n<p class=\"has-text-color\" style=\"color:#000000;font-size:clamp(14px, 0.875rem + ((1vw - 3.2px) * 0.313), 17px);\">Systeme zur Einrichtung eines Smart Homes werden immer beliebter \u2013 und gleichzeitig anspruchsvoller. Durch die Energiewende wird Energie zunehmend regenerativ und dezentral erzeugt. Immer mehr Geb\u00e4ude verf\u00fcgen \u00fcber Photovoltaikanlagen, Stromspeicher oder intelligente Energiemanagementsysteme.<\/p>\n\n\n\n<p>F\u00fcr junge Menschen, die am Beginn ihres Berufslebens stehen, entstehen dadurch spannende Perspektiven: eine Ausbildung in einem der f\u00fcnf neu strukturierten Elektrohandwerksberufe.<\/p>\n\n\n\n<div data-wp-context=\"{ &quot;autoclose&quot;: false, &quot;accordionItems&quot;: [] }\" data-wp-interactive=\"core\/accordion\" role=\"group\" class=\"wp-block-accordion is-layout-flow wp-block-accordion-is-layout-flow\">\n<div data-wp-class--is-open=\"state.isOpen\" data-wp-context=\"{ &quot;id&quot;: &quot;accordion-item-3&quot;, &quot;openByDefault&quot;: false }\" data-wp-init=\"callbacks.initAccordionItems\" data-wp-on-window--hashchange=\"callbacks.hashChange\" class=\"wp-block-accordion-item is-layout-flow wp-block-accordion-item-is-layout-flow\">\n<h3 class=\"wp-block-accordion-heading has-accent-3-color has-text-color has-link-color has-large-font-size wp-elements-de5689d12829795dec3edc1a9bfe1668\"><button aria-expanded=\"false\" aria-controls=\"accordion-item-3-panel\" data-wp-bind--aria-expanded=\"state.isOpen\" data-wp-on--click=\"actions.toggle\" data-wp-on--keydown=\"actions.handleKeyDown\" id=\"accordion-item-3\" type=\"button\" class=\"wp-block-accordion-heading__toggle\"><span class=\"wp-block-accordion-heading__toggle-title\">Wichtige Neuerungen<\/span><span class=\"wp-block-accordion-heading__toggle-icon\" aria-hidden=\"true\">+<\/span><\/button><\/h3>\n\n\n\n<div inert aria-labelledby=\"accordion-item-3\" data-wp-bind--inert=\"!state.isOpen\" id=\"accordion-item-3-panel\" role=\"region\" class=\"wp-block-accordion-panel is-layout-flow wp-block-accordion-panel-is-layout-flow\">\n<p>Digitalisierung, Energieeffizienz, erneuerbare Energieerzeugung und Smart-Home-Technologien sind Entwicklungen, die schon heute eine gro\u00dfe Rolle spielen und unseren Alltag k\u00fcnftig noch st\u00e4rker pr\u00e4gen werden\u201c, erkl\u00e4rt Andreas Habermehl vom Zentralverband der Deutschen Elektro- und Informationstechnischen Handwerke (ZVEH). \u201eDas Elektrohandwerk wird im Umgang mit diesen Technologien eine Schl\u00fcsselrolle einnehmen. Wer sich jetzt f\u00fcr eine Ausbildung in diesem Bereich entscheidet, w\u00e4hlt einen Beruf mit Zukunft.\u201c<\/p>\n\n\n\n<p>Habermehl empfiehlt Interessierten, sich fr\u00fchzeitig zu informieren und Kontakt zu Ausbildungsbetrieben aufzunehmen.<\/p>\n<\/div>\n<\/div>\n<\/div>\n\n\n\n<div class=\"wp-block-buttons\" >\n  \n  <!-- Zur\u00fcck-Button -->\n  <div class=\"wp-block-button\">\n    <button class=\"wp-block-button__link wp-element-button\"   onclick=\"history.back()\">Zur\u00fcck<\/button>\n  <\/div>\n  <\/div>\n\n<\/div>\n<\/div>\n\n\n\n<div class=\"wp-block-column is-vertically-aligned-center is-layout-flow wp-block-column-is-layout-flow\" style=\"flex-basis:30%\">\n<figure class=\"wp-block-image size-full is-style-rounded is-style-rounded--4\"><img decoding=\"async\" width=\"1024\" height=\"1536\" src=\"https:\/\/gh.bs-kronach.de\/wp-content\/uploads\/2026\/03\/LehrPlanKI-ganz.webp\" alt=\"\" class=\"wp-image-775\" srcset=\"https:\/\/gh.bs-kronach.de\/wp-content\/uploads\/2026\/03\/LehrPlanKI-ganz.webp 1024w, https:\/\/gh.bs-kronach.de\/wp-content\/uploads\/2026\/03\/LehrPlanKI-ganz-200x300.webp 200w, https:\/\/gh.bs-kronach.de\/wp-content\/uploads\/2026\/03\/LehrPlanKI-ganz-683x1024.webp 683w, https:\/\/gh.bs-kronach.de\/wp-content\/uploads\/2026\/03\/LehrPlanKI-ganz-768x1152.webp 768w, https:\/\/gh.bs-kronach.de\/wp-content\/uploads\/2026\/03\/LehrPlanKI-ganz-8x12.webp 8w\" sizes=\"(max-width: 1024px) 100vw, 1024px\" \/><\/figure>\n<\/div>\n<\/div>\n\n\n\n<div class=\"wp-block-columns alignwide has-accent-background-color has-background is-layout-flex wp-container-core-columns-is-layout-47c06fe3 wp-block-columns-is-layout-flex\">\n<div class=\"wp-block-column is-vertically-aligned-center is-layout-flow wp-block-column-is-layout-flow\" style=\"flex-basis:30%\">\n<figure class=\"wp-block-image size-full is-style-rounded is-style-rounded--5\"><img decoding=\"async\" width=\"1200\" height=\"800\" src=\"https:\/\/gh.bs-kronach.de\/wp-content\/uploads\/2025\/10\/abstract-geometric-art.webp\" alt=\"\" class=\"wp-image-24\" srcset=\"https:\/\/gh.bs-kronach.de\/wp-content\/uploads\/2025\/10\/abstract-geometric-art.webp 1200w, https:\/\/gh.bs-kronach.de\/wp-content\/uploads\/2025\/10\/abstract-geometric-art-300x200.webp 300w, https:\/\/gh.bs-kronach.de\/wp-content\/uploads\/2025\/10\/abstract-geometric-art-1024x683.webp 1024w, https:\/\/gh.bs-kronach.de\/wp-content\/uploads\/2025\/10\/abstract-geometric-art-768x512.webp 768w, https:\/\/gh.bs-kronach.de\/wp-content\/uploads\/2025\/10\/abstract-geometric-art-18x12.webp 18w\" sizes=\"(max-width: 1200px) 100vw, 1200px\" \/><\/figure>\n<\/div>\n\n\n\n<div class=\"wp-block-column is-vertically-aligned-center is-layout-flow wp-block-column-is-layout-flow\" style=\"flex-basis:50%\">\n<h2 class=\"wp-block-heading has-accent-3-color has-text-color\" id=\"SmartBOAD\" style=\"font-size:clamp(20px, 1.25rem + ((1vw - 3.2px) * 1.25), 32px);\"><strong>Fertigstellung SmartBOAD V1.0<\/strong><\/h2>\n\n\n\n<p class=\"has-text-color\" style=\"color:#000000;font-size:clamp(14px, 0.875rem + ((1vw - 3.2px) * 0.313), 17px);\">Texto<\/p>\n\n\n\n<p>Texto<\/p>\n\n\n\n<div data-wp-context=\"{ &quot;autoclose&quot;: false, &quot;accordionItems&quot;: [] }\" data-wp-interactive=\"core\/accordion\" role=\"group\" class=\"wp-block-accordion is-layout-flow wp-block-accordion-is-layout-flow\">\n<div data-wp-class--is-open=\"state.isOpen\" data-wp-context=\"{ &quot;id&quot;: &quot;accordion-item-6&quot;, &quot;openByDefault&quot;: false }\" data-wp-init=\"callbacks.initAccordionItems\" data-wp-on-window--hashchange=\"callbacks.hashChange\" class=\"wp-block-accordion-item is-layout-flow wp-block-accordion-item-is-layout-flow\">\n<h3 class=\"wp-block-accordion-heading has-accent-3-color has-text-color has-link-color has-large-font-size wp-elements-fe1c1ef5a90351181dbb1cdfcab3a882\"><button aria-expanded=\"false\" aria-controls=\"accordion-item-6-panel\" data-wp-bind--aria-expanded=\"state.isOpen\" data-wp-on--click=\"actions.toggle\" data-wp-on--keydown=\"actions.handleKeyDown\" id=\"accordion-item-6\" type=\"button\" class=\"wp-block-accordion-heading__toggle\"><span class=\"wp-block-accordion-heading__toggle-title\">Details &#8230;<\/span><span class=\"wp-block-accordion-heading__toggle-icon\" aria-hidden=\"true\">+<\/span><\/button><\/h3>\n\n\n\n<div inert aria-labelledby=\"accordion-item-6\" data-wp-bind--inert=\"!state.isOpen\" id=\"accordion-item-6-panel\" role=\"region\" class=\"wp-block-accordion-panel is-layout-flow wp-block-accordion-panel-is-layout-flow\">\n<p>Wichtige Neuerungen&nbsp;<\/p>\n<\/div>\n<\/div>\n<\/div>\n\n\n\n<div class=\"wp-block-buttons\" style=\"justify-content: flex-end; display: flex;\">\n  \n  <!-- Zur\u00fcck-Button -->\n  <div class=\"wp-block-button\">\n    <button class=\"wp-block-button__link wp-element-button\"   onclick=\"history.back()\">Zur\u00fcck<\/button>\n  <\/div>\n  <\/div>\n\n<\/div>\n<\/div>\n<\/div>\n\n\n\n<div class=\"wp-block-columns alignwide has-base-background-color has-background is-layout-flex wp-container-core-columns-is-layout-47c06fe3 wp-block-columns-is-layout-flex\">\n<div class=\"wp-block-column is-vertically-aligned-center is-layout-flow wp-block-column-is-layout-flow\" style=\"flex-basis:50%\">\n<h2 class=\"wp-block-heading has-accent-3-color has-text-color\" id=\"Neuordnung\" style=\"font-size:clamp(20px, 1.25rem + ((1vw - 3.2px) * 1.25), 32px);\"><strong>Neuordnung Lehrberufe Elektrotechnik<\/strong><\/h2>\n\n\n\n<p class=\"has-text-color\" style=\"color:#000000;font-size:clamp(14px, 0.875rem + ((1vw - 3.2px) * 0.313), 17px);\">Systeme zur Einrichtung eines Smart Homes werden immer beliebter \u2013 und gleichzeitig anspruchsvoller. Durch die Energiewende wird Energie zunehmend regenerativ und dezentral erzeugt. Immer mehr Geb\u00e4ude verf\u00fcgen \u00fcber Photovoltaikanlagen, Stromspeicher oder intelligente Energiemanagementsysteme.<\/p>\n\n\n\n<p>F\u00fcr junge Menschen, die am Beginn ihres Berufslebens stehen, entstehen dadurch spannende Perspektiven: eine Ausbildung in einem der f\u00fcnf neu strukturierten Elektrohandwerksberufe.<\/p>\n\n\n\n<div data-wp-context=\"{ &quot;autoclose&quot;: false, &quot;accordionItems&quot;: [] }\" data-wp-interactive=\"core\/accordion\" role=\"group\" class=\"wp-block-accordion is-layout-flow wp-block-accordion-is-layout-flow\">\n<div data-wp-class--is-open=\"state.isOpen\" data-wp-context=\"{ &quot;id&quot;: &quot;accordion-item-7&quot;, &quot;openByDefault&quot;: false }\" data-wp-init=\"callbacks.initAccordionItems\" data-wp-on-window--hashchange=\"callbacks.hashChange\" class=\"wp-block-accordion-item is-layout-flow wp-block-accordion-item-is-layout-flow\">\n<h3 class=\"wp-block-accordion-heading has-accent-3-color has-text-color has-link-color has-large-font-size wp-elements-de5689d12829795dec3edc1a9bfe1668\"><button aria-expanded=\"false\" aria-controls=\"accordion-item-7-panel\" data-wp-bind--aria-expanded=\"state.isOpen\" data-wp-on--click=\"actions.toggle\" data-wp-on--keydown=\"actions.handleKeyDown\" id=\"accordion-item-7\" type=\"button\" class=\"wp-block-accordion-heading__toggle\"><span class=\"wp-block-accordion-heading__toggle-title\">Wichtige Neuerungen<\/span><span class=\"wp-block-accordion-heading__toggle-icon\" aria-hidden=\"true\">+<\/span><\/button><\/h3>\n\n\n\n<div inert aria-labelledby=\"accordion-item-7\" data-wp-bind--inert=\"!state.isOpen\" id=\"accordion-item-7-panel\" role=\"region\" class=\"wp-block-accordion-panel is-layout-flow wp-block-accordion-panel-is-layout-flow\">\n<p>Digitalisierung, Energieeffizienz, erneuerbare Energieerzeugung und Smart-Home-Technologien sind Entwicklungen, die schon heute eine gro\u00dfe Rolle spielen und unseren Alltag k\u00fcnftig noch st\u00e4rker pr\u00e4gen werden\u201c, erkl\u00e4rt Andreas Habermehl vom Zentralverband der Deutschen Elektro- und Informationstechnischen Handwerke (ZVEH). \u201eDas Elektrohandwerk wird im Umgang mit diesen Technologien eine Schl\u00fcsselrolle einnehmen. Wer sich jetzt f\u00fcr eine Ausbildung in diesem Bereich entscheidet, w\u00e4hlt einen Beruf mit Zukunft.\u201c<\/p>\n\n\n\n<p>Habermehl empfiehlt Interessierten, sich fr\u00fchzeitig zu informieren und Kontakt zu Ausbildungsbetrieben aufzunehmen.<\/p>\n<\/div>\n<\/div>\n<\/div>\n\n\n\n<div class=\"wp-block-buttons\" >\n  \n  <!-- Zur\u00fcck-Button -->\n  <div class=\"wp-block-button\">\n    <button class=\"wp-block-button__link wp-element-button\"   onclick=\"history.back()\">Zur\u00fcck<\/button>\n  <\/div>\n  <\/div>\n\n<\/div>\n<\/div>\n\n\n\n<div class=\"wp-block-column is-vertically-aligned-center is-layout-flow wp-block-column-is-layout-flow\" style=\"flex-basis:30%\">\n<figure class=\"wp-block-image size-full is-style-rounded is-style-rounded--8\"><img decoding=\"async\" width=\"1024\" height=\"1536\" src=\"https:\/\/gh.bs-kronach.de\/wp-content\/uploads\/2026\/03\/LehrPlanKI-ganz.webp\" alt=\"\" class=\"wp-image-775\" srcset=\"https:\/\/gh.bs-kronach.de\/wp-content\/uploads\/2026\/03\/LehrPlanKI-ganz.webp 1024w, https:\/\/gh.bs-kronach.de\/wp-content\/uploads\/2026\/03\/LehrPlanKI-ganz-200x300.webp 200w, https:\/\/gh.bs-kronach.de\/wp-content\/uploads\/2026\/03\/LehrPlanKI-ganz-683x1024.webp 683w, https:\/\/gh.bs-kronach.de\/wp-content\/uploads\/2026\/03\/LehrPlanKI-ganz-768x1152.webp 768w, https:\/\/gh.bs-kronach.de\/wp-content\/uploads\/2026\/03\/LehrPlanKI-ganz-8x12.webp 8w\" sizes=\"(max-width: 1024px) 100vw, 1024px\" \/><\/figure>\n<\/div>\n<\/div>\n<\/div>\n\n\n\n<p><\/p>","protected":false},"excerpt":{"rendered":"<p>Start &#8222;Digital-Pakt Schule&#8220; Der DigitalPakt Schule wurde gestartet, um die digitale Infrastruktur an deutschen Schulen zu verbessern und die Digitalisierung zu f\u00f6rdern.\u202f Die Digitalisierung ver\u00e4ndert die Arbeit von Elektronikern f\u00fcr Energie- und Geb\u00e4udetechnik durch die verst\u00e4rkte Vernetzung von Geb\u00e4udesystemen, die Integration erneuerbarer Energien und neuer Technologien wie E-Mobilit\u00e4t und Smart-Home-L\u00f6sungen.\u202fDies erfordert neue Kompetenzen in den [&hellip;]<\/p>\n","protected":false},"author":2,"featured_media":0,"parent":0,"menu_order":0,"comment_status":"closed","ping_status":"closed","template":"","meta":{"footnotes":""},"categories":[],"tags":[],"class_list":["post-761","page","type-page","status-publish","hentry"],"_links":{"self":[{"href":"https:\/\/gh.bs-kronach.de\/es\/wp-json\/wp\/v2\/pages\/761","targetHints":{"allow":["GET"]}}],"collection":[{"href":"https:\/\/gh.bs-kronach.de\/es\/wp-json\/wp\/v2\/pages"}],"about":[{"href":"https:\/\/gh.bs-kronach.de\/es\/wp-json\/wp\/v2\/types\/page"}],"author":[{"embeddable":true,"href":"https:\/\/gh.bs-kronach.de\/es\/wp-json\/wp\/v2\/users\/2"}],"replies":[{"embeddable":true,"href":"https:\/\/gh.bs-kronach.de\/es\/wp-json\/wp\/v2\/comments?post=761"}],"version-history":[{"count":31,"href":"https:\/\/gh.bs-kronach.de\/es\/wp-json\/wp\/v2\/pages\/761\/revisions"}],"predecessor-version":[{"id":860,"href":"https:\/\/gh.bs-kronach.de\/es\/wp-json\/wp\/v2\/pages\/761\/revisions\/860"}],"wp:attachment":[{"href":"https:\/\/gh.bs-kronach.de\/es\/wp-json\/wp\/v2\/media?parent=761"}],"wp:term":[{"taxonomy":"category","embeddable":true,"href":"https:\/\/gh.bs-kronach.de\/es\/wp-json\/wp\/v2\/categories?post=761"},{"taxonomy":"post_tag","embeddable":true,"href":"https:\/\/gh.bs-kronach.de\/es\/wp-json\/wp\/v2\/tags?post=761"}],"curies":[{"name":"wp","href":"https:\/\/api.w.org\/{rel}","templated":true}]}}