{"id":26,"date":"2025-10-26T14:44:32","date_gmt":"2025-10-26T13:44:32","guid":{"rendered":"https:\/\/gh.bs-kronach.de\/?page_id=26"},"modified":"2026-03-09T09:21:00","modified_gmt":"2026-03-09T08:21:00","slug":"projekt","status":"publish","type":"page","link":"https:\/\/gh.bs-kronach.de\/fr\/projekt\/","title":{"rendered":"Projet"},"content":{"rendered":"<div class=\"wp-block-columns alignwide is-layout-flex wp-container-core-columns-is-layout-28f84493 wp-block-columns-is-layout-flex\">\n<div class=\"wp-block-column is-layout-flow wp-block-column-is-layout-flow\" style=\"flex-basis:100%\">\n<div class=\"alignnormal\"><div id=\"metaslider-id-937\" style=\"width: 100%; margin: 0 auto;\" class=\"ml-slider-3-107-0 metaslider metaslider-flex metaslider-937 ml-slider hide-arrows-smartphone has-dots-nav has-carousel-mode ms-theme-outline\" role=\"region\" aria-label=\"SmartBOARD Project\" data-height=\"200\" data-width=\"390\">\n    <div id=\"metaslider_container_937\">\n        <div id=\"metaslider_937\">\n            <ul aria-live='off' class='slides'>\n                <li style=\"display: none; width: 100%;\" class=\"slide-961 ms-image\" aria-roledescription=\"slide\" data-date=\"2026-03-09 08:39:47\" data-filename=\"Bild1-1-390x200.webp\" data-slide-type=\"image\"><img fetchpriority=\"high\" decoding=\"async\" src=\"https:\/\/gh.bs-kronach.de\/wp-content\/uploads\/2026\/03\/Bild1-1-390x200.webp\" height=\"200\" width=\"390\" alt=\"\" class=\"slider-937 slide-961 msDefaultImage\" title=\"Bild1\" \/><\/li>\n                <li style=\"display: none; width: 100%;\" class=\"slide-962 ms-image\" aria-roledescription=\"slide\" data-date=\"2026-03-09 08:39:47\" data-filename=\"Bild2-1-scaled-390x200.webp\" data-slide-type=\"image\"><img decoding=\"async\" src=\"https:\/\/gh.bs-kronach.de\/wp-content\/uploads\/2026\/03\/Bild2-1-scaled-390x200.webp\" height=\"200\" width=\"390\" alt=\"\" class=\"slider-937 slide-962 msDefaultImage\" title=\"Bild2\" \/><\/li>\n                <li style=\"display: none; width: 100%;\" class=\"slide-963 ms-image\" aria-roledescription=\"slide\" data-date=\"2026-03-09 08:39:47\" data-filename=\"Bild3-1-scaled-390x200.jpg\" data-slide-type=\"image\"><img decoding=\"async\" src=\"https:\/\/gh.bs-kronach.de\/wp-content\/uploads\/2026\/03\/Bild3-1-scaled-390x200.jpg\" height=\"200\" width=\"390\" alt=\"\" class=\"slider-937 slide-963 msDefaultImage\" title=\"Bild3\" \/><\/li>\n                <li style=\"display: none; width: 100%;\" class=\"slide-964 ms-image\" aria-roledescription=\"slide\" data-date=\"2026-03-09 08:39:47\" data-filename=\"Bild4-1-scaled-390x200.jpg\" data-slide-type=\"image\"><img loading=\"lazy\" decoding=\"async\" src=\"https:\/\/gh.bs-kronach.de\/wp-content\/uploads\/2026\/03\/Bild4-1-scaled-390x200.jpg\" height=\"200\" width=\"390\" alt=\"\" class=\"slider-937 slide-964 msDefaultImage\" title=\"Bild4\" \/><\/li>\n                <li style=\"display: none; width: 100%;\" class=\"slide-965 ms-image\" aria-roledescription=\"slide\" data-date=\"2026-03-09 08:39:47\" data-filename=\"Bild5-1-scaled-390x200.jpg\" data-slide-type=\"image\"><img loading=\"lazy\" decoding=\"async\" src=\"https:\/\/gh.bs-kronach.de\/wp-content\/uploads\/2026\/03\/Bild5-1-scaled-390x200.jpg\" height=\"200\" width=\"390\" alt=\"\" class=\"slider-937 slide-965 msDefaultImage\" title=\"Bild5\" \/><\/li>\n                <li style=\"display: none; width: 100%;\" class=\"slide-966 ms-image\" aria-roledescription=\"slide\" data-date=\"2026-03-09 08:39:47\" data-filename=\"Bild6-1-scaled-390x200.jpg\" data-slide-type=\"image\"><img loading=\"lazy\" decoding=\"async\" src=\"https:\/\/gh.bs-kronach.de\/wp-content\/uploads\/2026\/03\/Bild6-1-scaled-390x200.jpg\" height=\"200\" width=\"390\" alt=\"\" class=\"slider-937 slide-966 msDefaultImage\" title=\"Bild6\" \/><\/li>\n                <li style=\"display: none; width: 100%;\" class=\"slide-967 ms-image\" aria-roledescription=\"slide\" data-date=\"2026-03-09 08:39:47\" data-filename=\"Bild7-1-scaled-390x200.jpg\" data-slide-type=\"image\"><img loading=\"lazy\" decoding=\"async\" src=\"https:\/\/gh.bs-kronach.de\/wp-content\/uploads\/2026\/03\/Bild7-1-scaled-390x200.jpg\" height=\"200\" width=\"390\" alt=\"\" class=\"slider-937 slide-967 msDefaultImage\" title=\"Bild7\" \/><\/li>\n            <\/ul>\n        <\/div>\n        \n    <\/div>\n<\/div><\/div>\n<\/div>\n<\/div>\n\n\n\n<div class=\"wp-block-group alignfull has-base-background-color has-background has-global-padding is-layout-constrained wp-container-core-group-is-layout-d89aad35 wp-block-group-is-layout-constrained\" style=\"margin-top:0;margin-bottom:0;padding-top:var(--wp--preset--spacing--50);padding-right:var(--wp--preset--spacing--50);padding-bottom:var(--wp--preset--spacing--50);padding-left:var(--wp--preset--spacing--50)\">\n<div class=\"wp-block-columns alignwide is-layout-flex wp-container-core-columns-is-layout-549b0c86 wp-block-columns-is-layout-flex\">\n<div class=\"wp-block-column has-global-padding is-content-justification-left is-layout-constrained wp-container-core-column-is-layout-4f15e8fe wp-block-column-is-layout-constrained\" style=\"flex-basis:40%\">\n<h2 class=\"wp-block-heading has-accent-3-color has-text-color has-link-color has-xx-large-font-size wp-elements-0c39fee7f221b6f7fa57168704585602\">Intention<\/h2>\n\n\n\n<p>Die wiederbelebte Kunstgalerie wird die Kulturlandschaft neu definieren.<\/p>\n<\/div>\n\n\n\n<div class=\"wp-block-column is-layout-flow wp-container-core-column-is-layout-119bc444 wp-block-column-is-layout-flow\" style=\"flex-basis:60%\">\n<p class=\"has-heading-font-family has-large-font-size\" style=\"line-height:1.2\">Mit viel Liebe zum Detail und einer Verpflichtung zu Spitzenleistungen schaffen wir R\u00e4ume, die das Leben der Menschen, die sie bewohnen, inspirieren, aufwerten und bereichern.<\/p>\n\n\n\n<div class=\"wp-block-columns is-layout-flex wp-container-core-columns-is-layout-87beb0d0 wp-block-columns-is-layout-flex\">\n<div class=\"wp-block-column is-layout-flow wp-block-column-is-layout-flow\">\n<p class=\"wp-container-content-9cfa9a5a\">Die wiederbelebte Kunstgalerie wird die kulturelle Landschaft Torontos neu definieren und als Knotenpunkt f\u00fcr k\u00fcnstlerischen Ausdruck, gesellschaftliches Engagement und architektonisches Wunderwerk dienen. Das Erweiterungs- und Renovierungsprojekt ist eine Hommage an die reiche Geschichte der Kunstgalerie und gleichzeitig ein Blick in die Zukunft, damit die Galerie ein Leuchtturm der Inspiration bleibt.<\/p>\n<\/div>\n\n\n\n<div class=\"wp-block-column is-layout-flow wp-block-column-is-layout-flow\">\n<p>Die wiederbelebte Kunstgalerie wird die kulturelle Landschaft Torontos neu definieren und als Knotenpunkt f\u00fcr k\u00fcnstlerischen Ausdruck, gesellschaftliches Engagement und architektonisches Wunderwerk dienen. Das Erweiterungs- und Renovierungsprojekt ist eine Hommage an die reiche Geschichte der Kunstgalerie und gleichzeitig ein Blick in die Zukunft, damit die Galerie ein Leuchtturm der Inspiration bleibt.<\/p>\n<\/div>\n<\/div>\n<\/div>\n<\/div>\n<\/div>\n\n\n\n<div class=\"wp-block-group alignfull has-accent-5-background-color has-background has-global-padding is-layout-constrained wp-container-core-group-is-layout-d89aad35 wp-block-group-is-layout-constrained\" style=\"margin-top:0;margin-bottom:0;padding-top:var(--wp--preset--spacing--50);padding-right:var(--wp--preset--spacing--50);padding-bottom:var(--wp--preset--spacing--50);padding-left:var(--wp--preset--spacing--50)\">\n<div class=\"wp-block-columns alignwide is-layout-flex wp-container-core-columns-is-layout-1da03c2a wp-block-columns-is-layout-flex\">\n<div class=\"wp-block-column is-layout-flow wp-block-column-is-layout-flow\" style=\"flex-basis:40%\">\n<h2 class=\"wp-block-heading has-accent-3-color has-text-color has-link-color has-xx-large-font-size wp-elements-0c39fee7f221b6f7fa57168704585602\">Intention<\/h2>\n\n\n\n<p>D\u00e9couvrez la fusion de l'imagination et de l'expertise avec \u00c9tudes, le catalyseur des transformations architecturales qui enrichissent le monde qui nous entoure.<\/p>\n<\/div>\n\n\n\n<div class=\"wp-block-column is-vertically-aligned-center is-layout-flow wp-block-column-is-layout-flow\" style=\"flex-basis:60%\">\n<figure class=\"wp-block-image size-full is-style-rounded wp-duotone-duotone-1 is-style-rounded--1\"><img decoding=\"async\" src=\"https:\/\/gh.bs-kronach.de\/wp-content\/uploads\/2025\/10\/abstract-geometric-art-1.webp\" alt=\"\u0152uvre d&#039;art g\u00e9om\u00e9trique abstraite blanche de Dresde, Allemagne\" class=\"wp-image-28\" style=\"aspect-ratio:4\/3;object-fit:cover\"\/><\/figure>\n<\/div>\n<\/div>\n<\/div>\n\n\n\n<div class=\"wp-block-group alignfull has-global-padding is-layout-constrained wp-container-core-group-is-layout-d89aad35 wp-block-group-is-layout-constrained\" style=\"margin-top:0;margin-bottom:0;padding-top:var(--wp--preset--spacing--50);padding-right:var(--wp--preset--spacing--50);padding-bottom:var(--wp--preset--spacing--50);padding-left:var(--wp--preset--spacing--50)\">\n<div class=\"wp-block-columns alignwide are-vertically-aligned-center is-layout-flex wp-container-core-columns-is-layout-47c06fe3 wp-block-columns-is-layout-flex\">\n<div class=\"wp-block-column is-vertically-aligned-center is-layout-flow wp-block-column-is-layout-flow\" style=\"flex-basis:50%\">\n<h2 class=\"wp-block-heading\">Verbessere deine architektonische Reise mit der Architekten-App von \u00c9tudes.<\/h2>\n\n\n\n<ul style=\"line-height:1.75\" class=\"wp-block-list is-style-checkmark-list\">\n<li>Arbeite mit anderen Architekten zusammen.<\/li>\n\n\n\n<li>Stelle deine Projekte vor.<\/li>\n\n\n\n<li>Erlebe die Welt der Architektur.<\/li>\n<\/ul>\n\n\n\n<div class=\"wp-block-buttons is-layout-flex wp-block-buttons-is-layout-flex\">\n<div class=\"wp-block-button\"><a class=\"wp-block-button__link wp-element-button\">T\u00e9l\u00e9charger l'application<\/a><\/div>\n\n\n\n<div class=\"wp-block-button is-style-outline is-style-outline--2\"><a class=\"wp-block-button__link wp-element-button\">Voici comment cela fonctionne<\/a><\/div>\n<\/div>\n<\/div>\n\n\n\n<div class=\"wp-block-column is-vertically-aligned-center is-layout-flow wp-block-column-is-layout-flow\" style=\"flex-basis:50%\">\n<figure class=\"wp-block-image size-full is-style-rounded is-style-rounded--3\"><img decoding=\"async\" src=\"https:\/\/gh.bs-kronach.de\/wp-content\/uploads\/2025\/10\/abstract-geometric-art-1.webp\" alt=\"\u0152uvre d&#039;art g\u00e9om\u00e9trique abstraite blanche de Dresde, Allemagne\" class=\"wp-image-28\" style=\"aspect-ratio:4\/3;object-fit:cover\"\/><\/figure>\n<\/div>\n<\/div>\n<\/div>","protected":false},"excerpt":{"rendered":"<p>Intention Die wiederbelebte Kunstgalerie wird die Kulturlandschaft neu definieren. Mit viel Liebe zum Detail und einer Verpflichtung zu Spitzenleistungen schaffen wir R\u00e4ume, die das Leben der Menschen, die sie bewohnen, inspirieren, aufwerten und bereichern. Die wiederbelebte Kunstgalerie wird die kulturelle Landschaft Torontos neu definieren und als Knotenpunkt f\u00fcr k\u00fcnstlerischen Ausdruck, gesellschaftliches Engagement und architektonisches Wunderwerk [&hellip;]<\/p>\n","protected":false},"author":2,"featured_media":0,"parent":0,"menu_order":0,"comment_status":"closed","ping_status":"closed","template":"","meta":{"footnotes":""},"categories":[7],"tags":[],"class_list":["post-26","page","type-page","status-publish","hentry","category-project"],"_links":{"self":[{"href":"https:\/\/gh.bs-kronach.de\/fr\/wp-json\/wp\/v2\/pages\/26","targetHints":{"allow":["GET"]}}],"collection":[{"href":"https:\/\/gh.bs-kronach.de\/fr\/wp-json\/wp\/v2\/pages"}],"about":[{"href":"https:\/\/gh.bs-kronach.de\/fr\/wp-json\/wp\/v2\/types\/page"}],"author":[{"embeddable":true,"href":"https:\/\/gh.bs-kronach.de\/fr\/wp-json\/wp\/v2\/users\/2"}],"replies":[{"embeddable":true,"href":"https:\/\/gh.bs-kronach.de\/fr\/wp-json\/wp\/v2\/comments?post=26"}],"version-history":[{"count":10,"href":"https:\/\/gh.bs-kronach.de\/fr\/wp-json\/wp\/v2\/pages\/26\/revisions"}],"predecessor-version":[{"id":979,"href":"https:\/\/gh.bs-kronach.de\/fr\/wp-json\/wp\/v2\/pages\/26\/revisions\/979"}],"wp:attachment":[{"href":"https:\/\/gh.bs-kronach.de\/fr\/wp-json\/wp\/v2\/media?parent=26"}],"wp:term":[{"taxonomy":"category","embeddable":true,"href":"https:\/\/gh.bs-kronach.de\/fr\/wp-json\/wp\/v2\/categories?post=26"},{"taxonomy":"post_tag","embeddable":true,"href":"https:\/\/gh.bs-kronach.de\/fr\/wp-json\/wp\/v2\/tags?post=26"}],"curies":[{"name":"wp","href":"https:\/\/api.w.org\/{rel}","templated":true}]}}