{"id":36,"date":"2025-10-26T14:47:33","date_gmt":"2025-10-26T13:47:33","guid":{"rendered":"https:\/\/gh.bs-kronach.de\/?page_id=36"},"modified":"2026-03-08T22:23:34","modified_gmt":"2026-03-08T21:23:34","slug":"tableau-blanc-interactif","status":"publish","type":"page","link":"https:\/\/gh.bs-kronach.de\/fr\/smartboard\/","title":{"rendered":"Tableau blanc interactif"},"content":{"rendered":"<div class=\"wp-block-group alignwide has-base-background-color has-background has-global-padding is-layout-constrained wp-container-core-group-is-layout-669513ed wp-block-group-is-layout-constrained\" style=\"margin-top:0;margin-bottom:0;padding-top:var(--wp--preset--spacing--50);padding-right:var(--wp--preset--spacing--50);padding-bottom:var(--wp--preset--spacing--50);padding-left:var(--wp--preset--spacing--50)\">\n<figure class=\"wp-block-image alignfull size-large is-style-rounded is-style-rounded--1\"><img decoding=\"async\" src=\"https:\/\/gh.bs-kronach.de\/wp-content\/uploads\/2026\/03\/SmartBOARD-Header-1024x279.jpg\" alt=\"\" class=\"wp-image-892\"\/><\/figure>\n\n\n\n<div class=\"wp-block-columns alignwide is-layout-flex wp-container-core-columns-is-layout-28f84493 wp-block-columns-is-layout-flex\">\n<div class=\"wp-block-column is-layout-flow wp-block-column-is-layout-flow\" style=\"flex-basis:60%\">\n<p class=\"has-accent-3-color has-text-color has-link-color has-heading-font-family has-xx-large-font-size wp-elements-33b58262d0b9da4eb2832b9c566be169\" style=\"line-height:1.2\">Le Tableau Blanc Interactif<\/p>\n<\/div>\n\n\n\n<div class=\"wp-block-column is-layout-flow wp-block-column-is-layout-flow\" style=\"flex-basis:40%\">\n<p class=\"has-contrast-2-color has-text-color has-link-color wp-elements-22571d6f9e0819b5e87e4a63f6ed86cb wp-container-content-0733e5d0\">Table des mati\u00e8res<\/p>\n\n\n\n<ul class=\"wp-block-list\">\n<li>Aper\u00e7u<\/li>\n\n\n\n<li>Dessus \u2013 Plaque de prototypage<\/li>\n\n\n\n<li>Composants Shelly<\/li>\n\n\n\n<li>C\u00e2blage<\/li>\n\n\n\n<li>Commande de store banne<\/li>\n\n\n\n<li>Connecteurs enfichables<\/li>\n\n\n\n<li>Alimentation \u00e9lectrique<\/li>\n<\/ul>\n<\/div>\n<\/div>\n<\/div>\n\n\n\n<div class=\"wp-block-group alignwide has-accent-background-color has-background has-global-padding is-layout-constrained wp-container-core-group-is-layout-669513ed wp-block-group-is-layout-constrained\" style=\"margin-top:0;margin-bottom:0;padding-top:var(--wp--preset--spacing--50);padding-right:var(--wp--preset--spacing--50);padding-bottom:var(--wp--preset--spacing--50);padding-left:var(--wp--preset--spacing--50)\">\n<h2 class=\"wp-block-heading alignwide has-accent-3-color has-text-color has-link-color wp-elements-50e1ae2c5b412169022803e1715ac619\">Dessus<\/h2>\n\n\n\n<figure class=\"wp-block-image alignwide size-large is-style-rounded is-style-rounded--2\"><img decoding=\"async\" src=\"https:\/\/gh.bs-kronach.de\/wp-content\/uploads\/2026\/03\/Oberseite_SmartBOARD-1024x568.jpg\" alt=\"\" class=\"wp-image-897\"\/><\/figure>\n\n\n\n<div class=\"wp-block-columns alignwide is-layout-flex wp-container-core-columns-is-layout-28f84493 wp-block-columns-is-layout-flex\">\n<div class=\"wp-block-column is-layout-flow wp-block-column-is-layout-flow\" style=\"flex-basis:40%\">\n<p class=\"wp-container-content-0733e5d0\">Aper\u00e7u \u2013 Texte<\/p>\n<\/div>\n\n\n\n<div class=\"wp-block-column is-layout-flow wp-block-column-is-layout-flow\" style=\"flex-basis:60%\"><\/div>\n<\/div>\n<\/div>\n\n\n\n<div class=\"wp-block-group alignfull has-global-padding is-layout-constrained wp-container-core-group-is-layout-9918d064 wp-block-group-is-layout-constrained\" style=\"margin-top:0;margin-bottom:0;padding-top:var(--wp--preset--spacing--50);padding-right:var(--wp--preset--spacing--60);padding-bottom:var(--wp--preset--spacing--50);padding-left:var(--wp--preset--spacing--60)\">\n<div class=\"wp-block-group alignwide has-global-padding is-layout-constrained wp-block-group-is-layout-constrained\">\n<div class=\"wp-block-columns alignwide are-vertically-aligned-center has-base-2-background-color has-background is-layout-flex wp-container-core-columns-is-layout-47c06fe3 wp-block-columns-is-layout-flex\">\n<div class=\"wp-block-column is-vertically-aligned-center is-layout-flow wp-block-column-is-layout-flow\" style=\"flex-basis:50%\">\n<figure class=\"wp-block-image size-full is-resized is-style-rounded is-style-rounded--3\"><img decoding=\"async\" src=\"https:\/\/gh.bs-kronach.de\/wp-content\/uploads\/2026\/03\/ShellyProdukte-SmartBoard.jpg\" alt=\"\" class=\"wp-image-907\" style=\"aspect-ratio:1.3333333333333333;object-fit:cover;width:527px;height:auto\"\/><\/figure>\n<\/div>\n\n\n\n<div class=\"wp-block-column is-vertically-aligned-center is-layout-flow wp-block-column-is-layout-flow\" style=\"flex-basis:50%\">\n<h2 class=\"wp-block-heading has-accent-3-color has-text-color has-link-color wp-elements-43e529008f026bf867d04661913772c0\" id=\"Shelly\">Composants Shelly<\/h2>\n\n\n\n<ul style=\"line-height:1.75\" class=\"wp-block-list is-style-checkmark-list\">\n<li>Description<\/li>\n\n\n\n<li>Utilisation dans le projet<\/li>\n\n\n\n<li>Aides \u00e0 l'apprentissage<\/li>\n<\/ul>\n\n\n\n<div class=\"wp-block-buttons is-layout-flex wp-block-buttons-is-layout-flex\">\n<div class=\"wp-block-button\"><a class=\"wp-block-button__link wp-element-button\">T\u00e9l\u00e9charger l'application<\/a><\/div>\n\n\n\n<div class=\"wp-block-button is-style-outline is-style-outline--4\"><a class=\"wp-block-button__link wp-element-button\">Voici comment cela fonctionne<\/a><\/div>\n<\/div>\n<\/div>\n<\/div>\n<\/div>\n\n\n\n<div class=\"wp-block-cover alignwide is-light\" style=\"min-height:496px;aspect-ratio:unset;\"><span aria-hidden=\"true\" class=\"wp-block-cover__background has-background-dim-100 has-background-dim\" style=\"background-color:#ffffff\"><\/span><div class=\"wp-block-cover__inner-container is-layout-flow wp-block-cover-is-layout-flow\">\n<div class=\"wp-block-columns alignwide are-vertically-aligned-center is-layout-flex wp-container-core-columns-is-layout-28f84493 wp-block-columns-is-layout-flex\">\n<div class=\"wp-block-column is-layout-flow wp-block-column-is-layout-flow\" style=\"flex-basis:24.16%\">\n<figure class=\"wp-block-image size-full is-resized has-custom-border\"><img decoding=\"async\" src=\"https:\/\/gh.bs-kronach.de\/wp-content\/uploads\/2026\/03\/Shelly1Gen3-SmartBOARD.jpg\" alt=\"\" class=\"wp-image-903\" style=\"border-top-left-radius:30px;border-top-right-radius:30px;border-bottom-left-radius:30px;border-bottom-right-radius:30px;aspect-ratio:1;object-fit:cover;width:300px\"\/><\/figure>\n<\/div>\n\n\n\n<div class=\"wp-block-column is-layout-flow wp-block-column-is-layout-flow\" style=\"flex-basis:42.51%\">\n<h2 class=\"wp-block-heading has-accent-2-color has-text-color\" style=\"font-size:clamp(20px, 1.25rem + ((1vw - 3.2px) * 1.25), 32px);\"><strong>Shelly 1 Gen3 <\/strong><\/h2>\n\n\n\n<div data-wp-context=\"{ &quot;autoclose&quot;: false, &quot;accordionItems&quot;: [] }\" data-wp-interactive=\"core\/accordion\" role=\"group\" class=\"wp-block-accordion is-layout-flow wp-block-accordion-is-layout-flow\">\n<div data-wp-class--is-open=\"state.isOpen\" data-wp-context=\"{ &quot;id&quot;: &quot;accordion-item-5&quot;, &quot;openByDefault&quot;: false }\" data-wp-init=\"callbacks.initAccordionItems\" data-wp-on-window--hashchange=\"callbacks.hashChange\" class=\"wp-block-accordion-item is-layout-flow wp-block-accordion-item-is-layout-flow\">\n<h3 class=\"wp-block-accordion-heading has-medium-font-size\"><button aria-expanded=\"false\" aria-controls=\"accordion-item-5-panel\" data-wp-bind--aria-expanded=\"state.isOpen\" data-wp-on--click=\"actions.toggle\" data-wp-on--keydown=\"actions.handleKeyDown\" id=\"accordion-item-5\" type=\"button\" class=\"wp-block-accordion-heading__toggle\"><span class=\"wp-block-accordion-heading__toggle-icon\" aria-hidden=\"true\">+<\/span><span class=\"wp-block-accordion-heading__toggle-title\"><strong><strong>Interrupteur relais command\u00e9 par WiFi, 1 canal 16A. Sans potentiel<\/strong><\/strong><\/span><\/button><\/h3>\n\n\n\n<div inert aria-labelledby=\"accordion-item-5\" data-wp-bind--inert=\"!state.isOpen\" id=\"accordion-item-5-panel\" role=\"region\" class=\"wp-block-accordion-panel is-layout-flow wp-block-accordion-panel-is-layout-flow\">\n<p>Le Shelly 1 Gen3 est un interrupteur intelligent de nouvelle g\u00e9n\u00e9ration avec des contacts potentiellement libres. Vous pouvez contr\u00f4ler \u00e0 distance une vari\u00e9t\u00e9 d'appareils m\u00e9nagers et de bureau depuis n'importe o\u00f9. Modernisez vos bo\u00eetiers d'interrupteurs standard, vos prises et vos interrupteurs d'\u00e9clairage, ou tout autre appareil avec un espace limit\u00e9.<\/p>\n\n\n\n<p>Fonctionnement Wi-Fi \u2013 Se connecte \u00e0 votre r\u00e9seau Wi-Fi. Aucun HUB requis !<br>Bluetooth \u2013 Ajoutez rapidement et facilement des appareils via une connexion Bluetooth avec l'application Shelly Cloud<\/p>\n\n\n\n<p>Contacts \u00e0 potentiel pr\u00e8s \u2013 Option pour la commande de contacteur<br>Performances am\u00e9lior\u00e9es \u2013 ESP Shelly-C38F avec 8 Mo de m\u00e9moire accrue<br>Dur\u00e9e de vie plus longue des bornes (d\u00e9sormais jusqu'\u00e0 2,5 mm\u00b2)<br>Haute s\u00e9curit\u00e9<br>Rallonge de port\u00e9e WLAN et passerelle Bluetooth<br>Support, scripting, webhooks, MQTT, WebSocket, HTTPS, UDP, TLS et certificats personnalis\u00e9s<br>Aucun HUB requis ! Contr\u00f4le simple via l'application Shelly Smart Control, plusieurs protocoles d'automatisation de la maison, plateformes et assistants vocaux.<\/p>\n\n\n\n<p><\/p>\n<\/div>\n<\/div>\n<\/div>\n\n\n\n<div class=\"wp-block-buttons is-layout-flex wp-block-buttons-is-layout-flex\">\n<div class=\"wp-block-button is-style-fill\"><a class=\"wp-block-button__link wp-element-button\" href=\"https:\/\/shellyparts.de\/products\/shelly-1-gen3\" target=\"_blank\" rel=\"noreferrer noopener\">En savoir plus<\/a><\/div>\n<\/div>\n<\/div>\n\n\n\n<div class=\"wp-block-column is-layout-flow wp-block-column-is-layout-flow\" style=\"padding-top:0;padding-right:var(--wp--preset--spacing--30);padding-bottom:0;padding-left:var(--wp--preset--spacing--30);flex-basis:33.33%\">\n<p class=\"has-contrast-2-color has-text-color has-link-color has-small-font-size wp-elements-f5c599754a94f907dd5382d9d4798d94\">Vid\u00e9o d'installation<\/p>\n\n\n\n<figure class=\"wp-block-embed alignleft is-type-video is-provider-youtube wp-block-embed-youtube wp-embed-aspect-16-9 wp-has-aspect-ratio\" style=\"margin-right:0;margin-left:0\"><div class=\"wp-block-embed__wrapper\">\n<iframe title=\"Shelly 1 GEN3 - Vid\u00e9o d&#039;installation (DE)\" width=\"500\" height=\"281\" src=\"https:\/\/www.youtube.com\/embed\/ZvuFvgW8qZc?feature=oembed\" frameborder=\"0\" allow=\"accelerometer; autoplay; clipboard-write; encrypted-media; gyroscope; picture-in-picture; web-share\" referrerpolicy=\"strict-origin-when-cross-origin\" allowfullscreen><\/iframe>\n<\/div><\/figure>\n<\/div>\n<\/div>\n\n\n\n<div class=\"wp-block-columns alignwide is-layout-flex wp-container-core-columns-is-layout-28f84493 wp-block-columns-is-layout-flex\">\n<div class=\"wp-block-column is-layout-flow wp-block-column-is-layout-flow\" style=\"flex-basis:24.16%\">\n<figure class=\"wp-block-image size-full is-resized has-custom-border\"><img decoding=\"async\" src=\"https:\/\/gh.bs-kronach.de\/wp-content\/uploads\/2026\/03\/Shelly2PMGen3-SmartBOARD.jpg\" alt=\"\" class=\"wp-image-904\" style=\"border-top-left-radius:30px;border-top-right-radius:30px;border-bottom-left-radius:30px;border-bottom-right-radius:30px;aspect-ratio:1;object-fit:cover;width:300px\"\/><\/figure>\n<\/div>\n\n\n\n<div class=\"wp-block-column is-layout-flow wp-block-column-is-layout-flow\" style=\"flex-basis:42.51%\">\n<h2 class=\"wp-block-heading has-accent-2-color has-text-color\" style=\"font-size:clamp(20px, 1.25rem + ((1vw - 3.2px) * 1.25), 32px);\"><strong>Shelly 2PM Gen3 <\/strong><\/h2>\n\n\n\n<div data-wp-context=\"{ &quot;autoclose&quot;: false, &quot;accordionItems&quot;: [] }\" data-wp-interactive=\"core\/accordion\" role=\"group\" class=\"wp-block-accordion is-layout-flow wp-block-accordion-is-layout-flow\">\n<div data-wp-class--is-open=\"state.isOpen\" data-wp-context=\"{ &quot;id&quot;: &quot;accordion-item-6&quot;, &quot;openByDefault&quot;: false }\" data-wp-init=\"callbacks.initAccordionItems\" data-wp-on-window--hashchange=\"callbacks.hashChange\" class=\"wp-block-accordion-item is-layout-flow wp-block-accordion-item-is-layout-flow\">\n<h3 class=\"wp-block-accordion-heading has-medium-font-size\"><button aria-expanded=\"false\" aria-controls=\"accordion-item-6-panel\" data-wp-bind--aria-expanded=\"state.isOpen\" data-wp-on--click=\"actions.toggle\" data-wp-on--keydown=\"actions.handleKeyDown\" id=\"accordion-item-6\" type=\"button\" class=\"wp-block-accordion-heading__toggle\"><span class=\"wp-block-accordion-heading__toggle-icon\" aria-hidden=\"true\">+<\/span><span class=\"wp-block-accordion-heading__toggle-title\"><strong><strong>Relais Wi-Fi 2 canaux avec mesure de puissance, contr\u00f4le de volets roulants et de stores v\u00e9nitiens<\/strong><\/strong><\/span><\/button><\/h3>\n\n\n\n<div inert aria-labelledby=\"accordion-item-6\" data-wp-bind--inert=\"!state.isOpen\" id=\"accordion-item-6-panel\" role=\"region\" class=\"wp-block-accordion-panel is-layout-flow wp-block-accordion-panel-is-layout-flow\">\n<p>Shelly Plus 2PM est un relais intelligent monophas\u00e9, bi-canal de derni\u00e8re g\u00e9n\u00e9ration, supportant jusqu'\u00e0 10A par canal et 16A de courant total (18A en pointe). Il est \u00e9quip\u00e9 de deux mesureurs de puissance pour chaque canal et d'une fonction de protection contre les surintensit\u00e9s pour limiter votre consommation d'\u00e9nergie. La fonction de contr\u00f4le des volets roulants permet de commander et de surveiller des volets roulants, des stores v\u00e9nitiens, des rideaux, des portails ou d'autres moteurs CA bidirectionnels.<\/p>\n\n\n\n<p>Fonctionnement Wi-Fi \u2013 Se connecte \u00e0 votre r\u00e9seau Wi-Fi. Aucun HUB requis !<br>Bluetooth \u2013 Ajoutez des appareils rapidement et facilement via une connexion Bluetooth avec l'application Shelly Cloud<\/p>\n\n\n\n<p>Deux canaux sur la m\u00eame phase<br>Mesure de performance sur chaque canal<br>Contr\u00f4le de volets roulants \u2013 Automatisez et adaptez la position des volets roulants, stores v\u00e9nitiens, portails, rideaux, auvents, portes coulissantes et autres moteurs bidirectionnels<br>Contr\u00f4le de l'angle des lamelles \u2013 Utilisez l'interrupteur de vos stores pour contr\u00f4ler la position d'inclinaison (angle) des lamelles afin de r\u00e9gler la quantit\u00e9 de lumi\u00e8re qui p\u00e9n\u00e8tre dans une pi\u00e8ce.<\/p>\n<\/div>\n<\/div>\n<\/div>\n\n\n\n<div class=\"wp-block-buttons is-layout-flex wp-block-buttons-is-layout-flex\">\n<div class=\"wp-block-button is-style-fill\"><a class=\"wp-block-button__link wp-element-button\" href=\"https:\/\/shellyparts.de\/products\/shelly-2pm-gen3\" target=\"_blank\" rel=\"noreferrer noopener\">En savoir plus<\/a><\/div>\n<\/div>\n<\/div>\n\n\n\n<div class=\"wp-block-column is-layout-flow wp-block-column-is-layout-flow\" style=\"padding-top:0;padding-right:var(--wp--preset--spacing--30);padding-bottom:0;padding-left:var(--wp--preset--spacing--30);flex-basis:33.33%\">\n<p class=\"has-contrast-2-color has-text-color has-link-color has-small-font-size wp-elements-f5c599754a94f907dd5382d9d4798d94\">Vid\u00e9o d'installation<\/p>\n\n\n\n<figure class=\"wp-block-embed alignleft is-type-video is-provider-youtube wp-block-embed-youtube wp-embed-aspect-16-9 wp-has-aspect-ratio\" style=\"margin-right:0;margin-left:0\"><div class=\"wp-block-embed__wrapper\">\n<iframe title=\"Shelly 2PM GEN3 - Vid\u00e9o d&#039;installation - Cas d&#039;utilisation pour volets roulants\/stores (FR)\" width=\"500\" height=\"281\" src=\"https:\/\/www.youtube.com\/embed\/iqdY0nvicgU?feature=oembed\" frameborder=\"0\" allow=\"accelerometer; autoplay; clipboard-write; encrypted-media; gyroscope; picture-in-picture; web-share\" referrerpolicy=\"strict-origin-when-cross-origin\" allowfullscreen><\/iframe>\n<\/div><\/figure>\n<\/div>\n<\/div>\n\n\n\n<div class=\"wp-block-columns alignwide are-vertically-aligned-center is-layout-flex wp-container-core-columns-is-layout-28f84493 wp-block-columns-is-layout-flex\">\n<div class=\"wp-block-column is-layout-flow wp-block-column-is-layout-flow\" style=\"flex-basis:24.16%\">\n<figure class=\"wp-block-image size-full is-resized has-custom-border\"><img decoding=\"async\" src=\"https:\/\/gh.bs-kronach.de\/wp-content\/uploads\/2026\/03\/ShellyPlusAddon.jpg\" alt=\"\" class=\"wp-image-905\" style=\"border-top-left-radius:30px;border-top-right-radius:30px;border-bottom-left-radius:30px;border-bottom-right-radius:30px;aspect-ratio:1;object-fit:cover;width:300px\"\/><\/figure>\n<\/div>\n\n\n\n<div class=\"wp-block-column is-layout-flow wp-block-column-is-layout-flow\" style=\"flex-basis:42.51%\">\n<h2 class=\"wp-block-heading has-accent-2-color has-text-color\" style=\"font-size:clamp(20px, 1.25rem + ((1vw - 3.2px) * 1.25), 32px);\"><strong>Shelly Plus Extension <\/strong><\/h2>\n\n\n\n<div data-wp-context=\"{ &quot;autoclose&quot;: false, &quot;accordionItems&quot;: [] }\" data-wp-interactive=\"core\/accordion\" role=\"group\" class=\"wp-block-accordion is-layout-flow wp-block-accordion-is-layout-flow\">\n<div data-wp-class--is-open=\"state.isOpen\" data-wp-context=\"{ &quot;id&quot;: &quot;accordion-item-7&quot;, &quot;openByDefault&quot;: false }\" data-wp-init=\"callbacks.initAccordionItems\" data-wp-on-window--hashchange=\"callbacks.hashChange\" class=\"wp-block-accordion-item is-layout-flow wp-block-accordion-item-is-layout-flow\">\n<h3 class=\"wp-block-accordion-heading has-medium-font-size\"><button aria-expanded=\"false\" aria-controls=\"accordion-item-7-panel\" data-wp-bind--aria-expanded=\"state.isOpen\" data-wp-on--click=\"actions.toggle\" data-wp-on--keydown=\"actions.handleKeyDown\" id=\"accordion-item-7\" type=\"button\" class=\"wp-block-accordion-heading__toggle\"><span class=\"wp-block-accordion-heading__toggle-icon\" aria-hidden=\"true\">+<\/span><span class=\"wp-block-accordion-heading__toggle-title\"><strong>Module \u00e0 enficher sur les Shelly des s\u00e9ries PLUS et GEN3\/4.<\/strong><\/span><\/button><\/h3>\n\n\n\n<div inert aria-labelledby=\"accordion-item-7\" data-wp-bind--inert=\"!state.isOpen\" id=\"accordion-item-7-panel\" role=\"region\" class=\"wp-block-accordion-panel is-layout-flow wp-block-accordion-panel-is-layout-flow\">\n<p>Les fonctionnalit\u00e9s de votre Shelly seront encore une fois consid\u00e9rablement \u00e9tendues gr\u00e2ce au nouveau Plus Add-on, ouvrant ainsi de nombreuses nouvelles possibilit\u00e9s (par exemple, la surveillance et le contr\u00f4le des temp\u00e9ratures de chauffage, l'indication de l'\u00e9tat des portes de garage, et bien plus encore).<\/p>\n<\/div>\n<\/div>\n<\/div>\n\n\n\n<div class=\"wp-block-buttons is-layout-flex wp-block-buttons-is-layout-flex\">\n<div class=\"wp-block-button is-style-fill\"><a class=\"wp-block-button__link wp-element-button\" href=\"https:\/\/shellyparts.de\/products\/shelly-plus-addon\" target=\"_blank\" rel=\"noreferrer noopener\">En savoir plus<\/a><\/div>\n<\/div>\n<\/div>\n\n\n\n<div class=\"wp-block-column is-layout-flow wp-block-column-is-layout-flow\" style=\"padding-top:0;padding-right:var(--wp--preset--spacing--30);padding-bottom:0;padding-left:var(--wp--preset--spacing--30);flex-basis:33.33%\">\n<p class=\"has-contrast-2-color has-text-color has-link-color has-small-font-size wp-elements-f5c599754a94f907dd5382d9d4798d94\">Vid\u00e9o d'installation<\/p>\n\n\n\n<figure class=\"wp-block-embed alignleft is-type-video is-provider-youtube wp-block-embed-youtube wp-embed-aspect-16-9 wp-has-aspect-ratio\" style=\"margin-right:0;margin-left:0\"><div class=\"wp-block-embed__wrapper\">\n<iframe title=\"Shelly Plus Add-on - Vid\u00e9o d&#039;installation (DE) - Avec capteur de temp\u00e9rature DS18B20\" width=\"500\" height=\"281\" src=\"https:\/\/www.youtube.com\/embed\/XRiF6dmrKhQ?feature=oembed\" frameborder=\"0\" allow=\"accelerometer; autoplay; clipboard-write; encrypted-media; gyroscope; picture-in-picture; web-share\" referrerpolicy=\"strict-origin-when-cross-origin\" allowfullscreen><\/iframe>\n<\/div><\/figure>\n<\/div>\n<\/div>\n<\/div><\/div>\n\n\n\n<div class=\"wp-block-group alignwide has-accent-background-color has-background has-global-padding is-layout-constrained wp-container-core-group-is-layout-669513ed wp-block-group-is-layout-constrained\" style=\"margin-top:0;margin-bottom:0;padding-top:var(--wp--preset--spacing--50);padding-right:var(--wp--preset--spacing--50);padding-bottom:var(--wp--preset--spacing--50);padding-left:var(--wp--preset--spacing--50)\">\n<h2 class=\"wp-block-heading alignwide has-accent-3-color has-text-color has-link-color wp-elements-3f4de3f90c9b9e759d457cca16fb2b41\">C\u00e2blage<\/h2>\n\n\n\n<figure class=\"wp-block-image alignwide size-large is-style-rounded is-style-rounded--8\"><img decoding=\"async\" src=\"https:\/\/gh.bs-kronach.de\/wp-content\/uploads\/2026\/03\/Oberseite_SmartBOARD-1024x568.jpg\" alt=\"\" class=\"wp-image-897\"\/><\/figure>\n\n\n\n<div class=\"wp-block-columns alignwide is-layout-flex wp-container-core-columns-is-layout-28f84493 wp-block-columns-is-layout-flex\">\n<div class=\"wp-block-column is-layout-flow wp-block-column-is-layout-flow\" style=\"flex-basis:40%\">\n<p class=\"wp-container-content-0733e5d0\">Aper\u00e7u \u2013 Texte<\/p>\n<\/div>\n\n\n\n<div class=\"wp-block-column is-layout-flow wp-block-column-is-layout-flow\" style=\"flex-basis:60%\"><\/div>\n<\/div>\n<\/div>\n\n\n\n<p><\/p>\n<\/div>","protected":false},"excerpt":{"rendered":"<p>Das SmartBOARD Inhaltsverzeichnis Oberseite \u00dcbersicht &#8211; Text Shelly Components Verdrahtung \u00dcbersicht &#8211; Text<\/p>","protected":false},"author":2,"featured_media":0,"parent":0,"menu_order":0,"comment_status":"closed","ping_status":"closed","template":"","meta":{"footnotes":""},"categories":[7],"tags":[],"class_list":["post-36","page","type-page","status-publish","hentry","category-project"],"_links":{"self":[{"href":"https:\/\/gh.bs-kronach.de\/fr\/wp-json\/wp\/v2\/pages\/36","targetHints":{"allow":["GET"]}}],"collection":[{"href":"https:\/\/gh.bs-kronach.de\/fr\/wp-json\/wp\/v2\/pages"}],"about":[{"href":"https:\/\/gh.bs-kronach.de\/fr\/wp-json\/wp\/v2\/types\/page"}],"author":[{"embeddable":true,"href":"https:\/\/gh.bs-kronach.de\/fr\/wp-json\/wp\/v2\/users\/2"}],"replies":[{"embeddable":true,"href":"https:\/\/gh.bs-kronach.de\/fr\/wp-json\/wp\/v2\/comments?post=36"}],"version-history":[{"count":15,"href":"https:\/\/gh.bs-kronach.de\/fr\/wp-json\/wp\/v2\/pages\/36\/revisions"}],"predecessor-version":[{"id":923,"href":"https:\/\/gh.bs-kronach.de\/fr\/wp-json\/wp\/v2\/pages\/36\/revisions\/923"}],"wp:attachment":[{"href":"https:\/\/gh.bs-kronach.de\/fr\/wp-json\/wp\/v2\/media?parent=36"}],"wp:term":[{"taxonomy":"category","embeddable":true,"href":"https:\/\/gh.bs-kronach.de\/fr\/wp-json\/wp\/v2\/categories?post=36"},{"taxonomy":"post_tag","embeddable":true,"href":"https:\/\/gh.bs-kronach.de\/fr\/wp-json\/wp\/v2\/tags?post=36"}],"curies":[{"name":"wp","href":"https:\/\/api.w.org\/{rel}","templated":true}]}}