{"id":38,"date":"2025-10-26T14:48:10","date_gmt":"2025-10-26T13:48:10","guid":{"rendered":"https:\/\/gh.bs-kronach.de\/?page_id=38"},"modified":"2026-04-13T16:53:26","modified_gmt":"2026-04-13T14:53:26","slug":"shelly","status":"publish","type":"page","link":"https:\/\/gh.bs-kronach.de\/fr\/shelly\/","title":{"rendered":"Shelly"},"content":{"rendered":"<div class=\"wp-block-group alignfull has-accent-background-color has-background has-global-padding is-layout-constrained wp-container-core-group-is-layout-d89aad35 wp-block-group-is-layout-constrained\" style=\"margin-top:0;margin-bottom:0;padding-top:var(--wp--preset--spacing--50);padding-right:var(--wp--preset--spacing--50);padding-bottom:var(--wp--preset--spacing--50);padding-left:var(--wp--preset--spacing--50)\">\n<div class=\"wp-block-columns alignwide are-vertically-aligned-center is-layout-flex wp-container-core-columns-is-layout-47c06fe3 wp-block-columns-is-layout-flex\">\n<div class=\"wp-block-column is-vertically-aligned-center is-layout-flow wp-block-column-is-layout-flow\" style=\"flex-basis:50%\">\n<h2 class=\"wp-block-heading has-accent-3-color has-text-color has-link-color wp-elements-d1ff387bc378190a74159455b5173ab7\">Produits Shelly <\/h2>\n\n\n\n<p>Quelques exemples et leur application :<\/p>\n\n\n\n<ul style=\"line-height:1.75\" class=\"wp-block-list is-style-checkmark-list\">\n<li>Contr\u00f4le de lumi\u00e8re LED avec RVB+blanc <\/li>\n\n\n\n<li>Verbrauchsmessung mit Shelly<\/li>\n\n\n\n<li>Unterschiede Shelly 1,2 und PM.<\/li>\n\n\n\n<li>Was kann ein Shelly Mini?<\/li>\n<\/ul>\n<\/div>\n\n\n\n<div class=\"wp-block-column is-vertically-aligned-center is-layout-flow wp-block-column-is-layout-flow\" style=\"flex-basis:50%\">\n<figure class=\"wp-block-image size-full is-style-rounded is-style-rounded--1\"><img fetchpriority=\"high\" decoding=\"async\" width=\"1150\" height=\"2560\" src=\"https:\/\/gh.bs-kronach.de\/wp-content\/uploads\/2026\/04\/IMG_20251024_113543-scaled.jpg\" alt=\"\" class=\"wp-image-1167\" style=\"aspect-ratio:4\/3;object-fit:cover\" srcset=\"https:\/\/gh.bs-kronach.de\/wp-content\/uploads\/2026\/04\/IMG_20251024_113543-scaled.jpg 1150w, https:\/\/gh.bs-kronach.de\/wp-content\/uploads\/2026\/04\/IMG_20251024_113543-135x300.jpg 135w, https:\/\/gh.bs-kronach.de\/wp-content\/uploads\/2026\/04\/IMG_20251024_113543-460x1024.jpg 460w, https:\/\/gh.bs-kronach.de\/wp-content\/uploads\/2026\/04\/IMG_20251024_113543-768x1710.jpg 768w, https:\/\/gh.bs-kronach.de\/wp-content\/uploads\/2026\/04\/IMG_20251024_113543-690x1536.jpg 690w, https:\/\/gh.bs-kronach.de\/wp-content\/uploads\/2026\/04\/IMG_20251024_113543-920x2048.jpg 920w, https:\/\/gh.bs-kronach.de\/wp-content\/uploads\/2026\/04\/IMG_20251024_113543-5x12.jpg 5w\" sizes=\"(max-width: 1150px) 100vw, 1150px\" \/><\/figure>\n<\/div>\n<\/div>\n<\/div>\n\n\n\n<div class=\"wp-block-group alignfull has-base-background-color has-background has-global-padding is-layout-constrained wp-container-core-group-is-layout-d89aad35 wp-block-group-is-layout-constrained\" style=\"margin-top:0;margin-bottom:0;padding-top:var(--wp--preset--spacing--50);padding-right:var(--wp--preset--spacing--50);padding-bottom:var(--wp--preset--spacing--50);padding-left:var(--wp--preset--spacing--50)\">\n<div class=\"wp-block-columns alignwide is-layout-flex wp-container-core-columns-is-layout-1da03c2a wp-block-columns-is-layout-flex\">\n<div class=\"wp-block-column is-vertically-aligned-center is-layout-flow wp-block-column-is-layout-flow\" style=\"flex-basis:50%\">\n<figure class=\"wp-block-image size-full is-style-rounded wp-duotone-unset-3 is-style-rounded--2\"><img decoding=\"async\" width=\"1200\" height=\"900\" src=\"https:\/\/gh.bs-kronach.de\/wp-content\/uploads\/2026\/04\/ShellyRGBW1.jpg\" alt=\"\" class=\"wp-image-1172\" style=\"aspect-ratio:4\/3;object-fit:cover\" srcset=\"https:\/\/gh.bs-kronach.de\/wp-content\/uploads\/2026\/04\/ShellyRGBW1.jpg 1200w, https:\/\/gh.bs-kronach.de\/wp-content\/uploads\/2026\/04\/ShellyRGBW1-300x225.jpg 300w, https:\/\/gh.bs-kronach.de\/wp-content\/uploads\/2026\/04\/ShellyRGBW1-1024x768.jpg 1024w, https:\/\/gh.bs-kronach.de\/wp-content\/uploads\/2026\/04\/ShellyRGBW1-768x576.jpg 768w, https:\/\/gh.bs-kronach.de\/wp-content\/uploads\/2026\/04\/ShellyRGBW1-16x12.jpg 16w\" sizes=\"(max-width: 1200px) 100vw, 1200px\" \/><\/figure>\n<\/div>\n\n\n\n<div class=\"wp-block-column is-layout-flow wp-block-column-is-layout-flow\" style=\"flex-basis:40%\">\n<h2 class=\"wp-block-heading has-accent-3-color has-text-color has-link-color wp-elements-1b9dbeb1e17296e8b024d04cfb101591\">LED\u2011Magie per Fingertipp<\/h2>\n\n\n\n<p>Der Shelly RGBW2 steuert RGB- und RGBW\u2011LED\u2011Streifen direkt \u00fcber WLAN. Farben, Helligkeit und Effekte lassen sich per App oder Smart\u2011Home\u2011System flexibel anpassen \u2013 ganz ohne zus\u00e4tzliche Bridge. Ideal f\u00fcr einfache, vielseitige Lichtinstallationen.<\/p>\n\n\n\n<div class=\"wp-block-buttons is-layout-flex wp-block-buttons-is-layout-flex\">\n<div class=\"wp-block-button\"><a class=\"wp-block-button__link wp-element-button\" href=\"https:\/\/gh.bs-kronach.de\/fr\/e-technik1b\/\">en savoir plus\u2026<\/a><\/div>\n<\/div>\n<\/div>\n<\/div>\n<\/div>\n\n\n\n<div class=\"wp-block-group alignfull has-accent-5-background-color has-background has-global-padding is-layout-constrained wp-container-core-group-is-layout-d89aad35 wp-block-group-is-layout-constrained\" style=\"margin-top:0;margin-bottom:0;padding-top:var(--wp--preset--spacing--50);padding-right:var(--wp--preset--spacing--50);padding-bottom:var(--wp--preset--spacing--50);padding-left:var(--wp--preset--spacing--50)\">\n<div class=\"wp-block-columns alignwide is-layout-flex wp-container-core-columns-is-layout-1da03c2a wp-block-columns-is-layout-flex\">\n<div class=\"wp-block-column is-layout-flow wp-block-column-is-layout-flow\" style=\"flex-basis:50%\">\n<h2 class=\"wp-block-heading has-accent-3-color has-text-color has-link-color wp-elements-e75b21a95500f22294145eddc06d70bf\">Vergleich: Shelly 1, 2 und PM<\/h2>\n\n\n\n<p>Wo liegen die Unterschiede zwischen Shelly 1, Shelly 2 und PM Modulen?<\/p>\n\n\n\n<div class=\"wp-block-buttons is-layout-flex wp-block-buttons-is-layout-flex\">\n<div class=\"wp-block-button\"><a class=\"wp-block-button__link has-base-color has-text-color has-link-color wp-element-button\" href=\"https:\/\/gh.bs-kronach.de\/fr\/elektrotechnik2\/\">en savoir plus\u2026<\/a><\/div>\n<\/div>\n<\/div>\n\n\n\n<div class=\"wp-block-column is-vertically-aligned-center is-layout-flow wp-block-column-is-layout-flow\" style=\"flex-basis:60%\">\n<figure class=\"wp-block-image size-full is-style-rounded wp-duotone-unset-5 is-style-rounded--4\"><img decoding=\"async\" width=\"307\" height=\"179\" src=\"https:\/\/gh.bs-kronach.de\/wp-content\/uploads\/2026\/03\/Herunterladen-2.webp\" alt=\"\" class=\"wp-image-554\" style=\"aspect-ratio:1.3333333333333333;object-fit:cover\" srcset=\"https:\/\/gh.bs-kronach.de\/wp-content\/uploads\/2026\/03\/Herunterladen-2.webp 307w, https:\/\/gh.bs-kronach.de\/wp-content\/uploads\/2026\/03\/Herunterladen-2-300x175.webp 300w, https:\/\/gh.bs-kronach.de\/wp-content\/uploads\/2026\/03\/Herunterladen-2-18x10.webp 18w\" sizes=\"(max-width: 307px) 100vw, 307px\" \/><\/figure>\n<\/div>\n<\/div>\n<\/div>\n\n\n\n<div class=\"wp-block-group alignfull has-base-background-color has-background has-global-padding is-layout-constrained wp-container-core-group-is-layout-d89aad35 wp-block-group-is-layout-constrained\" style=\"margin-top:0;margin-bottom:0;padding-top:var(--wp--preset--spacing--50);padding-right:var(--wp--preset--spacing--50);padding-bottom:var(--wp--preset--spacing--50);padding-left:var(--wp--preset--spacing--50)\">\n<div class=\"wp-block-columns alignwide is-layout-flex wp-container-core-columns-is-layout-1da03c2a wp-block-columns-is-layout-flex\">\n<div class=\"wp-block-column is-vertically-aligned-center is-layout-flow wp-block-column-is-layout-flow\">\n<figure class=\"wp-block-image size-large is-style-rounded wp-duotone-unset-7 is-style-rounded--6\"><img decoding=\"async\" src=\"https:\/\/www.pollin.de\/media\/30\/88\/71\/1700627212\/591306-1-shelly-energiemessgeraet-pro-3em-400-a.jpg?ts=1719370356\" alt=\"\" style=\"aspect-ratio:4\/3;object-fit:cover\"\/><\/figure>\n<\/div>\n\n\n\n<div class=\"wp-block-column is-layout-flow wp-block-column-is-layout-flow\" style=\"flex-basis:40%\">\n<h2 class=\"wp-block-heading has-accent-3-color has-text-color has-link-color wp-elements-efa5dc4096f456f04c70a9b027e34570\">Methoden der Verbrauchsmessung<\/h2>\n\n\n\n<p>Shelly\u2011Ger\u00e4te erfassen den Energieverbrauch direkt am angeschlossenen Verbraucher und stellen Leistungs\u2011 sowie Langzeitdaten \u00fcbersichtlich in App und Weboberfl\u00e4che bereit. Dadurch wird transparent, wie viel Energie einzelne Ger\u00e4te oder Installationen tats\u00e4chlich ben\u00f6tigen \u2013 eine einfache Grundlage f\u00fcr fundierte Entscheidungen zur Optimierung des eigenen Energieeinsatzes..<\/p>\n\n\n\n<div class=\"wp-block-buttons is-layout-flex wp-block-buttons-is-layout-flex\">\n<div class=\"wp-block-button\"><a class=\"wp-block-button__link wp-element-button\" href=\"https:\/\/gh.bs-kronach.de\/fr\/e-technik1b\/\">en savoir plus\u2026<\/a><\/div>\n<\/div>\n<\/div>\n<\/div>\n<\/div>\n\n\n\n<div class=\"wp-block-group alignfull has-accent-5-background-color has-background has-global-padding is-layout-constrained wp-container-core-group-is-layout-d89aad35 wp-block-group-is-layout-constrained\" style=\"margin-top:0;margin-bottom:0;padding-top:var(--wp--preset--spacing--50);padding-right:var(--wp--preset--spacing--50);padding-bottom:var(--wp--preset--spacing--50);padding-left:var(--wp--preset--spacing--50)\">\n<div class=\"wp-block-columns alignwide is-layout-flex wp-container-core-columns-is-layout-1da03c2a wp-block-columns-is-layout-flex\">\n<div class=\"wp-block-column is-layout-flow wp-block-column-is-layout-flow\" style=\"flex-basis:50%\">\n<h2 class=\"wp-block-heading has-accent-3-color has-text-color has-link-color wp-elements-07dc931992e37810ba033a5858b2fc46\">Was k\u00f6nnen die &#8222;Mini&#8220; ?<\/h2>\n\n\n\n<p>Die Shelly\u2011Mini\u2011Module bieten die Funktionen der klassischen Shelly\u2011Relais in deutlich kleinerer Bauform. Sie passen auch in enge Unterputzdosen, arbeiten \u00fcber WLAN ohne zus\u00e4tzliche Zentrale und erm\u00f6glichen eine flexible Nachr\u00fcstung f\u00fcr Schalten, Messen oder Automatisieren im Smart Home.<\/p>\n\n\n\n<div class=\"wp-block-buttons is-layout-flex wp-block-buttons-is-layout-flex\">\n<div class=\"wp-block-button\"><a class=\"wp-block-button__link has-base-color has-text-color has-link-color wp-element-button\" href=\"https:\/\/gh.bs-kronach.de\/fr\/team-shelly-budne\/\">en savoir plus\u2026<\/a><\/div>\n<\/div>\n<\/div>\n\n\n\n<div class=\"wp-block-column is-vertically-aligned-center is-layout-flow wp-block-column-is-layout-flow\" style=\"flex-basis:60%\">\n<figure class=\"wp-block-image size-full is-style-rounded wp-duotone-unset-9 is-style-rounded--8\"><img loading=\"lazy\" decoding=\"async\" width=\"658\" height=\"568\" src=\"https:\/\/gh.bs-kronach.de\/wp-content\/uploads\/2026\/04\/shelly_mini.jpg\" alt=\"\" class=\"wp-image-1194\" style=\"aspect-ratio:1.3333333333333333;object-fit:cover\" srcset=\"https:\/\/gh.bs-kronach.de\/wp-content\/uploads\/2026\/04\/shelly_mini.jpg 658w, https:\/\/gh.bs-kronach.de\/wp-content\/uploads\/2026\/04\/shelly_mini-300x259.jpg 300w, https:\/\/gh.bs-kronach.de\/wp-content\/uploads\/2026\/04\/shelly_mini-14x12.jpg 14w\" sizes=\"(max-width: 658px) 100vw, 658px\" \/><\/figure>\n<\/div>\n<\/div>\n<\/div>\n\n\n\n<div class=\"wp-block-group alignfull has-base-background-color has-background has-global-padding is-layout-constrained wp-container-core-group-is-layout-d89aad35 wp-block-group-is-layout-constrained\" style=\"margin-top:0;margin-bottom:0;padding-top:var(--wp--preset--spacing--50);padding-right:var(--wp--preset--spacing--50);padding-bottom:var(--wp--preset--spacing--50);padding-left:var(--wp--preset--spacing--50)\">\n<div class=\"wp-block-columns alignwide is-layout-flex wp-container-core-columns-is-layout-1da03c2a wp-block-columns-is-layout-flex\">\n<div class=\"wp-block-column is-vertically-aligned-center is-layout-flow wp-block-column-is-layout-flow\">\n<figure class=\"wp-block-image size-full is-style-rounded wp-duotone-unset-11 is-style-rounded--10\"><img loading=\"lazy\" decoding=\"async\" width=\"440\" height=\"360\" src=\"https:\/\/gh.bs-kronach.de\/wp-content\/uploads\/2026\/03\/image-17.png\" alt=\"\" class=\"wp-image-601\" style=\"aspect-ratio:4\/3;object-fit:cover\" srcset=\"https:\/\/gh.bs-kronach.de\/wp-content\/uploads\/2026\/03\/image-17.png 440w, https:\/\/gh.bs-kronach.de\/wp-content\/uploads\/2026\/03\/image-17-300x245.png 300w, https:\/\/gh.bs-kronach.de\/wp-content\/uploads\/2026\/03\/image-17-15x12.png 15w\" sizes=\"(max-width: 440px) 100vw, 440px\" \/><\/figure>\n<\/div>\n\n\n\n<div class=\"wp-block-column is-layout-flow wp-block-column-is-layout-flow\" style=\"flex-basis:40%\">\n<h2 class=\"wp-block-heading has-accent-3-color has-text-color has-link-color wp-elements-80c1729ae0dae5d2629d10a276c8de02\">Shelly PLUS Addon versus UNI<\/h2>\n\n\n\n<p>Das <strong>AddOn<\/strong> erweitert andere Shelly\u2011Ger\u00e4te um Sensor\u2011 und Schalteranschl\u00fcsse, funktioniert also nur in Kombination. Das <strong>Uni<\/strong> ist dagegen ein eigenst\u00e4ndiges Modul mit zwei Ausg\u00e4ngen und direkter WLAN\u2011Anbindung \u2013 ideal f\u00fcr flexible Projekte ohne Basisger\u00e4t.<\/p>\n\n\n\n<div class=\"wp-block-buttons is-layout-flex wp-block-buttons-is-layout-flex\">\n<div class=\"wp-block-button\"><a class=\"wp-block-button__link wp-element-button\" href=\"https:\/\/gh.bs-kronach.de\/fr\/team-daha\/\">en savoir plus\u2026<\/a><\/div>\n<\/div>\n<\/div>\n<\/div>\n<\/div>","protected":false},"excerpt":{"rendered":"<p>Shelly Produkte Einige Beispiele und deren Anwendung: LED\u2011Magie per Fingertipp Der Shelly RGBW2 steuert RGB- und RGBW\u2011LED\u2011Streifen direkt \u00fcber WLAN. Farben, Helligkeit und Effekte lassen sich per App oder Smart\u2011Home\u2011System flexibel anpassen \u2013 ganz ohne zus\u00e4tzliche Bridge. Ideal f\u00fcr einfache, vielseitige Lichtinstallationen. Vergleich: Shelly 1, 2 und PM Wo liegen die Unterschiede zwischen Shelly 1, [&hellip;]<\/p>\n","protected":false},"author":2,"featured_media":0,"parent":0,"menu_order":0,"comment_status":"closed","ping_status":"closed","template":"","meta":{"footnotes":""},"categories":[4],"tags":[],"class_list":["post-38","page","type-page","status-publish","hentry","category-teachers"],"_links":{"self":[{"href":"https:\/\/gh.bs-kronach.de\/fr\/wp-json\/wp\/v2\/pages\/38","targetHints":{"allow":["GET"]}}],"collection":[{"href":"https:\/\/gh.bs-kronach.de\/fr\/wp-json\/wp\/v2\/pages"}],"about":[{"href":"https:\/\/gh.bs-kronach.de\/fr\/wp-json\/wp\/v2\/types\/page"}],"author":[{"embeddable":true,"href":"https:\/\/gh.bs-kronach.de\/fr\/wp-json\/wp\/v2\/users\/2"}],"replies":[{"embeddable":true,"href":"https:\/\/gh.bs-kronach.de\/fr\/wp-json\/wp\/v2\/comments?post=38"}],"version-history":[{"count":18,"href":"https:\/\/gh.bs-kronach.de\/fr\/wp-json\/wp\/v2\/pages\/38\/revisions"}],"predecessor-version":[{"id":1206,"href":"https:\/\/gh.bs-kronach.de\/fr\/wp-json\/wp\/v2\/pages\/38\/revisions\/1206"}],"wp:attachment":[{"href":"https:\/\/gh.bs-kronach.de\/fr\/wp-json\/wp\/v2\/media?parent=38"}],"wp:term":[{"taxonomy":"category","embeddable":true,"href":"https:\/\/gh.bs-kronach.de\/fr\/wp-json\/wp\/v2\/categories?post=38"},{"taxonomy":"post_tag","embeddable":true,"href":"https:\/\/gh.bs-kronach.de\/fr\/wp-json\/wp\/v2\/tags?post=38"}],"curies":[{"name":"wp","href":"https:\/\/api.w.org\/{rel}","templated":true}]}}